{"id":564,"date":"2023-11-27T13:18:36","date_gmt":"2023-11-27T12:18:36","guid":{"rendered":"https:\/\/34.88.231.180\/product\/egg-oat-premium\/"},"modified":"2026-04-01T00:00:45","modified_gmt":"2026-03-31T22:00:45","slug":"egg-oat","status":"publish","type":"product","link":"https:\/\/www.selfprotein.com\/nb\/produkt\/egg-oat\/","title":{"rendered":"Egg &amp; Oat"},"content":{"rendered":"<p><strong>Egg &amp; Oat Premium<\/strong><\/p>\n<p>En kraftig kombinasjon av rent eggehviteprotein og komplekse karbohydrater fra havre, utviklet for deg som \u00f8nsker \u00e5 maksimere muskelvekst, optimalisere restitusjon og ha langvarig energi gjennom hele dagen. Ideell som et komplett m\u00e5ltid eller et funksjonelt mellomm\u00e5ltid.<\/p>\n<p><strong>Hvorfor du vil elske den<\/strong><\/p>\n<ul>\n<li><strong>Muskelvekst og restitusjon<\/strong>: Egghviteproteiner har en h\u00f8y biologisk verdi, noe som er viktig for \u00e5 stimulere og opprettholde muskelmassen.<\/li>\n<li><strong>Langvarig energi<\/strong>: Havre gir komplekse karbohydrater som garanterer en langsom og konstant frigj\u00f8ring av energi gjennom hele dagen.<\/li>\n<li><strong>St\u00f8tte til blodsukkeret<\/strong>: Takket v\u00e6re fiberinnholdet bidrar havre til \u00e5 holde blodsukkerniv\u00e5et stabilt, slik at du unng\u00e5r energisvingninger.<\/li>\n<li><strong>Varig metthetsf\u00f8lelse<\/strong>: en blanding av protein og fiber som hjelper deg med \u00e5 holde appetitten i sjakk, slik at hvert m\u00e5ltid blir mer tilfredsstillende.<\/li>\n<\/ul>\n<p>&nbsp;<\/p>\n<p><strong>Anbefalt dose<\/strong><\/p>\n<p>Ta <strong>1-3 porsjoner daglig<\/strong>, avhengig av dine ern\u00e6ringsmessige behov og ditt generelle proteinbehov.<\/p>\n<p><strong>Merknad<\/strong><\/p>\n<ul>\n<li>Kun for voksne.<\/li>\n<li>Ikke en erstatning for et balansert kosthold og en sunn livsstil.<\/li>\n<li>Ikke overskrid den anbefalte daglige dosen.<\/li>\n<li>R\u00e5df\u00f8r deg med legen din under graviditet eller amming.<\/li>\n<li>Oppbevares p\u00e5 et kj\u00f8lig, t\u00f8rt sted, borte fra direkte lys.<\/li>\n<li>Kan inneholde spor av melk og soya.<\/li>\n<li><strong>Laktosefri<\/strong> og <strong>glutenfri<\/strong>.<\/li>\n<\/ul>\n<p>&nbsp;<\/p>\n<p><strong>Perfekt for: de som er ute etter en kombinasjon av proteiner av h\u00f8y kvalitet og karbohydrater med langsom frigj\u00f8ring for \u00e5 st\u00f8tte muskelvekst og energi gjennom dagen.<\/strong><\/p>","protected":false},"excerpt":{"rendered":"<p>Egg &amp; Oat Premium En kraftig kombinasjon av rent eggehviteprotein og komplekse karbohydrater fra havre, utviklet for deg som \u00f8nsker \u00e5 maksimere muskelvekst, optimalisere restitusjon og ha langvarig energi gjennom hele dagen. Ideell som et komplett m\u00e5ltid eller et funksjonelt mellomm\u00e5ltid. Hvorfor du vil elske det Muskelvekst og restitusjon: eggehviteproteiner har [...]<\/p>","protected":false},"featured_media":8141,"template":"","meta":[],"product_cat":[313,210],"product_tag":[316,223],"class_list":{"0":"post-564","1":"product","2":"type-product","3":"status-publish","4":"has-post-thumbnail","6":"product_cat-protein-snacks-and-fit-food","7":"product_cat-snacks-meal-solutions","8":"product_tag-protein-snacks-fit-food","9":"product_tag-snacks-meal-solutions","11":"first","12":"instock","13":"taxable","14":"shipping-taxable","15":"purchasable","16":"product-type-variable"},"aioseo_notices":[],"_links":{"self":[{"href":"https:\/\/www.selfprotein.com\/nb\/wp-json\/wp\/v2\/product\/564"}],"collection":[{"href":"https:\/\/www.selfprotein.com\/nb\/wp-json\/wp\/v2\/product"}],"about":[{"href":"https:\/\/www.selfprotein.com\/nb\/wp-json\/wp\/v2\/types\/product"}],"wp:featuredmedia":[{"embeddable":true,"href":"https:\/\/www.selfprotein.com\/nb\/wp-json\/wp\/v2\/media\/8141"}],"wp:attachment":[{"href":"https:\/\/www.selfprotein.com\/nb\/wp-json\/wp\/v2\/media?parent=564"}],"wp:term":[{"taxonomy":"product_cat","embeddable":true,"href":"https:\/\/www.selfprotein.com\/nb\/wp-json\/wp\/v2\/product_cat?post=564"},{"taxonomy":"product_tag","embeddable":true,"href":"https:\/\/www.selfprotein.com\/nb\/wp-json\/wp\/v2\/product_tag?post=564"}],"curies":[{"name":"wp","href":"https:\/\/api.w.org\/{rel}","templated":true}]}}