{"id":567,"date":"2024-02-29T08:43:55","date_gmt":"2024-02-29T07:43:55","guid":{"rendered":"https:\/\/34.88.231.180\/?post_type=product&#038;p=567"},"modified":"2026-05-01T00:23:46","modified_gmt":"2026-04-30T22:23:46","slug":"egg-white-isolate","status":"publish","type":"product","link":"https:\/\/www.selfprotein.com\/nb\/produkt\/egg-white-isolate\/","title":{"rendered":"Egg White Isolate"},"content":{"rendered":"<p style=\"text-align: left;\" align=\"center\"><strong><span lang=\"en-US\">Egg White Isolate<\/span><\/strong><\/p>\n<p><span lang=\"en-US\">Egghviteprotein fungerer som en komplett og naturlig proteinkilde. Denne proteinkilden er rik p\u00e5 essensielle aminosyrer som er viktige for biologiske prosesser og muskelstruktur, og den er mye brukt som kosttilskudd. Eggehviteprotein er et verdifullt alternativ for dem som \u00f8nsker \u00e5 oppn\u00e5 muskelvekst, vektkontroll og \u00f8kt metthetsf\u00f8lelse, i tillegg til at det er en laktosefri l\u00f8sning for dem med melkeallergi eller -intoleranse.<\/span><\/p>\n<p><span lang=\"en-US\">Fordeler med Egg White Isolate:<\/span><\/p>\n<ul>\n<li><strong><span lang=\"en-US\">Komplett proteinkilde:<\/span><\/strong><span lang=\"en-US\"> Egghviteprotein inneholder alle essensielle aminosyrer som er n\u00f8dvendige for \u00e5 bygge opp og vedlikeholde muskelmasse, og st\u00f8tter ulike viktige biologiske prosesser i kroppen.<\/span><\/li>\n<li><strong><span lang=\"en-US\">St\u00f8tte til muskelvekst og -reparasjon:<\/span><\/strong><span lang=\"en-US\"> Med sitt rike innhold av aminosyrer er eggehviteprotein en verdifull alliert for idrettsut\u00f8vere og treningsentusiaster som \u00f8nsker \u00e5 fremme muskelvekst og fremskynde reparasjonsprosessen etter trening.<\/span><\/li>\n<li><strong><span lang=\"en-US\">Vektkontroll: <\/span><\/strong><span lang=\"en-US\">N\u00e5r denne proteinkilden brukes som en del av et balansert kosthold, kan den bidra til vektkontroll ved \u00e5 gi en n\u00e6ringskilde som bidrar til \u00e5 opprettholde muskelmassen under vekttap.<\/span><\/li>\n<li><strong><span lang=\"en-US\">Langvarig metthetsf\u00f8lelse:<\/span><\/strong><span lang=\"en-US\"> Egghviteprotein kan bidra til \u00e5 forlenge metthetsf\u00f8lelsen, hjelpe til med \u00e5 kontrollere appetitten og redusere risikoen for un\u00f8dvendig sm\u00e5spising.<\/span><\/li>\n<li><strong><span lang=\"en-US\">Laktosefritt alternativ:<\/span><\/strong><span lang=\"en-US\"> Siden eggehviteprotein er laktosefritt, er det et ideelt alternativ for dem som m\u00e5 unng\u00e5 meieriprodukter p\u00e5 grunn av allergi eller intoleranse.<\/span><\/li>\n<\/ul>\n<p>&nbsp;<\/p>\n<p><strong><span lang=\"en-US\">Anbefalt bruk<\/span><\/strong><\/p>\n<p><span lang=\"en-US\">1 til 3 porsjoner per dag etter behov, med tanke p\u00e5 andre proteinkilder i kostholdet.<\/span><\/p>\n<p>&nbsp;<\/p>\n<p><strong>Merknad:<\/strong><\/p>\n<ul>\n<li>Kun for voksne og erstatter ikke et variert og balansert kosthold og en sunn livsstil.<\/li>\n<li>Ikke overskrid den anbefalte dosen.<\/li>\n<li>Anbefalt daglig dose: Bland 1 skje (ca. 30 g) med 200 ml vann i en shaker.<\/li>\n<li>Ikke bruk det under amming, graviditetsperioder uten \u00e5 konsultere legen.<\/li>\n<li>Oppbevar produktet p\u00e5 et kj\u00f8lig, t\u00f8rt sted i en godt forseglet emballasje utilgjengelig for barn under 3 \u00e5r.<\/li>\n<li>Kan inneholde spor av melk, havre, egg og soya.<\/li>\n<li>Laktosefri og Glutenfri.<\/li>\n<\/ul>","protected":false},"excerpt":{"rendered":"<p>Egghviteisolat Egghviteprotein fungerer som en komplett og naturlig proteinkilde. Denne proteinkilden er rik p\u00e5 essensielle aminosyrer som er viktige for biologiske prosesser og muskelstruktur, og den er mye brukt som kosttilskudd. Eggehviteprotein er et verdifullt alternativ for dem som \u00f8nsker \u00e5 oppn\u00e5 fordeler i form av muskelvekst, vektkontroll og \u00f8kt metthetsf\u00f8lelse, [...].<\/p>","protected":false},"featured_media":15166,"template":"","meta":[],"product_cat":[158,308],"product_tag":[18,318],"class_list":{"0":"post-567","1":"product","2":"type-product","3":"status-publish","4":"has-post-thumbnail","6":"product_cat-proteins","7":"product_cat-strength-and-muscle-mass","8":"product_tag-proteins","9":"product_tag-strength-and-muscle-mass","11":"first","12":"instock","13":"taxable","14":"shipping-taxable","15":"purchasable","16":"product-type-variable"},"aioseo_notices":[],"_links":{"self":[{"href":"https:\/\/www.selfprotein.com\/nb\/wp-json\/wp\/v2\/product\/567"}],"collection":[{"href":"https:\/\/www.selfprotein.com\/nb\/wp-json\/wp\/v2\/product"}],"about":[{"href":"https:\/\/www.selfprotein.com\/nb\/wp-json\/wp\/v2\/types\/product"}],"wp:featuredmedia":[{"embeddable":true,"href":"https:\/\/www.selfprotein.com\/nb\/wp-json\/wp\/v2\/media\/15166"}],"wp:attachment":[{"href":"https:\/\/www.selfprotein.com\/nb\/wp-json\/wp\/v2\/media?parent=567"}],"wp:term":[{"taxonomy":"product_cat","embeddable":true,"href":"https:\/\/www.selfprotein.com\/nb\/wp-json\/wp\/v2\/product_cat?post=567"},{"taxonomy":"product_tag","embeddable":true,"href":"https:\/\/www.selfprotein.com\/nb\/wp-json\/wp\/v2\/product_tag?post=567"}],"curies":[{"name":"wp","href":"https:\/\/api.w.org\/{rel}","templated":true}]}}