{"id":576,"date":"2023-11-27T13:18:58","date_gmt":"2023-11-27T12:18:58","guid":{"rendered":"https:\/\/34.88.231.180\/product\/essential-amino\/"},"modified":"2026-04-01T00:00:15","modified_gmt":"2026-03-31T22:00:15","slug":"essential-amino-acids","status":"publish","type":"product","link":"https:\/\/www.selfprotein.com\/nb\/produkt\/essential-amino-acids\/","title":{"rendered":"Essential Amino Acids"},"content":{"rendered":"<p style=\"text-align: left;\" align=\"center\"><strong><span lang=\"en-US\">Essential Amino Acids<\/span><\/strong><\/p>\n<p><span lang=\"en-US\">Essensielle aminosyrer (EAA) er aminosyrer som kroppen ikke kan produsere selv, og som m\u00e5 tilf\u00f8res gjennom kosten. Disse aminosyrene spiller en avgj\u00f8rende rolle i proteinsyntesen, noe som gj\u00f8r dem viktige for muskeloppbygging og -reparasjon, noe som kan v\u00e6re fordelaktig for idrettsut\u00f8vere.<\/span><\/p>\n<p><span lang=\"en-US\">Fordeler med essensielle aminosyrer:<\/span><\/p>\n<ul>\n<li><strong><span lang=\"en-US\">St\u00f8tte til muskelvekst<\/span><\/strong><span lang=\"en-US\"><strong>:<\/strong> EAA er avgj\u00f8rende for muskelproteinsyntesen og kan bidra til \u00e5 st\u00f8tte vekst og reparasjon av musklene etter trening.<\/span><\/li>\n<li><strong><span lang=\"en-US\">Forbedret utvinning:<\/span><\/strong><span lang=\"en-US\"> EAA kan bidra til bedre restitusjon etter fysisk trening ved \u00e5 redusere muskelskader og betennelser.<\/span><\/li>\n<li><strong><span lang=\"en-US\">\u00d8kt utholdenhet:<\/span><\/strong><span lang=\"en-US\"> EAA kan bidra til \u00e5 \u00f8ke utholdenheten ved \u00e5 redusere nedbrytningen av muskelvev under trening og st\u00f8tte energiproduksjonen.<\/span><\/li>\n<li><strong><span lang=\"en-US\">St\u00f8tte for immunforsvaret: <\/span><\/strong><span lang=\"en-US\">EAA er viktig for immunforsvaret, noe som kan v\u00e6re gunstig for idrettsut\u00f8vere som er utsatt for infeksjoner p\u00e5 grunn av h\u00f8y fysisk aktivitet.<\/span><\/li>\n<\/ul>\n<p><\/p>\n<p><strong><span lang=\"en-US\">Anbefalt bruk<\/span><\/strong><\/p>\n<p><span lang=\"en-US\">1 porsjon per dag som kan inntas f\u00f8r, under eller etter fysisk aktivitet, eller i l\u00f8pet av dagen.<\/span>\n<\/p>\n<p><strong>Merknad:<\/strong><\/p>\n<ul>\n<li>Kun for voksne og erstatter ikke et variert og balansert kosthold og en sunn livsstil.<\/li>\n<li>Ikke overskrid den anbefalte dosen.<\/li>\n<li>Ikke bruk det under amming, graviditetsperioder uten \u00e5 konsultere legen.<\/li>\n<li>Oppbevar produktet p\u00e5 et kj\u00f8lig, t\u00f8rt sted i en godt forseglet emballasje utilgjengelig for barn under 3 \u00e5r.<\/li>\n<li>Kan inneholde spor av melk, havre, egg og soya.<\/li>\n<li>Laktosefri og Glutenfri.<\/li>\n<\/ul>","protected":false},"excerpt":{"rendered":"<p>Essensielle aminosyrer Essensielle aminosyrer (EAA) er aminosyrer som kroppen ikke kan produsere p\u00e5 egen h\u00e5nd, og som m\u00e5 tilf\u00f8res gjennom kosten. Disse aminosyrene spiller en avgj\u00f8rende rolle i proteinsyntesen, noe som gj\u00f8r dem viktige for muskeloppbygging og -reparasjon, noe som kan v\u00e6re fordelaktig for idrettsut\u00f8vere. Fordeler med essensielle aminosyrer: St\u00f8tte [...]<\/p>","protected":false},"featured_media":5641,"template":"","meta":[],"product_cat":[151,311],"product_tag":[161,317],"class_list":{"0":"post-576","1":"product","2":"type-product","3":"status-publish","4":"has-post-thumbnail","6":"product_cat-amino-acids-creatine","7":"product_cat-recovery-and-regeneration","8":"product_tag-amino-acids-creatine","9":"product_tag-recovery-and-regeneration","11":"first","12":"instock","13":"sale","14":"taxable","15":"shipping-taxable","16":"purchasable","17":"product-type-variable"},"aioseo_notices":[],"_links":{"self":[{"href":"https:\/\/www.selfprotein.com\/nb\/wp-json\/wp\/v2\/product\/576"}],"collection":[{"href":"https:\/\/www.selfprotein.com\/nb\/wp-json\/wp\/v2\/product"}],"about":[{"href":"https:\/\/www.selfprotein.com\/nb\/wp-json\/wp\/v2\/types\/product"}],"wp:featuredmedia":[{"embeddable":true,"href":"https:\/\/www.selfprotein.com\/nb\/wp-json\/wp\/v2\/media\/5641"}],"wp:attachment":[{"href":"https:\/\/www.selfprotein.com\/nb\/wp-json\/wp\/v2\/media?parent=576"}],"wp:term":[{"taxonomy":"product_cat","embeddable":true,"href":"https:\/\/www.selfprotein.com\/nb\/wp-json\/wp\/v2\/product_cat?post=576"},{"taxonomy":"product_tag","embeddable":true,"href":"https:\/\/www.selfprotein.com\/nb\/wp-json\/wp\/v2\/product_tag?post=576"}],"curies":[{"name":"wp","href":"https:\/\/api.w.org\/{rel}","templated":true}]}}