{"id":586,"date":"2023-11-27T13:19:20","date_gmt":"2023-11-27T12:19:20","guid":{"rendered":"https:\/\/34.88.231.180\/product\/essential-amino-tab\/"},"modified":"2026-05-01T00:23:50","modified_gmt":"2026-04-30T22:23:50","slug":"essential-amino-tabs","status":"publish","type":"product","link":"https:\/\/www.selfprotein.com\/nb\/produkt\/essential-amino-tabs\/","title":{"rendered":"Essential Amino Tabs"},"content":{"rendered":"<p style=\"text-align: left;\" align=\"center\"><strong><span lang=\"en-US\">Essential Amino Tabs<\/span><\/strong><\/p>\n<p><span lang=\"en-US\">EAA-piller (Essential Amino Acid) er formulert for \u00e5 tilf\u00f8re aminosyrer som menneskekroppen ikke kan syntetisere selv, og som derfor m\u00e5 tilf\u00f8res gjennom kosten. Disse komponentene spiller en avgj\u00f8rende rolle i proteinsyntesen og er essensielle for \u00e5 bygge og reparere muskelvev, noe som gj\u00f8r dem spesielt fordelaktige for idrettsut\u00f8vere og sportsentusiaster.<\/span><\/p>\n<p><span lang=\"en-US\">Fordeler med essensielle aminosyrer i piller:<\/span><\/p>\n<ul>\n<li><strong><span lang=\"en-US\">St\u00f8tte for muskelvekst:<\/span><\/strong><span lang=\"en-US\"> EAA er avgj\u00f8rende for muskelproteinsyntesen og kan bidra til \u00e5 st\u00f8tte muskelvekst og reparasjon etter trening.<\/span><\/li>\n<li><strong><span lang=\"en-US\">Forbedret utvinning:<\/span><\/strong><span lang=\"en-US\"> EAA kan bidra til bedre restitusjon etter fysisk aktivitet ved \u00e5 redusere muskelskader og betennelser.<\/span><\/li>\n<li><strong><span lang=\"en-US\">Forbedret utholdenhet<\/span><\/strong><span lang=\"en-US\"><strong>:<\/strong> EAA kan bidra til \u00e5 forbedre utholdenheten ved \u00e5 redusere nedbrytningen av muskelvev under trening og st\u00f8tte energiproduksjonen.<\/span><\/li>\n<li><strong><span lang=\"en-US\">St\u00f8tte for immunforsvaret:<\/span><\/strong><span lang=\"en-US\"> EAA er viktig for immunforsvaret, noe som kan v\u00e6re gunstig for idrettsut\u00f8vere som er utsatt for infeksjoner p\u00e5 grunn av h\u00f8y fysisk aktivitet.<\/span><\/li>\n<\/ul>\n<p>&nbsp;<\/p>\n<p><strong><span lang=\"en-US\">Anbefalt bruk<\/span><\/strong><\/p>\n<p><span lang=\"en-US\">\u00c9n porsjon per dag som kan tas f\u00f8r, under eller etter fysisk aktivitet eller i l\u00f8pet av dagen.<\/span><\/p>\n<p><strong>Merknad<\/strong><\/p>\n<ul>\n<li>Kun for voksne og erstatter ikke et variert og balansert kosthold og en sunn livsstil.<\/li>\n<li>Ikke overskrid den anbefalte dosen.<\/li>\n<li>Ikke bruk det under amming, graviditetsperioder uten \u00e5 konsultere legen.<\/li>\n<li>Oppbevar produktet p\u00e5 et kj\u00f8lig, t\u00f8rt sted i en godt forseglet emballasje utilgjengelig for barn under 3 \u00e5r.<\/li>\n<li>Kan inneholde spor av melk, havre, egg og soya.<\/li>\n<li>Laktosefri og Glutenfri.<\/li>\n<\/ul>","protected":false},"excerpt":{"rendered":"<p>Essential Amino Tabs Essential Amino Acid (EAA) piller er formulert for \u00e5 gi aminosyrene som menneskekroppen ikke kan syntetisere uavhengig og m\u00e5 oppn\u00e5s gjennom dietten. Disse komponentene spiller en avgj\u00f8rende rolle i proteinsyntesen og er avgj\u00f8rende for \u00e5 bygge og reparere muskelvev, noe som gj\u00f8r dem spesielt gunstige for idrettsut\u00f8vere og sportsut\u00f8vere [...].<\/p>","protected":false},"featured_media":588,"template":"","meta":[],"product_cat":[151,311],"product_tag":[161,317],"class_list":{"0":"post-586","1":"product","2":"type-product","3":"status-publish","4":"has-post-thumbnail","6":"product_cat-amino-acids-creatine","7":"product_cat-recovery-and-regeneration","8":"product_tag-amino-acids-creatine","9":"product_tag-recovery-and-regeneration","11":"first","12":"instock","13":"sale","14":"taxable","15":"shipping-taxable","16":"purchasable","17":"product-type-variable"},"aioseo_notices":[],"_links":{"self":[{"href":"https:\/\/www.selfprotein.com\/nb\/wp-json\/wp\/v2\/product\/586"}],"collection":[{"href":"https:\/\/www.selfprotein.com\/nb\/wp-json\/wp\/v2\/product"}],"about":[{"href":"https:\/\/www.selfprotein.com\/nb\/wp-json\/wp\/v2\/types\/product"}],"wp:featuredmedia":[{"embeddable":true,"href":"https:\/\/www.selfprotein.com\/nb\/wp-json\/wp\/v2\/media\/588"}],"wp:attachment":[{"href":"https:\/\/www.selfprotein.com\/nb\/wp-json\/wp\/v2\/media?parent=586"}],"wp:term":[{"taxonomy":"product_cat","embeddable":true,"href":"https:\/\/www.selfprotein.com\/nb\/wp-json\/wp\/v2\/product_cat?post=586"},{"taxonomy":"product_tag","embeddable":true,"href":"https:\/\/www.selfprotein.com\/nb\/wp-json\/wp\/v2\/product_tag?post=586"}],"curies":[{"name":"wp","href":"https:\/\/api.w.org\/{rel}","templated":true}]}}