{"id":592,"date":"2023-11-27T13:19:35","date_gmt":"2023-11-27T12:19:35","guid":{"rendered":"https:\/\/34.88.231.180\/product\/essential-bcaa-211\/"},"modified":"2026-05-01T00:23:50","modified_gmt":"2026-04-30T22:23:50","slug":"essential-bcaa-211","status":"publish","type":"product","link":"https:\/\/www.selfprotein.com\/nb\/produkt\/essential-bcaa-211\/","title":{"rendered":"Essential BCAA 2:1:1"},"content":{"rendered":"<p><strong>Produktoversikt:<\/strong><\/p>\n<p>Disse aminosyrene er avgj\u00f8rende for \u00e5 bygge og vedlikeholde muskelmasse. BCAA utgj\u00f8r en tredjedel av muskelproteinene og best\u00e5r av tre essensielle aminosyrer - leucin, isoleucin og valin. Disse er viktige fordi kroppen v\u00e5r ikke produserer dem selv, og de m\u00e5 derfor inntas med mat eller som kosttilskudd. Av disse tre aminosyrene er det leucin som har st\u00f8rst fysiologisk fordel for proteinsyntesen, mens isoleucin fremmer glukoseopptaket i cellene. Valin brukes mest til muskelgjenoppretting, reparasjon av vev og nitrogenbalanse. Dette er et veldig interessant produkt for alle idrettsut\u00f8vere fordi BCAA passerer leveren og g\u00e5r rett til blodsirkulasjonen for umiddelbar absorpsjon i musklene. Inntak av BCAA kan ogs\u00e5 senke laktatniv\u00e5et etter intensiv trening, det reduserer muskeltretthet og bidrar til \u00e5 regulere opptaket av andre aminosyrer. De hjelper ogs\u00e5 kroppen med \u00e5 samle protein; mangel p\u00e5 en av disse aminosyrene vil f\u00f8re til tap av muskelmasse.<\/p>\n<p><strong>Viktige fordeler:<\/strong><\/p>\n<ul>\n<li>Fremmer muskelvekst<\/li>\n<li>Fremskynder muskelrestitusjon<\/li>\n<li>\u00d8ker muskelenergien<\/li>\n<li>Forbedrer proteinabsorpsjonen<\/li>\n<li>Reduserer muskeltretthet<\/li>\n<li>Vitamin B6<\/li>\n<\/ul>\n<p>&nbsp;<\/p>\n<p><strong>Merknad:<\/strong><\/p>\n<ul>\n<li>Kun for voksne og erstatter ikke et variert og balansert kosthold og en sunn livsstil.<\/li>\n<li>Ikke overskrid den anbefalte dosen.<\/li>\n<li>Anbefalt daglig dose: 5 tabletter.<\/li>\n<li>Ikke bruk det under amming, graviditetsperioder uten \u00e5 konsultere legen.<\/li>\n<li>Oppbevar produktet p\u00e5 et kj\u00f8lig, t\u00f8rt sted i en godt forseglet emballasje utilgjengelig for barn under 3 \u00e5r.<\/li>\n<li>Kan inneholde spor av egg, soya, havre, melk.<\/li>\n<li>Laktosefri og Glutenfri.<\/li>\n<\/ul>","protected":false},"excerpt":{"rendered":"<p>Produktoversikt: Disse aminosyrene er avgj\u00f8rende for \u00e5 bygge og vedlikeholde muskelmasse. BCAA utgj\u00f8r en tredjedel av muskelproteinene og best\u00e5r av tre essensielle aminosyrer - leucin, isoleucin og valin. Disse er viktige fordi kroppen v\u00e5r ikke produserer dem selv; derfor m\u00e5 de inntas med mat eller som et [...].<\/p>","protected":false},"featured_media":594,"template":"","meta":[],"product_cat":[151,311],"product_tag":[161,317],"class_list":{"0":"post-592","1":"product","2":"type-product","3":"status-publish","4":"has-post-thumbnail","6":"product_cat-amino-acids-creatine","7":"product_cat-recovery-and-regeneration","8":"product_tag-amino-acids-creatine","9":"product_tag-recovery-and-regeneration","11":"first","12":"instock","13":"sale","14":"taxable","15":"shipping-taxable","16":"purchasable","17":"product-type-variable"},"aioseo_notices":[],"_links":{"self":[{"href":"https:\/\/www.selfprotein.com\/nb\/wp-json\/wp\/v2\/product\/592"}],"collection":[{"href":"https:\/\/www.selfprotein.com\/nb\/wp-json\/wp\/v2\/product"}],"about":[{"href":"https:\/\/www.selfprotein.com\/nb\/wp-json\/wp\/v2\/types\/product"}],"wp:featuredmedia":[{"embeddable":true,"href":"https:\/\/www.selfprotein.com\/nb\/wp-json\/wp\/v2\/media\/594"}],"wp:attachment":[{"href":"https:\/\/www.selfprotein.com\/nb\/wp-json\/wp\/v2\/media?parent=592"}],"wp:term":[{"taxonomy":"product_cat","embeddable":true,"href":"https:\/\/www.selfprotein.com\/nb\/wp-json\/wp\/v2\/product_cat?post=592"},{"taxonomy":"product_tag","embeddable":true,"href":"https:\/\/www.selfprotein.com\/nb\/wp-json\/wp\/v2\/product_tag?post=592"}],"curies":[{"name":"wp","href":"https:\/\/api.w.org\/{rel}","templated":true}]}}