{"id":598,"date":"2023-11-27T13:19:46","date_gmt":"2023-11-27T12:19:46","guid":{"rendered":"https:\/\/34.88.231.180\/product\/glutamine-peptides\/"},"modified":"2026-04-01T00:00:16","modified_gmt":"2026-03-31T22:00:16","slug":"glutamine-peptide","status":"publish","type":"product","link":"https:\/\/www.selfprotein.com\/nb\/produkt\/glutamine-peptide\/","title":{"rendered":"Glutamine Peptide"},"content":{"rendered":"<p style=\"text-align: left;\" align=\"center\"><strong><span lang=\"en-US\">Glutaminpeptider<\/span><\/strong><\/p>\n<p><span lang=\"en-US\">Glutaminpeptider representerer en avansert form for glutamin, der aminosyren er bundet til andre molekyler, vanligvis peptider eller aminosyrer, for \u00e5 optimalisere absorpsjonen og biotilgjengeligheten i kroppen. Glutamin, en ikke-essensiell aminosyre, spiller en avgj\u00f8rende rolle i flere kroppsfunksjoner, inkludert st\u00f8tte til immunsystemet, proteinsyntese og opprettholdelse av tarmhelsen.<\/span><\/p>\n<p><span lang=\"en-US\">Fordeler med glutaminpeptider:<\/span><\/p>\n<ul>\n<li><strong><span lang=\"en-US\">Forbedret absorpsjon og biotilgjengelighet:<\/span><\/strong><span lang=\"en-US\"> Takket v\u00e6re den avanserte formuleringen gir glutaminpeptider en mer effektiv assimilering sammenlignet med standard glutamin, noe som sikrer st\u00f8rre tilgjengelighet av denne viktige aminosyren for kroppen.<\/span><\/li>\n<li><strong><span lang=\"en-US\">St\u00f8tte til muskelvekst:<\/span><\/strong><span lang=\"en-US\"> Idrettsut\u00f8vere og kroppsbyggere bruker ofte glutaminpeptidtilskudd for \u00e5 fremme muskelvekst og lette restitusjon etter intens fysisk trening, ettersom de kan optimalisere muskelproteinsyntesen.<\/span><\/li>\n<li><strong><span lang=\"en-US\">Reduksjon av muskelnedbrytning<\/span><\/strong><span lang=\"en-US\"><strong>:<\/strong> Glutaminpeptider kan redusere muskelnedbrytning, beskytte muskelvevet under trening og bidra til bedre muskelreparasjon og restitusjon.<\/span><\/li>\n<li><strong><span lang=\"en-US\">Ytterligere fordeler for tarmhelsen<\/span><\/strong><span lang=\"en-US\"><strong>:<\/strong> P\u00e5 grunn av sin virkning p\u00e5 glutamin kan glutaminpeptider bidra til \u00e5 opprettholde helsen til tarmslimhinnen, og dermed st\u00f8tte optimal tarmfunksjon og fremme bedre generell helse.<\/span><\/li>\n<\/ul>\n<p>&nbsp;<\/p>\n<p><strong><span lang=\"en-US\">Anbefalt bruk<\/span><\/strong><\/p>\n<p><span lang=\"en-US\">\u00c9n dose f\u00f8r, under eller etter trening.<\/span><\/p>\n<p><strong>Merknad:<\/strong><\/p>\n<ul>\n<li>Kun for voksne og erstatter ikke et variert og balansert kosthold og en sunn livsstil.<\/li>\n<li>Ikke overskrid den anbefalte dosen.<\/li>\n<li>Ikke bruk det under amming, graviditetsperioder uten \u00e5 konsultere legen.<\/li>\n<li>Oppbevar produktet p\u00e5 et kj\u00f8lig, t\u00f8rt sted i en godt forseglet emballasje utilgjengelig for barn under 3 \u00e5r.<\/li>\n<li>Kan inneholde spor av melk, havre, egg og soya.<\/li>\n<li>Laktosefri og Glutenfri.<\/li>\n<\/ul>","protected":false},"excerpt":{"rendered":"<details>\n<summary>Ingredienser<\/summary>\n<table style=\"text-align: center;\">\n<tbody>\n<tr>\n<th>Ingredienser<\/th>\n<th>per porsjon 9 g<\/th>\n<\/tr>\n<tr>\n<td>Glutamine Peptide<\/td>\n<td>7,65g<\/td>\n<\/tr>\n<tr>\n<td>hvorav<\/td>\n<td><\/td>\n<\/tr>\n<tr>\n<td>4,65 g L-glutamin<\/td>\n<td><\/td>\n<\/tr>\n<tr>\n<td>3 g L-lanin<\/td>\n<td><\/td>\n<\/tr>\n<tr>\n<td colspan=\"2\"><strong>Andre ingredienser: <\/strong>surhetsregulerende middel (E296), antiklumpemiddel (E551), aroma, antioksidant (E341), emulgator (E470b), s\u00f8tningsmiddel (E955), fargestoff (E160a)<\/td>\n<\/tr>\n<\/tbody>\n<\/table>\n<\/details>\n<p>&nbsp;<\/p>","protected":false},"featured_media":599,"template":"","meta":[],"product_cat":[151,311],"product_tag":[161,317],"class_list":{"0":"post-598","1":"product","2":"type-product","3":"status-publish","4":"has-post-thumbnail","6":"product_cat-amino-acids-creatine","7":"product_cat-recovery-and-regeneration","8":"product_tag-amino-acids-creatine","9":"product_tag-recovery-and-regeneration","11":"first","12":"instock","13":"taxable","14":"shipping-taxable","15":"purchasable","16":"product-type-simple"},"aioseo_notices":[],"_links":{"self":[{"href":"https:\/\/www.selfprotein.com\/nb\/wp-json\/wp\/v2\/product\/598"}],"collection":[{"href":"https:\/\/www.selfprotein.com\/nb\/wp-json\/wp\/v2\/product"}],"about":[{"href":"https:\/\/www.selfprotein.com\/nb\/wp-json\/wp\/v2\/types\/product"}],"wp:featuredmedia":[{"embeddable":true,"href":"https:\/\/www.selfprotein.com\/nb\/wp-json\/wp\/v2\/media\/599"}],"wp:attachment":[{"href":"https:\/\/www.selfprotein.com\/nb\/wp-json\/wp\/v2\/media?parent=598"}],"wp:term":[{"taxonomy":"product_cat","embeddable":true,"href":"https:\/\/www.selfprotein.com\/nb\/wp-json\/wp\/v2\/product_cat?post=598"},{"taxonomy":"product_tag","embeddable":true,"href":"https:\/\/www.selfprotein.com\/nb\/wp-json\/wp\/v2\/product_tag?post=598"}],"curies":[{"name":"wp","href":"https:\/\/api.w.org\/{rel}","templated":true}]}}