{"id":611,"date":"2023-11-27T13:28:02","date_gmt":"2023-11-27T12:28:02","guid":{"rendered":"https:\/\/34.88.231.180\/product\/hmb\/"},"modified":"2026-05-01T00:23:48","modified_gmt":"2026-04-30T22:23:48","slug":"hmb","status":"publish","type":"product","link":"https:\/\/www.selfprotein.com\/nb\/produkt\/hmb\/","title":{"rendered":"HMB"},"content":{"rendered":"<p style=\"text-align: left;\" align=\"center\"><strong><span lang=\"en-US\">HMB<\/span><\/strong><\/p>\n<p><span lang=\"en-US\">Oppdag potensialet til HMB (beta-hydroksy beta-metylsm\u00f8rsyre), en metabolitt av den essensielle aminosyren leucin, n\u00e5r det gjelder \u00e5 fremme muskelvekst og forebygge muskelnedbrytning. Takket v\u00e6re sin evne til \u00e5 redusere nedbrytningen av muskelproteiner og \u00f8ke muskelproteinsyntesen, har HMB blitt et popul\u00e6rt tilskudd blant treningsentusiaster og idrettsut\u00f8vere som \u00f8nsker \u00e5 forbedre sine prestasjoner og sitt fysiske utseende.<\/span><\/p>\n<p><span lang=\"en-US\">Fordelene med HMB:<\/span><\/p>\n<ul>\n<li><strong><span lang=\"en-US\">Fremme av muskelvekst:<\/span><\/strong><span lang=\"en-US\"> Tilskudd med HMB kan fremme muskelvekst ved \u00e5 redusere nedbrytningen av muskelproteiner og \u00f8ke muskelproteinsyntesen. Dette kan f\u00f8re til mer betydelige muskel\u00f8kninger over tid.<\/span><\/li>\n<li><strong><span lang=\"en-US\">Forebygging av muskelnedbrytning:<\/span><\/strong><span lang=\"en-US\"> HMB er kjent for \u00e5 forebygge muskelnedbrytning, noe som kan v\u00e6re spesielt fordelaktig i perioder med h\u00f8yt metabolsk stress, for eksempel ved intens trening eller restitusjon etter skader.<\/span><\/li>\n<li><strong><span lang=\"en-US\">Forbedring av styrke og kraft:<\/span><\/strong><span lang=\"en-US\"> Studier har vist at tilskudd av HMB kan bidra til \u00e5 forbedre muskelstyrke og -kraft, slik at idrettsut\u00f8vere kan oppn\u00e5 h\u00f8yere prestasjonsniv\u00e5er under trening og konkurranser.<\/span><\/li>\n<li><strong><span lang=\"en-US\">St\u00f8tte for mager muskelmasse:<\/span><\/strong><span lang=\"en-US\"> Ved \u00e5 integrere HMB i kostholdet kan personer oppleve en forbedring i kroppssammensetningen, med en \u00f8kning i muskelmassen og en reduksjon i fettmassen.<\/span><\/li>\n<li><strong><span lang=\"en-US\">Optimalisering av utholdenhetstrening:<\/span><\/strong><span lang=\"en-US\"> HMB er spesielt effektivt n\u00e5r det kombineres med utholdenhetstrening, ettersom det kan forbedre kroppens evne til \u00e5 tilpasse seg treningsstimuli og fremme bedre resultater p\u00e5 lang sikt.<\/span><\/li>\n<\/ul>\n<p>&nbsp;<\/p>\n<p><span lang=\"en-US\">Ved \u00e5 integrere HMB i trenings- og ern\u00e6ringsrutinen din kan du maksimere innsatsen din for \u00e5 bygge sterkere, mer definerte og mer spenstige muskler, og oppn\u00e5 konkrete og varige resultater p\u00e5 veien mot ditt ideelle treningsniv\u00e5.<\/span><\/p>\n<p><strong><span lang=\"en-US\">Anbefalt bruk<\/span><\/strong><\/p>\n<p><span lang=\"en-US\">1 porsjon 30-45 minutter f\u00f8r eller rett etter trenings\u00f8kten.<\/span><\/p>\n<p><strong>Merknad:<\/strong><\/p>\n<ul>\n<li>Kun for voksne og erstatter ikke et variert og balansert kosthold og en sunn livsstil.<\/li>\n<li>Ikke overskrid den anbefalte dosen.<\/li>\n<li>Ikke bruk det under amming, graviditetsperioder uten \u00e5 konsultere legen.<\/li>\n<li>Oppbevar produktet p\u00e5 et kj\u00f8lig, t\u00f8rt sted i en godt forseglet emballasje utilgjengelig for barn under 3 \u00e5r.<\/li>\n<li>Kan inneholde spor av melk, havre, egg og soya.<\/li>\n<li>Laktosefri og Glutenfri.<\/li>\n<\/ul>","protected":false},"excerpt":{"rendered":"<details>\n<summary>Ingredienser<\/summary>\n<table style=\"text-align: center;\">\n<tbody>\n<tr>\n<th>Ingredienser<\/th>\n<th>per porsjon 3cps<\/th>\n<\/tr>\n<tr>\n<td>Beta-hydroksy beta-metylsm\u00f8rsyre (HMB)<\/td>\n<td>3000 mg<\/td>\n<\/tr>\n<tr>\n<td colspan=\"2\"><strong>Andre ingredienser: <\/strong>stabilisatorer (E470b,E551), vegansk kapsel (E1204)<\/td>\n<\/tr>\n<\/tbody>\n<\/table>\n<\/details>\n<p>&nbsp;<\/p>","protected":false},"featured_media":612,"template":"","meta":[],"product_cat":[151,311,308],"product_tag":[161,317,318],"class_list":{"0":"post-611","1":"product","2":"type-product","3":"status-publish","4":"has-post-thumbnail","6":"product_cat-amino-acids-creatine","7":"product_cat-recovery-and-regeneration","8":"product_cat-strength-and-muscle-mass","9":"product_tag-amino-acids-creatine","10":"product_tag-recovery-and-regeneration","11":"product_tag-strength-and-muscle-mass","13":"first","14":"instock","15":"sale","16":"taxable","17":"shipping-taxable","18":"purchasable","19":"product-type-simple"},"aioseo_notices":[],"_links":{"self":[{"href":"https:\/\/www.selfprotein.com\/nb\/wp-json\/wp\/v2\/product\/611"}],"collection":[{"href":"https:\/\/www.selfprotein.com\/nb\/wp-json\/wp\/v2\/product"}],"about":[{"href":"https:\/\/www.selfprotein.com\/nb\/wp-json\/wp\/v2\/types\/product"}],"wp:featuredmedia":[{"embeddable":true,"href":"https:\/\/www.selfprotein.com\/nb\/wp-json\/wp\/v2\/media\/612"}],"wp:attachment":[{"href":"https:\/\/www.selfprotein.com\/nb\/wp-json\/wp\/v2\/media?parent=611"}],"wp:term":[{"taxonomy":"product_cat","embeddable":true,"href":"https:\/\/www.selfprotein.com\/nb\/wp-json\/wp\/v2\/product_cat?post=611"},{"taxonomy":"product_tag","embeddable":true,"href":"https:\/\/www.selfprotein.com\/nb\/wp-json\/wp\/v2\/product_tag?post=611"}],"curies":[{"name":"wp","href":"https:\/\/api.w.org\/{rel}","templated":true}]}}