{"id":620,"date":"2023-11-27T13:28:18","date_gmt":"2023-11-27T12:28:18","guid":{"rendered":"https:\/\/34.88.231.180\/product\/hydro-plus\/"},"modified":"2026-04-01T00:00:18","modified_gmt":"2026-03-31T22:00:18","slug":"hydro-plus","status":"publish","type":"product","link":"https:\/\/www.selfprotein.com\/nb\/produkt\/hydro-plus\/","title":{"rendered":"Hydro Plus"},"content":{"rendered":"<p style=\"text-align: left;\" align=\"center\"><strong><span lang=\"en-US\">Hydro Plus<\/span><\/strong><\/p>\n<p><span lang=\"en-US\">Med sin evne til \u00e5 gi umiddelbar energi og opprettholde kroppens v\u00e6skebalanse har karbohydrat- og elektrolyttformler blitt en hj\u00f8rnestein i sportsern\u00e6ring, noe som gj\u00f8r det mulig for idrettsut\u00f8vere og aktive personer \u00e5 oppn\u00e5 optimal ytelse og fremme rask og effektiv restitusjon.<\/span><\/p>\n<p><span lang=\"en-US\">Utforsk effekten av karbohydrat- og elektrolyttformler, et viktig alternativ innen sportsern\u00e6ring som kombinerer karbohydrater og elektrolytter for \u00e5 gi energi og opprettholde hydrering under fysisk aktivitet. Denne typen produkter har blitt et popul\u00e6rt valg blant idrettsut\u00f8vere og aktive personer som \u00f8nsker \u00e5 optimalisere ytelsen og restitusjonen under trening eller konkurranse.<\/span><\/p>\n<p><span lang=\"en-US\">Fordelene med Hydro Plus:<\/span><\/p>\n<ul>\n<li><strong><span lang=\"en-US\">P\u00e5fyll av energireserver<\/span><\/strong><span lang=\"en-US\"><strong>:<\/strong> Karbohydrat- og elektrolyttformler gir en rask energikilde gjennom karbohydrater, noe som er avgj\u00f8rende for \u00e5 opprettholde h\u00f8y intensitet og langvarig fysisk aktivitet.<\/span><\/li>\n<li><strong><span lang=\"en-US\">Opprettholdelse av hydrering<\/span><\/strong><span lang=\"en-US\"><strong>:<\/strong> Elektrolytter som natrium, kalium og magnesium i disse formlene bidrar til \u00e5 regulere v\u00e6skebalansen i kroppen, forhindrer dehydrering og optimaliserer ytelsen.<\/span><\/li>\n<li><strong><span lang=\"en-US\">Forbedring av ytelsen:<\/span><\/strong><span lang=\"en-US\"> Takket v\u00e6re kombinasjonen av karbohydrater og elektrolytter kan disse formlene bidra til \u00e5 opprettholde et jevnt energiniv\u00e5 under trening, og dermed forbedre utholdenheten og evnen til \u00e5 opprettholde langvarig fysisk anstrengelse.<\/span><\/li>\n<li><strong><span lang=\"en-US\">Raskere utvinning:<\/span><\/strong><span lang=\"en-US\"> Ved \u00e5 bruke karbohydrat- og elektrolyttformler under og etter fysisk aktivitet kan man fremskynde restitusjonsprosessen ved \u00e5 fylle p\u00e5 energireservene og s\u00f8rge for tilstrekkelig hydrering.<\/span><\/li>\n<li><strong><span lang=\"en-US\">Bekvemmelighet og praktiske l\u00f8sninger:<\/span><\/strong><span lang=\"en-US\"> Karbohydrat- og elektrolyttformler er en praktisk og effektiv m\u00e5te \u00e5 sikre at du f\u00e5r i deg riktig mengde energi og v\u00e6ske under trening, uten at du trenger \u00e5 b\u00e6re med deg og kombinere ulike matvarer eller kosttilskudd.<\/span><\/li>\n<\/ul>\n<p>&nbsp;<\/p>\n<p><strong><span lang=\"en-US\">Anbefalt bruk<\/span><\/strong><\/p>\n<p><span lang=\"en-US\">1 porsjon i 500 ml vann (vannflaske). Under intens fysisk trening anbefales det \u00e5 innta 500 ml av produktet for hver time med aktivitet.<\/span><\/p>\n<p><strong>Merknad:<\/strong><\/p>\n<ul>\n<li>Kun for voksne og erstatter ikke et variert og balansert kosthold og en sunn livsstil.<\/li>\n<li>Ikke overskrid den anbefalte dosen.<\/li>\n<li>Ikke bruk det under amming, graviditetsperioder uten \u00e5 konsultere legen.<\/li>\n<li>Oppbevar produktet p\u00e5 et kj\u00f8lig, t\u00f8rt sted i en godt forseglet emballasje utilgjengelig for barn under 3 \u00e5r.<\/li>\n<li>Kan inneholde spor av melk, havre, egg og soya.<\/li>\n<li>Laktosefri og Glutenfri.<\/li>\n<\/ul>","protected":false},"excerpt":{"rendered":"<p>Hydro Plus Med sin evne til \u00e5 gi umiddelbar energi og opprettholde kroppens v\u00e6skebalanse har karbohydrat- og elektrolyttformler blitt en hj\u00f8rnestein i sportsern\u00e6ring, noe som gj\u00f8r det mulig for idrettsut\u00f8vere og aktive personer \u00e5 oppn\u00e5 optimal ytelse og fremme rask og effektiv restitusjon. Utforsk effektiviteten til karbohydrat- og elektrolyttformler, et viktig alternativ i sportsern\u00e6ring [...].<\/p>","protected":false},"featured_media":622,"template":"","meta":[],"product_cat":[310,217],"product_tag":[315,230],"class_list":{"0":"post-620","1":"product","2":"type-product","3":"status-publish","4":"has-post-thumbnail","6":"product_cat-performance-and-endurance","7":"product_cat-pre-workout-energy","8":"product_tag-performance-and-endurance","9":"product_tag-pre-workout-energy","11":"first","12":"instock","13":"taxable","14":"shipping-taxable","15":"purchasable","16":"product-type-variable"},"aioseo_notices":[],"_links":{"self":[{"href":"https:\/\/www.selfprotein.com\/nb\/wp-json\/wp\/v2\/product\/620"}],"collection":[{"href":"https:\/\/www.selfprotein.com\/nb\/wp-json\/wp\/v2\/product"}],"about":[{"href":"https:\/\/www.selfprotein.com\/nb\/wp-json\/wp\/v2\/types\/product"}],"wp:featuredmedia":[{"embeddable":true,"href":"https:\/\/www.selfprotein.com\/nb\/wp-json\/wp\/v2\/media\/622"}],"wp:attachment":[{"href":"https:\/\/www.selfprotein.com\/nb\/wp-json\/wp\/v2\/media?parent=620"}],"wp:term":[{"taxonomy":"product_cat","embeddable":true,"href":"https:\/\/www.selfprotein.com\/nb\/wp-json\/wp\/v2\/product_cat?post=620"},{"taxonomy":"product_tag","embeddable":true,"href":"https:\/\/www.selfprotein.com\/nb\/wp-json\/wp\/v2\/product_tag?post=620"}],"curies":[{"name":"wp","href":"https:\/\/api.w.org\/{rel}","templated":true}]}}