{"id":637,"date":"2023-11-27T13:28:59","date_gmt":"2023-11-27T12:28:59","guid":{"rendered":"https:\/\/34.88.231.180\/product\/inject-pwo\/"},"modified":"2026-05-01T00:23:51","modified_gmt":"2026-04-30T22:23:51","slug":"inject-pwo","status":"publish","type":"product","link":"https:\/\/www.selfprotein.com\/nb\/produkt\/inject-pwo\/","title":{"rendered":"Inject PWO"},"content":{"rendered":"<p style=\"text-align: left;\" align=\"center\"><strong><span lang=\"en-US\">Injiser f\u00f8r trening<\/span><\/strong><\/p>\n<p><span lang=\"en-US\">Inject Pre-Workout er et kosttilskudd som er utviklet for \u00e5 tas f\u00f8r en trenings\u00f8kt for \u00e5 forbedre fysisk ytelse og \u00f8ke energiniv\u00e5et. Denne typen kosttilskudd kan v\u00e6re spesielt nyttig for de som \u00f8nsker \u00e5 optimalisere ytelsen under fysisk aktivitet, men det er viktig \u00e5 bruke det med forsiktighet og f\u00f8lge de anbefalte dosene.<\/span><\/p>\n<p><span lang=\"en-US\">Fordelene med Inject Pre-Workout:<\/span><\/p>\n<ul>\n<li><strong><span lang=\"en-US\">Prestasjonsforbedring:<\/span><\/strong><span lang=\"en-US\"> Inntak av Inject Pre-Workout kan bidra til \u00e5 forbedre ytelsen under trening. Ingrediensene i dette kosttilskuddet kan bidra til \u00f8kt utholdenhet, styrke og konsentrasjon, noe som gj\u00f8r det mulig for idrettsut\u00f8vere \u00e5 oppn\u00e5 h\u00f8yere prestasjonsniv\u00e5er.<\/span><\/li>\n<li><strong><span lang=\"en-US\">\u00d8kt energiniv\u00e5:<\/span><\/strong><span lang=\"en-US\"> Takket v\u00e6re den m\u00e5lrettede formuleringen kan Inject Pre-Workout \u00f8ke energiniv\u00e5et, slik at du kan ta fatt p\u00e5 trenings\u00f8ktene med st\u00f8rre vitalitet og besluttsomhet. Dette er spesielt fordelaktig for de som st\u00e5r overfor intense eller langvarige trenings\u00f8kter.<\/span><\/li>\n<li><strong><span lang=\"en-US\">St\u00f8tter konsentrasjon:<\/span><\/strong><span lang=\"en-US\"> Kosttilskudd f\u00f8r trening, som Inject Pre-Workout, inneholder ofte ingredienser som er utviklet for \u00e5 forbedre mental konsentrasjon og fokus. Dette kan v\u00e6re nyttig for \u00e5 holde fokus p\u00e5 m\u00e5let under treningen, og dermed forbedre den generelle effektiviteten av trenings\u00f8kten.<\/span><\/li>\n<\/ul>\n<p><\/p>\n<p><strong><span lang=\"en-US\">Anbefalt bruk<\/span><\/strong><\/p>\n<p><span lang=\"en-US\">Ta 1 porsjon 30-45 minutter f\u00f8r trenings\u00f8kten.<\/span>\n<\/p>\n<p class=\"xmprfx_MsoNormal\"><b>Merknad:<\/b><\/p>\n<ul>\n<li>Kun for voksne og erstatter ikke et variert og balansert kosthold og en sunn livsstil.<\/li>\n<li>Ikke overskrid den anbefalte dosen.<\/li>\n<li>Ikke bruk det under amming, graviditetsperioder uten \u00e5 konsultere legen.<\/li>\n<li>Oppbevar produktet p\u00e5 et kj\u00f8lig, t\u00f8rt sted i en godt forseglet emballasje utilgjengelig for barn under 3 \u00e5r.<\/li>\n<li>Kan inneholde spor av melk, havre, egg og soya.<\/li>\n<li>Laktosefri og Glutenfri.<\/li>\n<\/ul>","protected":false},"excerpt":{"rendered":"<p>Inject Pre-Workout Inject Pre-Workout er et kosttilskudd som er utviklet for \u00e5 tas f\u00f8r en trenings\u00f8kt for \u00e5 forbedre den fysiske prestasjonen og \u00f8ke energiniv\u00e5et. Denne typen kosttilskudd kan v\u00e6re spesielt nyttig for de som \u00f8nsker \u00e5 optimalisere ytelsen under fysisk aktivitet, men det er viktig \u00e5 bruke det med forsiktighet og f\u00f8lge de anbefalte dosene. Fordeler [...]<\/p>","protected":false},"featured_media":5634,"template":"","meta":[],"product_cat":[310,217],"product_tag":[315,230],"class_list":{"0":"post-637","1":"product","2":"type-product","3":"status-publish","4":"has-post-thumbnail","6":"product_cat-performance-and-endurance","7":"product_cat-pre-workout-energy","8":"product_tag-performance-and-endurance","9":"product_tag-pre-workout-energy","11":"first","12":"instock","13":"taxable","14":"shipping-taxable","15":"purchasable","16":"product-type-variable"},"aioseo_notices":[],"_links":{"self":[{"href":"https:\/\/www.selfprotein.com\/nb\/wp-json\/wp\/v2\/product\/637"}],"collection":[{"href":"https:\/\/www.selfprotein.com\/nb\/wp-json\/wp\/v2\/product"}],"about":[{"href":"https:\/\/www.selfprotein.com\/nb\/wp-json\/wp\/v2\/types\/product"}],"wp:featuredmedia":[{"embeddable":true,"href":"https:\/\/www.selfprotein.com\/nb\/wp-json\/wp\/v2\/media\/5634"}],"wp:attachment":[{"href":"https:\/\/www.selfprotein.com\/nb\/wp-json\/wp\/v2\/media?parent=637"}],"wp:term":[{"taxonomy":"product_cat","embeddable":true,"href":"https:\/\/www.selfprotein.com\/nb\/wp-json\/wp\/v2\/product_cat?post=637"},{"taxonomy":"product_tag","embeddable":true,"href":"https:\/\/www.selfprotein.com\/nb\/wp-json\/wp\/v2\/product_tag?post=637"}],"curies":[{"name":"wp","href":"https:\/\/api.w.org\/{rel}","templated":true}]}}