{"id":645,"date":"2023-11-27T13:29:16","date_gmt":"2023-11-27T12:29:16","guid":{"rendered":"https:\/\/34.88.231.180\/product\/inject-pwo-caffeine-free\/"},"modified":"2026-05-01T00:23:51","modified_gmt":"2026-04-30T22:23:51","slug":"inject-pwo-caffeine-free","status":"publish","type":"product","link":"https:\/\/www.selfprotein.com\/nb\/produkt\/inject-pwo-caffeine-free\/","title":{"rendered":"Inject PWO Caffeine Free"},"content":{"rendered":"<p style=\"text-align: left;\" align=\"center\"><strong><span lang=\"en-US\">Inject PWO Caffeine Free<\/span><\/strong><\/p>\n<p><span lang=\"en-US\">Inject PWO Caffeine Free er et kosttilskudd f\u00f8r trening som er utviklet for \u00e5 forbedre ytelsen og \u00f8ke energiniv\u00e5et uten tilsetning av koffein. Dette produktet er ideelt for de som \u00f8nsker \u00e5 f\u00e5 mest mulig ut av treningen uten de stimulerende effektene av koffein, og gir p\u00e5litelig st\u00f8tte for \u00e5 optimalisere den fysiske ytelsen.<\/span><\/p>\n<p><span lang=\"en-US\">Fordelene med koffeinfri PWO:<\/span><\/p>\n<ul>\n<li><strong><span lang=\"en-US\">Forbedring av ytelsen:<\/span><\/strong><span lang=\"en-US\"> Inject PWO Caffeine Free er formulert med spesifikke ingredienser for \u00e5 st\u00f8tte utholdenhet og styrke under trenings\u00f8kter, slik at du kan maksimere ytelsen og oppn\u00e5 bedre resultater.<\/span><\/li>\n<li><strong><span lang=\"en-US\">\u00d8kning i energiniv\u00e5et:<\/span><\/strong><span lang=\"en-US\"> Dette kosttilskuddet gir en b\u00e6rekraftig energikilde uten bruk av koffein, slik at du kan takle trenings\u00f8ktene med kraft og besluttsomhet uten \u00e5 bekymre deg for koffeinrelaterte bivirkninger.<\/span><\/li>\n<li><strong><span lang=\"en-US\">St\u00f8tte for koffeinfri trening:<\/span><\/strong><span lang=\"en-US\"> For de som foretrekker \u00e5 unng\u00e5 koffein eller \u00f8nsker \u00e5 begrense inntaket av koffein, tilbyr Inject PWO Caffeine Free et effektivt alternativ for \u00e5 f\u00e5 st\u00f8tte f\u00f8r trening uten de stimulerende effektene av koffein.<\/span><\/li>\n<li><strong><span lang=\"en-US\">Kontrollert dosering:<\/span><\/strong><span lang=\"en-US\"> Det er viktig \u00e5 f\u00f8lge de anbefalte doseringsanvisningene n\u00f8ye for \u00e5 sikre maksimale fordeler uten helserisiko. Inject PWO Caffeine Free gir n\u00f8yaktig dosering for \u00e5 sikre et trygt og effektivt tilskudd.<\/span><\/li>\n<li><strong><span lang=\"en-US\">Tilpasningsevne til individuelle behov:<\/span><\/strong><span lang=\"en-US\"> Dette kosttilskuddet passer for et bredt spekter av personer som \u00f8nsker \u00e5 optimalisere treningen sin, og tilbyr tilpassbar st\u00f8tte basert p\u00e5 deres egne behov og treningsm\u00e5l.<\/span><\/li>\n<\/ul>\n<p><\/p>\n<p><strong><span lang=\"en-US\">Anbefalt bruk<\/span><\/strong><\/p>\n<p><span lang=\"en-US\">1 porsjon 30-45 minutter f\u00f8r trenings\u00f8kten.<\/span>\n<\/p>\n<p class=\"xmprfx_MsoNormal\"><b>Merknad:<\/b><\/p>\n<ul>\n<li>Kun for voksne og erstatter ikke et variert og balansert kosthold og en sunn livsstil.<\/li>\n<li>Ikke overskrid den anbefalte dosen.<\/li>\n<li>Ikke bruk det under amming, graviditetsperioder uten \u00e5 konsultere legen.<\/li>\n<li>Oppbevar produktet p\u00e5 et kj\u00f8lig, t\u00f8rt sted i en godt forseglet emballasje utilgjengelig for barn under 3 \u00e5r.<\/li>\n<li>Kan inneholde spor av melk, havre, egg og soya.<\/li>\n<li>Laktosefri og Glutenfri.<\/li>\n<\/ul>","protected":false},"excerpt":{"rendered":"<p>Inject PWO Caffeine Free Inject PWO Caffeine Free er et kosttilskudd f\u00f8r trening som er utviklet for \u00e5 forbedre ytelsen og \u00f8ke energiniv\u00e5et uten tilsetning av koffein. Dette produktet er ideelt for deg som \u00f8nsker \u00e5 f\u00e5 mest mulig ut av treningen uten de stimulerende effektene av koffein, og gir p\u00e5litelig st\u00f8tte for \u00e5 optimalisere den fysiske ytelsen. Fordelene med koffeinfri [...]<\/p>","protected":false},"featured_media":5635,"template":"","meta":[],"product_cat":[310,217],"product_tag":[315,230],"class_list":{"0":"post-645","1":"product","2":"type-product","3":"status-publish","4":"has-post-thumbnail","6":"product_cat-performance-and-endurance","7":"product_cat-pre-workout-energy","8":"product_tag-performance-and-endurance","9":"product_tag-pre-workout-energy","11":"first","12":"instock","13":"taxable","14":"shipping-taxable","15":"purchasable","16":"product-type-variable"},"aioseo_notices":[],"_links":{"self":[{"href":"https:\/\/www.selfprotein.com\/nb\/wp-json\/wp\/v2\/product\/645"}],"collection":[{"href":"https:\/\/www.selfprotein.com\/nb\/wp-json\/wp\/v2\/product"}],"about":[{"href":"https:\/\/www.selfprotein.com\/nb\/wp-json\/wp\/v2\/types\/product"}],"wp:featuredmedia":[{"embeddable":true,"href":"https:\/\/www.selfprotein.com\/nb\/wp-json\/wp\/v2\/media\/5635"}],"wp:attachment":[{"href":"https:\/\/www.selfprotein.com\/nb\/wp-json\/wp\/v2\/media?parent=645"}],"wp:term":[{"taxonomy":"product_cat","embeddable":true,"href":"https:\/\/www.selfprotein.com\/nb\/wp-json\/wp\/v2\/product_cat?post=645"},{"taxonomy":"product_tag","embeddable":true,"href":"https:\/\/www.selfprotein.com\/nb\/wp-json\/wp\/v2\/product_tag?post=645"}],"curies":[{"name":"wp","href":"https:\/\/api.w.org\/{rel}","templated":true}]}}