{"id":651,"date":"2023-11-27T13:29:28","date_gmt":"2023-11-27T12:29:28","guid":{"rendered":"https:\/\/34.88.231.180\/product\/instant-oat\/"},"modified":"2026-05-01T00:24:22","modified_gmt":"2026-04-30T22:24:22","slug":"instant-oat","status":"publish","type":"product","link":"https:\/\/www.selfprotein.com\/nb\/produkt\/instant-oat\/","title":{"rendered":"Instant Oat"},"content":{"rendered":"<p style=\"text-align: left;\" align=\"center\"><span lang=\"en-US\"><strong>Instant Oat<\/strong> <\/span><\/p>\n<p><span lang=\"en-US\">Med sin unike kombinasjon av komplekse karbohydrater og fiber har havremel i pulverform f\u00e5tt rykte p\u00e5 seg for \u00e5 v\u00e6re et allsidig og n\u00e6ringsrikt kosttilskudd som dekker en rekke ulike kostholds- og ern\u00e6ringsmessige behov, b\u00e5de for idrettsut\u00f8vere og de som \u00f8nsker en aktiv og sunn livsstil.<\/span><\/p>\n<p><span lang=\"en-US\">Oppdag effektiviteten til havremel i pulverform, et kosttilskudd som er h\u00f8yt verdsatt for sin evne til \u00e5 gi en rask kilde til komplekse karbohydrater og fiber. Dette produktet har blitt et popul\u00e6rt valg blant dem som \u00f8nsker en sunn frokost eller et mellomm\u00e5ltid som gir vedvarende energi over tid og bidrar til en metthetsf\u00f8lelse p\u00e5 grunn av fiberrikdommen.<\/span><\/p>\n<p><span lang=\"en-US\">Fordeler med havremel i pulverform:<\/span><\/p>\n<ul>\n<li><strong><span lang=\"en-US\">Kilde til karbohydrater med langsom frigj\u00f8ring:<\/span><\/strong><span lang=\"en-US\"> Havremel i pulverform gir komplekse karbohydrater som gradvis frigj\u00f8res i blodet og s\u00f8rger for en jevn tilf\u00f8rsel av energi over tid, noe som er ideelt for \u00e5 st\u00f8tte fysisk eller mental aktivitet.<\/span><\/li>\n<li><strong><span lang=\"en-US\">Rik p\u00e5 fiber:<\/span><\/strong><span lang=\"en-US\"> Takket v\u00e6re fiber bidrar havremel til \u00e5 opprettholde et stabilt blodsukkerniv\u00e5 og fremmer en metthetsf\u00f8lelse, noe som bidrar til \u00e5 kontrollere appetitten og opprettholde en sunn kroppsvekt.<\/span><\/li>\n<li><strong><span lang=\"en-US\">Allsidighet i bruk:<\/span><\/strong><span lang=\"en-US\"> Havremel i pulverform kan enkelt innlemmes i en rekke oppskrifter, inkludert proteinshakes, energidrikker og hjemmelagde proteinbarer, og tilbyr et n\u00e6ringsrikt og velsmakende alternativ for \u00e5 dekke kostholds- og ern\u00e6ringsmessige behov.<\/span><\/li>\n<li><strong><span lang=\"en-US\">Enkel forberedelse:<\/span><\/strong><span lang=\"en-US\"> Havremel i pulverform kan enkelt blandes med vann, melk eller andre v\u00e6sker for \u00e5 lage en n\u00e6ringsrik drikk rik p\u00e5 komplekse karbohydrater og fiber, eller tilsettes i proteinshakes eller havrebaserte oppskrifter.<\/span><\/li>\n<li><strong><span lang=\"en-US\">St\u00f8tte under og etter fysisk aktivitet:<\/span><\/strong><span lang=\"en-US\"> Med sin evne til \u00e5 gi vedvarende energi og tilf\u00f8rsel av fiber er havremel i pulverform spesielt nyttig for dem som \u00f8nsker ern\u00e6ringsmessig st\u00f8tte under eller etter fysisk aktivitet, noe som bidrar til \u00e5 opprettholde et h\u00f8yt prestasjonsniv\u00e5 og fremme muskelrestitusjon.<\/span><\/li>\n<\/ul>\n<p>&nbsp;<\/p>\n<p><strong><span lang=\"en-US\">Anbefalt bruk<\/span><\/strong><\/p>\n<p><span lang=\"en-US\">1 porsjon til frokost, f\u00f8r eller etter trening.<\/span><\/p>\n<p class=\"xmprfx_MsoNormal\"><b>Merknad:<\/b><\/p>\n<ul>\n<li>Kun for voksne og erstatter ikke et variert og balansert kosthold og en sunn livsstil.<\/li>\n<li>Ikke overskrid den anbefalte dosen.<\/li>\n<li>Ikke bruk det under amming, graviditetsperioder uten \u00e5 konsultere legen.<\/li>\n<li>Oppbevar produktet p\u00e5 et kj\u00f8lig, t\u00f8rt sted i en godt forseglet emballasje utilgjengelig for barn under 3 \u00e5r.<\/li>\n<li>Kan inneholde spor av melk, egg og soya.<\/li>\n<li>Laktosefri og Glutenfri.<\/li>\n<\/ul>","protected":false},"excerpt":{"rendered":"<p>Instant Oat Med sin unike kombinasjon av komplekse karbohydrater og fiber har havremel i pulverform opparbeidet seg et rykte som et allsidig og n\u00e6ringsrikt kosttilskudd, egnet for \u00e5 dekke en rekke kostholds- og ern\u00e6ringsbehov, b\u00e5de for idrettsut\u00f8vere og de som \u00f8nsker en aktiv og sunn livsstil. Oppdag effektiviteten til havremel i pulverform, et mye [...].<\/p>","protected":false},"featured_media":6233,"template":"","meta":[],"product_cat":[313,210],"product_tag":[316,223],"class_list":{"0":"post-651","1":"product","2":"type-product","3":"status-publish","4":"has-post-thumbnail","6":"product_cat-protein-snacks-and-fit-food","7":"product_cat-snacks-meal-solutions","8":"product_tag-protein-snacks-fit-food","9":"product_tag-snacks-meal-solutions","11":"first","12":"instock","13":"sale","14":"taxable","15":"shipping-taxable","16":"purchasable","17":"product-type-variable"},"aioseo_notices":[],"_links":{"self":[{"href":"https:\/\/www.selfprotein.com\/nb\/wp-json\/wp\/v2\/product\/651"}],"collection":[{"href":"https:\/\/www.selfprotein.com\/nb\/wp-json\/wp\/v2\/product"}],"about":[{"href":"https:\/\/www.selfprotein.com\/nb\/wp-json\/wp\/v2\/types\/product"}],"wp:featuredmedia":[{"embeddable":true,"href":"https:\/\/www.selfprotein.com\/nb\/wp-json\/wp\/v2\/media\/6233"}],"wp:attachment":[{"href":"https:\/\/www.selfprotein.com\/nb\/wp-json\/wp\/v2\/media?parent=651"}],"wp:term":[{"taxonomy":"product_cat","embeddable":true,"href":"https:\/\/www.selfprotein.com\/nb\/wp-json\/wp\/v2\/product_cat?post=651"},{"taxonomy":"product_tag","embeddable":true,"href":"https:\/\/www.selfprotein.com\/nb\/wp-json\/wp\/v2\/product_tag?post=651"}],"curies":[{"name":"wp","href":"https:\/\/api.w.org\/{rel}","templated":true}]}}