{"id":6994,"date":"2024-06-19T17:32:30","date_gmt":"2024-06-19T15:32:30","guid":{"rendered":"https:\/\/www.selfprotein.com\/?post_type=product&#038;p=6994"},"modified":"2026-04-01T00:00:46","modified_gmt":"2026-03-31T22:00:46","slug":"magnesium-ultra-strenght-444mg","status":"publish","type":"product","link":"https:\/\/www.selfprotein.com\/nb\/produkt\/magnesium-ultra-strenght-444mg\/","title":{"rendered":"Magnesium Ultra Strenght 444mg"},"content":{"rendered":"<p class=\" translation-block\">Magnesium Ultra Strenght 444 mg<\/p>\n<p>Tilskuddet \u00abMagnesium Ultra Strenght\u00bb kan v\u00e6re spesielt nyttig for idrettsut\u00f8vere p\u00e5 grunn av den avgj\u00f8rende rollen magnesium spiller i mange kroppsfunksjoner knyttet til atletisk ytelse, muskelgjenoppretting og generell helse. Utvunnet fra magnesiumoksid, bisglycinat og karbonat.<\/p>\n<p>Slik kan et kraftig magnesiumtilskudd v\u00e6re til nytte for idrettsut\u00f8vere:<\/p>\n<p><strong>Fordeler:<\/strong><\/p>\n<p><strong>St\u00f8tte til musklene<\/strong><\/p>\n<ul>\n<li>Magnesium er avgj\u00f8rende for muskelsammentrekning og -avspenning. Tilstrekkelig tilskudd kan forebygge muskelkramper og spasmer, forbedre ytelsen og redusere risikoen for skader.<\/li>\n<\/ul>\n<p><\/p>\n<p><strong>Muskelrestitusjon<\/strong><\/p>\n<ul>\n<li>Etter en intens trenings\u00f8kt bidrar magnesium til \u00e5 redusere betennelse og fremme muskelrestitusjon. Det kan ogs\u00e5 bidra til \u00e5 redusere opphopning av melkesyre i musklene, noe som reduserer muskel\u00f8mhet etter trening.<\/li>\n<\/ul>\n<p><\/p>\n<p><strong>Energiproduksjon<\/strong><\/p>\n<ul>\n<li>Magnesium er involvert i produksjonen av ATP (adenosintrifosfat), som er cellenes viktigste energikilde. Dette bidrar til utholdenhet og ytelse under trening.<\/li>\n<\/ul>\n<p><\/p>\n<p><strong>Benhelse<\/strong><\/p>\n<ul>\n<li>Magnesium bidrar til bein- og tannhelse, i synergi med kalsium og vitamin D. Dette er viktig for idrettsut\u00f8vere som utsetter beinstrukturen for stress ved intens trening.<\/li>\n<\/ul>\n<p><\/p>\n<p><strong>Elektrolyttbalanse<\/strong><\/p>\n<ul>\n<li>Under trening mister kroppen elektrolytter gjennom svette. Magnesium bidrar til \u00e5 opprettholde elektrolyttbalansen, forhindrer dehydrering og forbedrer muskel- og nervefunksjonen.<\/li>\n<\/ul>\n<p><\/p>\n<p><strong>Regulering av blodsukkeret<\/strong><\/p>\n<ul>\n<li>Magnesium bidrar til \u00e5 regulere blodsukkerniv\u00e5et og insulinf\u00f8lsomheten, gir en stabil energikilde under fysisk aktivitet og bidrar til restitusjon etter trening.<\/li>\n<\/ul>\n<p><\/p>\n<p><strong>Merknad:<\/strong><\/p>\n<ul>\n<li>Kun for voksne og b\u00f8r brukes i et variert, balansert kosthold og en sunn livsstil.<\/li>\n<li>Ikke overskrid den anbefalte dosen.<\/li>\n<li>Anbefalt daglig dose: 2 cps.<\/li>\n<li>M\u00e5 ikke brukes under amming, graviditet, verken for barn eller i lengre perioder uten \u00e5 konsultere legen.<\/li>\n<li>Oppbevar produktet p\u00e5 et kj\u00f8lig, t\u00f8rt sted i en godt lukket emballasje utilgjengelig for barn under 3 \u00e5r.<\/li>\n<li>Kan inneholde spor av melk, havre, egg og soya.<\/li>\n<li>Laktosefri og Glutenfri.<\/li>\n<\/ul>","protected":false},"excerpt":{"rendered":"<details>\n<summary>Ingredienser<\/summary>\n<table style=\"text-align: center;\">\n<tbody>\n<tr>\n<th>Ingredienser<\/th>\n<th>per porsjon 2 kapsler<\/th>\n<th>%NRV<\/th>\n<\/tr>\n<tr>\n<td>Magnesium (Magnesiumoksid\/Magnesiumbisglycinat<br>\/Magnesiumkarbonat)<\/td>\n<td>444 mg<\/td>\n<td>118<\/td>\n<\/tr>\n<tr>\n<td colspan=\"3\"><strong> Andre ingredienser: <\/strong>stabilisatorer (E1400, E470b), vegansk kapsel (E1204)<\/td>\n<\/tr>\n<\/tbody>\n<\/table>\n<\/details>\n<p>&nbsp;<\/p>","protected":false},"featured_media":7036,"template":"","meta":[],"product_cat":[311,214],"product_tag":[317,258],"class_list":{"0":"post-6994","1":"product","2":"type-product","3":"status-publish","4":"has-post-thumbnail","6":"product_cat-recovery-and-regeneration","7":"product_cat-vitamins-wellness","8":"product_tag-recovery-and-regeneration","9":"product_tag-vitamins-wellness","11":"first","12":"instock","13":"sale","14":"taxable","15":"shipping-taxable","16":"purchasable","17":"product-type-simple"},"aioseo_notices":[],"_links":{"self":[{"href":"https:\/\/www.selfprotein.com\/nb\/wp-json\/wp\/v2\/product\/6994"}],"collection":[{"href":"https:\/\/www.selfprotein.com\/nb\/wp-json\/wp\/v2\/product"}],"about":[{"href":"https:\/\/www.selfprotein.com\/nb\/wp-json\/wp\/v2\/types\/product"}],"wp:featuredmedia":[{"embeddable":true,"href":"https:\/\/www.selfprotein.com\/nb\/wp-json\/wp\/v2\/media\/7036"}],"wp:attachment":[{"href":"https:\/\/www.selfprotein.com\/nb\/wp-json\/wp\/v2\/media?parent=6994"}],"wp:term":[{"taxonomy":"product_cat","embeddable":true,"href":"https:\/\/www.selfprotein.com\/nb\/wp-json\/wp\/v2\/product_cat?post=6994"},{"taxonomy":"product_tag","embeddable":true,"href":"https:\/\/www.selfprotein.com\/nb\/wp-json\/wp\/v2\/product_tag?post=6994"}],"curies":[{"name":"wp","href":"https:\/\/api.w.org\/{rel}","templated":true}]}}