{"id":6995,"date":"2024-06-19T17:32:18","date_gmt":"2024-06-19T15:32:18","guid":{"rendered":"https:\/\/www.selfprotein.com\/?post_type=product&#038;p=6995"},"modified":"2026-05-01T00:24:24","modified_gmt":"2026-04-30T22:24:24","slug":"super-omega-3-forte","status":"publish","type":"product","link":"https:\/\/www.selfprotein.com\/nb\/produkt\/super-omega-3-forte\/","title":{"rendered":"Super Omega 3 Forte"},"content":{"rendered":"<p><strong>Super Omega 3 Forte<\/strong><\/p>\n<p>Super Omega-3 Forte er et kosttilskudd med et h\u00f8yt innhold av omega-3-fettsyrer, som vanligvis inneholder h\u00f8ye doser EPA (eikosapentaensyre) og DHA (dokosaheksaensyre). Omega-3-fettsyrene er essensielle for kroppen og har en rekke helsefordeler, noe som er spesielt relevant for de som driver med idrett. Her er en oversikt over de viktigste fordelene og hensynene ved et Super Omega-3 Forte-tilskudd:<\/p>\n<p><strong>Fordeler:<\/strong><\/p>\n<p><strong>Kardiovaskul\u00e6r helse<\/strong><\/p>\n<ul>\n<li>Reduksjon av triglyserider: Omega-3 bidrar til \u00e5 redusere triglyseridniv\u00e5et i blodet, noe som reduserer risikoen for hjerte- og karsykdommer.<\/li>\n<li>Blodtrykk: De kan bidra til \u00e5 redusere blodtrykket hos personer med h\u00f8yt blodtrykk.<\/li>\n<li>Endotelfunksjon: De forbedrer funksjonen til cellene som kler blod\u00e5rene, noe som bidrar til bedre sirkulasjon.<\/li>\n<\/ul>\n<p>&nbsp;<\/p>\n<p><strong>Muskelst\u00f8tte og restitusjon<\/strong><\/p>\n<ul>\n<li>Redusert betennelse: Omega-3-fettsyrene har betennelsesdempende egenskaper, noe som kan bidra til \u00e5 redusere muskel\u00f8mhet og betennelse etter trening.<\/li>\n<li>Restitusjon: De kan fremskynde muskelrestitusjon etter anstrengende trening.<\/li>\n<\/ul>\n<p>&nbsp;<\/p>\n<p><strong>Hjernefunksjon og mental helse<\/strong><\/p>\n<ul>\n<li>Kognitiv forbedring: DHA er viktig for hjernens helse, og bidrar til hukommelse og kognitiv funksjon.<\/li>\n<li>Psykisk helse: Omega-3 kan bidra til \u00e5 redusere symptomer p\u00e5 depresjon og angst.<\/li>\n<\/ul>\n<p>&nbsp;<\/p>\n<p><strong>Felles helse<\/strong><\/p>\n<ul>\n<li>Beskyttelse av leddene: Omega-3-fettsyrer kan bidra til bedre leddhelse, redusere symptomer p\u00e5 leddgikt og forbedre bevegeligheten.<\/li>\n<\/ul>\n<p>&nbsp;<\/p>\n<p><strong>St\u00f8tte til immunforsvaret<\/strong><\/p>\n<ul>\n<li>Immunforsvaret: Omega-3 kan styrke immunforsvaret og hjelpe kroppen med \u00e5 bekjempe infeksjoner og sykdommer.<\/li>\n<\/ul>\n<p>&nbsp;<\/p>\n<p><strong>Merknad:<\/strong><\/p>\n<ul>\n<li>Kun for voksne og b\u00f8r brukes i et variert, balansert kosthold og en sunn livsstil.<\/li>\n<li>Ikke overskrid den anbefalte dosen.<\/li>\n<li>Anbefalt daglig dose: 3 cps.<\/li>\n<li>M\u00e5 ikke brukes under amming, graviditet eller i lengre perioder uten \u00e5 r\u00e5df\u00f8re seg med legen.<\/li>\n<li>Oppbevar produktet p\u00e5 et kj\u00f8lig, t\u00f8rt sted i en godt lukket emballasje utilgjengelig for barn under 3 \u00e5r.<\/li>\n<li>Kan inneholde spor av melk, havre, egg og soya.<\/li>\n<li>Laktosefri og Glutenfri.<\/li>\n<\/ul>","protected":false},"excerpt":{"rendered":"<details>\n<summary>Ingredienser<\/summary>\n<table style=\"text-align: center;\">\n<tbody>\n<tr>\n<th>Ingredienser<\/th>\n<th>3 caps<\/th>\n<\/tr>\n<tr>\n<td>Konsentrert fiskeolje<\/td>\n<td>3000 mg<\/td>\n<\/tr>\n<tr>\n<td>hvorav<\/td>\n<td><\/td>\n<\/tr>\n<tr>\n<td>EPA (eikosapentaensyre)<\/td>\n<td>990 mg<\/td>\n<\/tr>\n<tr>\n<td>DHA (dokosaheksaensyre)<\/td>\n<td>660 mg<\/td>\n<\/tr>\n<tr>\n<td colspan=\"2\"><strong> Andre ingredienser: <\/strong>kapselgelatin (storfe), stabiliseringsmiddel (glyserol)<\/td>\n<\/tr>\n<\/tbody>\n<\/table>\n<\/details>\n<p>&nbsp;<\/p>","protected":false},"featured_media":7038,"template":"","meta":[],"product_cat":[312,214],"product_tag":[314,258],"class_list":{"0":"post-6995","1":"product","2":"type-product","3":"status-publish","4":"has-post-thumbnail","6":"product_cat-health-and-wellness","7":"product_cat-vitamins-wellness","8":"product_tag-health-and-wellness","9":"product_tag-vitamins-wellness","11":"first","12":"instock","13":"taxable","14":"shipping-taxable","15":"purchasable","16":"product-type-simple"},"aioseo_notices":[],"_links":{"self":[{"href":"https:\/\/www.selfprotein.com\/nb\/wp-json\/wp\/v2\/product\/6995"}],"collection":[{"href":"https:\/\/www.selfprotein.com\/nb\/wp-json\/wp\/v2\/product"}],"about":[{"href":"https:\/\/www.selfprotein.com\/nb\/wp-json\/wp\/v2\/types\/product"}],"wp:featuredmedia":[{"embeddable":true,"href":"https:\/\/www.selfprotein.com\/nb\/wp-json\/wp\/v2\/media\/7038"}],"wp:attachment":[{"href":"https:\/\/www.selfprotein.com\/nb\/wp-json\/wp\/v2\/media?parent=6995"}],"wp:term":[{"taxonomy":"product_cat","embeddable":true,"href":"https:\/\/www.selfprotein.com\/nb\/wp-json\/wp\/v2\/product_cat?post=6995"},{"taxonomy":"product_tag","embeddable":true,"href":"https:\/\/www.selfprotein.com\/nb\/wp-json\/wp\/v2\/product_tag?post=6995"}],"curies":[{"name":"wp","href":"https:\/\/api.w.org\/{rel}","templated":true}]}}