{"id":6997,"date":"2024-06-19T17:54:57","date_gmt":"2024-06-19T15:54:57","guid":{"rendered":"https:\/\/www.selfprotein.com\/?post_type=product&#038;p=6997"},"modified":"2026-04-01T00:00:46","modified_gmt":"2026-03-31T22:00:46","slug":"nac-n-acetyl-l-cysteine","status":"publish","type":"product","link":"https:\/\/www.selfprotein.com\/nb\/produkt\/nac-n-acetyl-l-cysteine\/","title":{"rendered":"NAC N-acetyl-cystein"},"content":{"rendered":"<p><strong>NAC N-Acetyl-L-Cysteine<\/strong><\/p>\n<p>NAC (N-acetylcystein) er et kosttilskudd som kan gi idrettsut\u00f8vere en rekke fordeler takket v\u00e6re dets antioksidantegenskaper og dets rolle i \u00e5 forbedre luftveisfunksjonen og redusere betennelse.<\/p>\n<p>Slik kan det v\u00e6re nyttig for idrettsut\u00f8vere:<\/p>\n<p><strong>Fordeler:<\/strong><\/p>\n<p><strong>Kraftig antioksidant<\/strong><\/p>\n<ul>\n<li>NAC bidrar til \u00e5 fylle opp glutationniv\u00e5et, en av kroppens kraftigste antioksidanter. Idrettsut\u00f8vere er ofte utsatt for h\u00f8yt oksidativt stress p\u00e5 grunn av intens fysisk trening, og NAC kan bidra til \u00e5 redusere celleskader for\u00e5rsaket av frie radikaler.<\/li>\n<\/ul>\n<p>&nbsp;<\/p>\n<p><strong>Muskelrestitusjon<\/strong><\/p>\n<ul>\n<li>Ved \u00e5 redusere oksidativt stress og inflammasjon kan NAC bidra til at musklene restituerer seg bedre etter trening. Dette kan f\u00f8re til mindre muskels\u00e5rhet og raskere restitusjon mellom trenings\u00f8ktene.<\/li>\n<\/ul>\n<p>&nbsp;<\/p>\n<p><strong>\u00c5ndedrettshelse<\/strong><\/p>\n<ul>\n<li>NAC har sliml\u00f8sende egenskaper, noe som bidrar til \u00e5 tynne ut slim og forbedre lungefunksjonen. Dette kan v\u00e6re spesielt nyttig for idrettsut\u00f8vere som driver med utholdenhetsidretter, som l\u00f8ping, sykling eller sv\u00f8mming, fordi det forbedrer pusten og oksygentilf\u00f8rselen.<\/li>\n<\/ul>\n<p>&nbsp;<\/p>\n<p><strong>Reduser tretthet<\/strong><\/p>\n<ul>\n<li>Noen studier tyder p\u00e5 at NAC kan bidra til \u00e5 redusere tretthet under langvarig trening, og dermed forbedre utholdenhet og idrettsprestasjoner.<\/li>\n<\/ul>\n<p>&nbsp;<\/p>\n<p><strong>Beskyttelse mot skader<\/strong><\/p>\n<ul>\n<li>De betennelsesdempende egenskapene til NAC kan bidra til \u00e5 redusere risikoen for skader relatert til kronisk betennelse, for eksempel senebetennelse eller andre leddbetennelser.<\/li>\n<\/ul>\n<p>&nbsp;<\/p>\n<p><strong>Merknad:<\/strong><\/p>\n<ul>\n<li>Kun for voksne og b\u00f8r brukes i et variert, balansert kosthold og en sunn livsstil.<\/li>\n<li>Ikke overskrid den anbefalte dosen.<\/li>\n<li>Anbefalt daglig dose: 1 cps.<\/li>\n<li>M\u00e5 ikke brukes under amming, graviditet og lengre perioder uten \u00e5 konsultere legen.<\/li>\n<li>Oppbevar produktet p\u00e5 et kj\u00f8lig, t\u00f8rt sted i en godt lukket emballasje utilgjengelig for barn under 3 \u00e5r.<\/li>\n<li>Kan inneholde spor av melk, havre, egg og soya.<\/li>\n<li>Laktosefri og Glutenfri.<\/li>\n<\/ul>","protected":false},"excerpt":{"rendered":"<details>\n<summary>Ingredienser<\/summary>\n<table style=\"text-align: center;\">\n<tbody>\n<tr>\n<th>Ingredienser<\/th>\n<th>per porsjon 1 kapsel<\/th>\n<\/tr>\n<tr>\n<td>N-acetyl-L-cystein<\/td>\n<td>600 mg<\/td>\n<\/tr>\n<tr>\n<td colspan=\"2\"><strong> Andre ingredienser: <\/strong>stabiliseringsmidler (E460, E470b, E551), vegansk kapsel (E1204)<\/td>\n<\/tr>\n<\/tbody>\n<\/table>\n<\/details>\n<p>&nbsp;<\/p>","protected":false},"featured_media":13936,"template":"","meta":[],"product_cat":[312,214],"product_tag":[314,228],"class_list":{"0":"post-6997","1":"product","2":"type-product","3":"status-publish","4":"has-post-thumbnail","6":"product_cat-health-and-wellness","7":"product_cat-vitamins-wellness","8":"product_tag-health-and-wellness","9":"product_tag-natural-extracts-wellness","11":"first","12":"instock","13":"sale","14":"taxable","15":"shipping-taxable","16":"purchasable","17":"product-type-simple"},"aioseo_notices":[],"_links":{"self":[{"href":"https:\/\/www.selfprotein.com\/nb\/wp-json\/wp\/v2\/product\/6997"}],"collection":[{"href":"https:\/\/www.selfprotein.com\/nb\/wp-json\/wp\/v2\/product"}],"about":[{"href":"https:\/\/www.selfprotein.com\/nb\/wp-json\/wp\/v2\/types\/product"}],"wp:featuredmedia":[{"embeddable":true,"href":"https:\/\/www.selfprotein.com\/nb\/wp-json\/wp\/v2\/media\/13936"}],"wp:attachment":[{"href":"https:\/\/www.selfprotein.com\/nb\/wp-json\/wp\/v2\/media?parent=6997"}],"wp:term":[{"taxonomy":"product_cat","embeddable":true,"href":"https:\/\/www.selfprotein.com\/nb\/wp-json\/wp\/v2\/product_cat?post=6997"},{"taxonomy":"product_tag","embeddable":true,"href":"https:\/\/www.selfprotein.com\/nb\/wp-json\/wp\/v2\/product_tag?post=6997"}],"curies":[{"name":"wp","href":"https:\/\/api.w.org\/{rel}","templated":true}]}}