{"id":7069,"date":"2024-10-26T11:18:46","date_gmt":"2024-10-26T09:18:46","guid":{"rendered":"https:\/\/www.selfprotein.com\/?post_type=product&#038;p=7069"},"modified":"2026-04-01T00:00:47","modified_gmt":"2026-03-31T22:00:47","slug":"carbohydrate-multilayer-monodose","status":"publish","type":"product","link":"https:\/\/www.selfprotein.com\/nb\/produkt\/carbohydrate-multilayer-monodose\/","title":{"rendered":"Karbohydrat flerlags monodose"},"content":{"rendered":"<p><strong>Karbohydrat flerlags monodose<\/strong><\/p>\n<p>\u00d8k energiniv\u00e5et ditt med den presise kombinasjonen av *D-Ribose* og *Cyclic Dextrin*, utviklet for \u00e5 st\u00f8tte prestasjonen din fra start til slutt. Nyt den forfriskende smaken av appelsinjuice samtidig som du fyller kroppen med viktige n\u00e6ringsstoffer.<\/p>\n<p>Energilading og vedlikeholdstilskudd<br \/>\nUtviklet for bruk f\u00f8r, under og etter fysisk aktivitet.<\/p>\n<p>H\u00f8ykonsentrert formel<br \/>\nBeriket med MyoCell Energizer<br \/>\nKombinasjon av D-Ribose og syklisk dekstrin<\/p>\n<p><strong>Merknad:<\/strong><\/p>\n<ul>\n<li>B\u00f8r brukes som en del av et variert og balansert kosthold og en sunn livsstil.<\/li>\n<li>Ikke overskrid den anbefalte dosen.<\/li>\n<li>Anbefalt daglig dose: Bland 30 g (ca. 1 skje) med 400 ml vann i en shaker.<\/li>\n<li>Ikke egnet under amming, graviditet eller for barn.<\/li>\n<li>R\u00e5df\u00f8r deg med lege f\u00f8r bruk hvis du bruker medisiner eller har en medisinsk tilstand.<\/li>\n<li>Oppbevares t\u00f8rt (2 \u00b0C - 22 \u00b0C), godt forseglet og utilgjengelig for barn under 3 \u00e5r.<\/li>\n<li>Kan inneholde spor av egg, soya, havre og melk.<\/li>\n<li>Laktosefri og Glutenfri.<\/li>\n<\/ul>","protected":false},"excerpt":{"rendered":"<details>\n<summary>N\u00e6ringsinnhold<\/summary>\n<table style=\"text-align: center;\">\n<tbody>\n<tr>\n<th>N\u00e6ringsinnhold<\/th>\n<th>per (100 g)<\/th>\n<th>per porsjon (30 g)<\/th>\n<\/tr>\n<tr>\n<td>Energi<\/td>\n<td>376 kcal\/1622 kj<\/td>\n<td>112 kcal\/468 kj<\/td>\n<\/tr>\n<tr>\n<td>Fett<\/td>\n<td>0g<\/td>\n<td>0g<\/td>\n<\/tr>\n<tr>\n<td>Hvorav mettet<\/td>\n<td>0g<\/td>\n<td>0g<\/td>\n<\/tr>\n<tr>\n<td>Karbohydrater<\/td>\n<td>94g<\/td>\n<td>28g<\/td>\n<\/tr>\n<tr>\n<td>hvorav sukkerarter<\/td>\n<td>44g<\/td>\n<td>13g<\/td>\n<\/tr>\n<tr>\n<td>Protein<\/td>\n<td>0g<\/td>\n<td>0g<\/td>\n<\/tr>\n<tr>\n<td>Salt<\/td>\n<td>0g<\/td>\n<td>0g<\/td>\n<\/tr>\n<\/tbody>\n<\/table>\n<\/details>\n<p>&nbsp;<\/p>\n<details>\n<summary>Ingredienser<\/summary>\n<table style=\"text-align: center;\">\n<tbody>\n<tr>\n<td colspan=\"2\"><strong>Ingredienser: <\/strong>maltodextrin DE19, h\u00f8yforgrenet syklisk dekstrin (15%), maltodextrin DE15, isomaltulose (15%), maltodextrin DE6, D-ribose (5%), surhetsregulerende middel (E330), aroma, fargestoff (E160a), s\u00f8tningsmiddel (E955).<\/td>\n<\/tr>\n<\/tbody>\n<\/table>\n<\/details>\n<p>&nbsp;<\/p>","protected":false},"featured_media":14024,"template":"","meta":[],"product_cat":[310,217],"product_tag":[315,230],"class_list":{"0":"post-7069","1":"product","2":"type-product","3":"status-publish","4":"has-post-thumbnail","6":"product_cat-performance-and-endurance","7":"product_cat-pre-workout-energy","8":"product_tag-performance-and-endurance","9":"product_tag-pre-workout-energy","11":"first","12":"instock","13":"taxable","14":"shipping-taxable","15":"purchasable","16":"product-type-simple"},"aioseo_notices":[],"_links":{"self":[{"href":"https:\/\/www.selfprotein.com\/nb\/wp-json\/wp\/v2\/product\/7069"}],"collection":[{"href":"https:\/\/www.selfprotein.com\/nb\/wp-json\/wp\/v2\/product"}],"about":[{"href":"https:\/\/www.selfprotein.com\/nb\/wp-json\/wp\/v2\/types\/product"}],"wp:featuredmedia":[{"embeddable":true,"href":"https:\/\/www.selfprotein.com\/nb\/wp-json\/wp\/v2\/media\/14024"}],"wp:attachment":[{"href":"https:\/\/www.selfprotein.com\/nb\/wp-json\/wp\/v2\/media?parent=7069"}],"wp:term":[{"taxonomy":"product_cat","embeddable":true,"href":"https:\/\/www.selfprotein.com\/nb\/wp-json\/wp\/v2\/product_cat?post=7069"},{"taxonomy":"product_tag","embeddable":true,"href":"https:\/\/www.selfprotein.com\/nb\/wp-json\/wp\/v2\/product_tag?post=7069"}],"curies":[{"name":"wp","href":"https:\/\/api.w.org\/{rel}","templated":true}]}}