{"id":717,"date":"2023-11-27T13:32:01","date_gmt":"2023-11-27T12:32:01","guid":{"rendered":"https:\/\/34.88.231.180\/product\/joint-cartilage\/"},"modified":"2026-05-01T00:23:54","modified_gmt":"2026-04-30T22:23:54","slug":"joint-cartilage","status":"publish","type":"product","link":"https:\/\/www.selfprotein.com\/nb\/produkt\/joint-cartilage\/","title":{"rendered":"Joint Cartilage"},"content":{"rendered":"<p style=\"text-align: left;\" align=\"center\"><strong><span lang=\"en-US\">Joint Cartilage<\/span><\/strong><\/p>\n<p><span lang=\"en-US\">Leddbrusktilskuddskomplekset best\u00e5r av en kombinasjon av MSM (metylsulfonylmetan), vitamin C, avokado, kollagen, kondroitinsulfat og boswellia serrata, som alle er utviklet for \u00e5 forbedre leddhelsen og redusere betennelse.<\/span><\/p>\n<p><span lang=\"en-US\">Joint Cartilage tilbyr en omfattende l\u00f8sning for leddhelse, med en synergistisk kombinasjon av n\u00e6ringsstoffer og forbindelser som virker sammen for \u00e5 redusere betennelse, forbedre fleksibiliteten og lindre leddsmerter.<\/span><\/p>\n<p><span lang=\"en-US\">Her er fordelene med hver komponent:<\/span><\/p>\n<ul>\n<li><strong><span lang=\"en-US\">MSM (metylsulfonylmetan):<\/span><\/strong><span lang=\"en-US\"> MSM er en svovelforbindelse som har vist seg \u00e5 ha betennelsesdempende effekter, noe som reduserer leddsmerter og stivhet.<\/span><\/li>\n<li><strong><span lang=\"en-US\">Vitamin C:<\/span><\/strong><span lang=\"en-US\"> Denne antioksidanten st\u00f8tter kollagensyntesen, som er viktig for leddhelsen, og reduserer betennelse og oksidativt stress.<\/span><\/li>\n<li><strong><span lang=\"en-US\">Avokado:<\/span><\/strong><span lang=\"en-US\"> Avokado er en kilde til sunt fett, fiber, vitaminer og mineraler, og inneholder ogs\u00e5 betennelsesdempende stoffer som kan redusere leddsmerter og stivhet.<\/span><\/li>\n<li><strong><span lang=\"en-US\">Kollagen:<\/span><\/strong><span lang=\"en-US\"> Dette strukturelle proteinet er avgj\u00f8rende for leddenes helse, og gir st\u00f8tte og demping. Kollagentilskudd kan redusere smerte og stivhet, spesielt hos personer med artrose.<\/span><\/li>\n<li><strong><span lang=\"en-US\">Chondroitinsulfat:<\/span><\/strong><span lang=\"en-US\"> Dette glykosaminoglykanet finnes naturlig i brusk og bidrar til reparasjon og vedlikehold av leddvev, noe som reduserer smerte og stivhet.<\/span><\/li>\n<li><strong><span lang=\"en-US\">Boswellia Serrata:<\/span><\/strong><span lang=\"en-US\"> Dette urteekstraktet har en kraftig betennelsesdempende effekt som bidrar til \u00e5 redusere leddsmerter og stivhet, og har blitt brukt i tradisjonell medisin for \u00e5 behandle betennelsestilstander.<\/span><\/li>\n<\/ul>\n<p>&nbsp;<\/p>\n<p><strong><span lang=\"en-US\">Anbefalt bruk<\/span><\/strong><\/p>\n<p><span lang=\"en-US\">Ta 3 kapsler i l\u00f8pet av dagen.<\/span><\/p>\n<p><b>Merknad:<\/b><\/p>\n<ul>\n<li>Kun for voksne og erstatter ikke et variert og balansert kosthold og en sunn livsstil.<\/li>\n<li>Ikke overskrid den anbefalte dosen.<\/li>\n<li>Ikke bruk det under amming, graviditetsperioder uten \u00e5 konsultere legen.<\/li>\n<li>Oppbevar produktet p\u00e5 et kj\u00f8lig, t\u00f8rt sted i en godt forseglet emballasje utilgjengelig for barn under 3 \u00e5r.<\/li>\n<li>Kan inneholde spor av egg, soya, havre og melk.<\/li>\n<li>Laktosefri og Glutenfri.<\/li>\n<\/ul>","protected":false},"excerpt":{"rendered":"<details>\n<summary>Ingredienser<\/summary>\n<table style=\"text-align: center;\">\n<tbody>\n<tr>\n<th>Ingredienser<\/th>\n<th>per 3cps (%NRV)<\/th>\n<\/tr>\n<tr>\n<td>MSM (metylsulfonymetan)<\/td>\n<td>1200 mg<\/td>\n<\/tr>\n<tr>\n<td>Vitamin C (askorbinsyre)<\/td>\n<td>240 (300%)<\/td>\n<\/tr>\n<tr>\n<td>Avokadoekstrakt 20:1 (Persea Americana mill. fructus)<\/td>\n<td>195 mg<\/td>\n<\/tr>\n<tr>\n<td>Kollagenekstrakt av type II (kollagen og brystbrusk)<\/td>\n<td>195 mg<\/td>\n<\/tr>\n<tr>\n<td>Kondroitin (sulfat)<\/td>\n<td>195 mg<\/td>\n<\/tr>\n<tr>\n<td>Boswellia serrata-ekstrakt resina, gummi (35% Boswelliasyrer)<\/td>\n<td>195 mg<\/td>\n<\/tr>\n<tr>\n<td>H.A. (hyaluronsyre)<\/td>\n<td>100 mg<\/td>\n<\/tr>\n<tr>\n<td colspan=\"2\"><strong>Andre ingredienser: <\/strong>gelatinkapsel (storfe), stabiliseringsmidler (E953, E470b, E551)<\/td>\n<\/tr>\n<tr>\n<td colspan=\"2\"><strong>*%NRV <\/strong>daglig referanseverdi for n\u00e6ringsstoffer<\/td>\n<\/tr>\n<\/tbody>\n<\/table>\n<\/details>\n<p>&nbsp;<\/p>","protected":false},"featured_media":13888,"template":"","meta":[],"product_cat":[311,214],"product_tag":[317,258],"class_list":{"0":"post-717","1":"product","2":"type-product","3":"status-publish","4":"has-post-thumbnail","6":"product_cat-recovery-and-regeneration","7":"product_cat-vitamins-wellness","8":"product_tag-recovery-and-regeneration","9":"product_tag-vitamins-wellness","11":"first","12":"instock","13":"sale","14":"taxable","15":"shipping-taxable","16":"purchasable","17":"product-type-simple"},"aioseo_notices":[],"_links":{"self":[{"href":"https:\/\/www.selfprotein.com\/nb\/wp-json\/wp\/v2\/product\/717"}],"collection":[{"href":"https:\/\/www.selfprotein.com\/nb\/wp-json\/wp\/v2\/product"}],"about":[{"href":"https:\/\/www.selfprotein.com\/nb\/wp-json\/wp\/v2\/types\/product"}],"wp:featuredmedia":[{"embeddable":true,"href":"https:\/\/www.selfprotein.com\/nb\/wp-json\/wp\/v2\/media\/13888"}],"wp:attachment":[{"href":"https:\/\/www.selfprotein.com\/nb\/wp-json\/wp\/v2\/media?parent=717"}],"wp:term":[{"taxonomy":"product_cat","embeddable":true,"href":"https:\/\/www.selfprotein.com\/nb\/wp-json\/wp\/v2\/product_cat?post=717"},{"taxonomy":"product_tag","embeddable":true,"href":"https:\/\/www.selfprotein.com\/nb\/wp-json\/wp\/v2\/product_tag?post=717"}],"curies":[{"name":"wp","href":"https:\/\/api.w.org\/{rel}","templated":true}]}}