{"id":723,"date":"2023-11-27T13:42:11","date_gmt":"2023-11-27T12:42:11","guid":{"rendered":"https:\/\/34.88.231.180\/product\/real-glutamine\/"},"modified":"2026-05-01T00:23:57","modified_gmt":"2026-04-30T22:23:57","slug":"l-glutamine","status":"publish","type":"product","link":"https:\/\/www.selfprotein.com\/nb\/produkt\/l-glutamine\/","title":{"rendered":"L-Glutamine"},"content":{"rendered":"<p style=\"text-align: left;\" align=\"center\"><strong><span lang=\"en-US\">L-Glutamine<\/span><\/strong><\/p>\n<p><span lang=\"en-US\">Glutamin er et kosttilskudd som inneholder en aminosyre som finnes naturlig i menneskekroppen, men som ogs\u00e5 kan f\u00e5s gjennom matkilder som kj\u00f8tt, fisk og meieriprodukter. Glutamin er klassifisert som en betinget essensiell aminosyre fordi kroppens behov i visse situasjoner, for eksempel i perioder med intens fysisk aktivitet eller sykdom, kan overstige den naturlige produksjonen, noe som gj\u00f8r det n\u00f8dvendig \u00e5 bruke et tilskudd.<\/span><\/p>\n<p><span lang=\"en-US\">Fordeler med glutamin:<\/span><\/p>\n<ul>\n<li><strong><span lang=\"en-US\">Raskere utvinning<\/span><\/strong><span lang=\"en-US\"><strong>:<\/strong> Glutamin kan bidra til raskere restitusjon etter intens fysisk trening ved \u00e5 tilf\u00f8re kroppen de aminosyrene som trengs for \u00e5 reparere og gjenoppbygge musklene.<\/span><\/li>\n<li><strong><span lang=\"en-US\">Forbedret muskelvekst:<\/span><\/strong><span lang=\"en-US\"> Integrering av glutamin i kostholdet kan fremme muskelvekst ved \u00e5 gi ekstra st\u00f8tte til proteinsyntese og reparasjon av skadet muskelvev.<\/span><\/li>\n<li><strong><span lang=\"en-US\">Reduksjon av muskel\u00f8mhet etter trening<\/span><\/strong><span lang=\"en-US\"><strong>:<\/strong> Glutaminpulver kan bidra til \u00e5 redusere muskelsmerter og \u00f8mhet etter intens fysisk trening ved \u00e5 st\u00f8tte muskelreparasjon og redusere betennelse.<\/span><\/li>\n<li><strong><span lang=\"en-US\">St\u00f8tte for immunforsvaret og ford\u00f8yelsessystemet<\/span><\/strong><span lang=\"en-US\"><strong>:<\/strong> Glutamin spiller en viktig rolle i \u00e5 st\u00f8tte immunforsvarets og ford\u00f8yelsessystemets funksjon, og bidrar dermed til \u00e5 opprettholde den generelle helsen og motstandskraften i perioder med fysisk stress eller sykdom.<\/span><\/li>\n<\/ul>\n<p><\/p>\n<p><strong><span lang=\"en-US\">Anbefalt bruk<\/span><\/strong><\/p>\n<p><span lang=\"en-US\">1 porsjon rett etter trening eller i l\u00f8pet av dagen.<\/span>\n<\/p>\n<p><b>Merknad:<\/b><\/p>\n<ul>\n<li>Kun for voksne og erstatter ikke et variert og balansert kosthold og en sunn livsstil.<\/li>\n<li>Ikke overskrid den anbefalte dosen.<\/li>\n<li>Ikke bruk det under amming, graviditetsperioder uten \u00e5 konsultere legen.<\/li>\n<li>Oppbevar produktet p\u00e5 et kj\u00f8lig, t\u00f8rt sted i en godt forseglet emballasje utilgjengelig for barn under 3 \u00e5r.<\/li>\n<li>Kan inneholde spor av melk, havre, egg og soya.<\/li>\n<li>Laktosefri og Glutenfri.<\/li>\n<\/ul>","protected":false},"excerpt":{"rendered":"<p>L-glutamin Glutamin er et kosttilskudd som inneholder en aminosyre som finnes naturlig i menneskekroppen, og som ogs\u00e5 kan f\u00e5s gjennom matkilder som kj\u00f8tt, fisk og meieriprodukter. Glutamin er klassifisert som en betinget essensiell aminosyre fordi det i visse situasjoner, for eksempel i perioder med intens fysisk aktivitet eller sykdom, kan v\u00e6re [...].<\/p>","protected":false},"featured_media":11994,"template":"","meta":[],"product_cat":[151,311],"product_tag":[161,317],"class_list":{"0":"post-723","1":"product","2":"type-product","3":"status-publish","4":"has-post-thumbnail","6":"product_cat-amino-acids-creatine","7":"product_cat-recovery-and-regeneration","8":"product_tag-amino-acids-creatine","9":"product_tag-recovery-and-regeneration","11":"first","12":"instock","13":"taxable","14":"shipping-taxable","15":"purchasable","16":"product-type-variable"},"aioseo_notices":[],"_links":{"self":[{"href":"https:\/\/www.selfprotein.com\/nb\/wp-json\/wp\/v2\/product\/723"}],"collection":[{"href":"https:\/\/www.selfprotein.com\/nb\/wp-json\/wp\/v2\/product"}],"about":[{"href":"https:\/\/www.selfprotein.com\/nb\/wp-json\/wp\/v2\/types\/product"}],"wp:featuredmedia":[{"embeddable":true,"href":"https:\/\/www.selfprotein.com\/nb\/wp-json\/wp\/v2\/media\/11994"}],"wp:attachment":[{"href":"https:\/\/www.selfprotein.com\/nb\/wp-json\/wp\/v2\/media?parent=723"}],"wp:term":[{"taxonomy":"product_cat","embeddable":true,"href":"https:\/\/www.selfprotein.com\/nb\/wp-json\/wp\/v2\/product_cat?post=723"},{"taxonomy":"product_tag","embeddable":true,"href":"https:\/\/www.selfprotein.com\/nb\/wp-json\/wp\/v2\/product_tag?post=723"}],"curies":[{"name":"wp","href":"https:\/\/api.w.org\/{rel}","templated":true}]}}