{"id":729,"date":"2023-11-27T13:42:24","date_gmt":"2023-11-27T12:42:24","guid":{"rendered":"https:\/\/34.88.231.180\/product\/leucine\/"},"modified":"2026-05-01T00:23:54","modified_gmt":"2026-04-30T22:23:54","slug":"l-leucine","status":"publish","type":"product","link":"https:\/\/www.selfprotein.com\/nb\/produkt\/l-leucine\/","title":{"rendered":"L-Leucine"},"content":{"rendered":"<p style=\"text-align: left\" align=\"center\"><strong><span lang=\"en-US\">Leucine<\/span><\/strong><\/p>\n<p><span lang=\"en-US\">Leucin er en essensiell aminosyre, noe som betyr at menneskekroppen ikke kan produsere den selv, og at den m\u00e5 tilf\u00f8res gjennom kosten. Leucin regnes som en n\u00f8kkelfaktor i muskelproteinsyntesen og er en av de tre forgrenede aminosyrene (BCAA), sammen med isoleucin og valin. Disse BCAA-ene er spesielt viktige for idrettsut\u00f8vere og aktive personer, ettersom de bidrar til \u00e5 bevare muskelmassen og redusere muskelnedbrytning under trening.<\/span><\/p>\n<p><span lang=\"en-US\">Fordelene med leucin:<\/span><\/p>\n<ul>\n<li><strong><span lang=\"en-US\">Bevaring av muskelmasse:<\/span><\/strong><span lang=\"en-US\"> Leucin, sammen med de andre BCAA-ene, er kjent for sin rolle i \u00e5 bevare muskelmassen under fysisk aktivitet, noe som bidrar til \u00e5 motvirke muskelnedbrytning.<\/span><\/li>\n<li><strong><span lang=\"en-US\">Muskelproteinsyntese:<\/span><\/strong><span lang=\"en-US\"> Leucin er essensielt for muskelproteinsyntesen, prosessen der musklene vokser og repareres etter trening, og bidrar dermed til \u00e5 bygge sterkere og mer spenstige muskler.<\/span><\/li>\n<li><strong><span lang=\"en-US\">St\u00f8tte for idrettsut\u00f8vere og aktive personer<\/span><\/strong><span lang=\"en-US\"><strong>:<\/strong> P\u00e5 grunn av sin evne til \u00e5 fremme muskelvekst og beskytte musklene under trening, er leucin spesielt gunstig for idrettsut\u00f8vere og aktive personer som \u00f8nsker \u00e5 maksimere treningsresultatene sine.<\/span><\/li>\n<li><strong><span lang=\"en-US\">Ulike matkilder<\/span><\/strong><span lang=\"en-US\"><strong>:<\/strong> Leucin finnes i en lang rekke matvarer, inkludert meieriprodukter, kj\u00f8tt, fj\u00e6rkre og fisk, noe som gj\u00f8r det enkelt \u00e5 innlemme i det daglige kostholdet for \u00e5 st\u00f8tte muskelhelse og fysisk ytelse.<\/span><\/li>\n<\/ul>\n<p>&nbsp;<\/p>\n<p><strong><span lang=\"en-US\">Anbefalt bruk<\/span><\/strong><\/p>\n<p><span lang=\"en-US\">1 porsjon 30-45 minutter f\u00f8r fysisk aktivitet eller rett etter fysisk aktivitet.<\/span><\/p>\n<p class=\"xmprfx_MsoNormal\"><b>Merknad:<\/b><\/p>\n<ul>\n<li>Kun for voksne og erstatter ikke et variert og balansert kosthold og en sunn livsstil.<\/li>\n<li>Ikke overskrid den anbefalte dosen.<\/li>\n<li>Ikke bruk det under amming, graviditetsperioder uten \u00e5 konsultere legen.<\/li>\n<li>Oppbevar produktet p\u00e5 et kj\u00f8lig, t\u00f8rt sted i en godt forseglet emballasje utilgjengelig for barn under 3 \u00e5r.<\/li>\n<li>Kan inneholde spor av melk, havre, egg og soya.<\/li>\n<li>Laktosefri og Glutenfri.<\/li>\n<\/ul>","protected":false},"excerpt":{"rendered":"<details>\n<summary>Ingredienser<\/summary>\n<table style=\"text-align: center\">\n<tbody>\n<tr>\n<th>Ingredienser<\/th>\n<th>per porsjon<\/th>\n<\/tr>\n<tr>\n<td>L-Leucine<\/td>\n<td>3g<\/td>\n<\/tr>\n<\/tbody>\n<\/table>\n<\/details>\n<p>&nbsp;<\/p>","protected":false},"featured_media":14403,"template":"","meta":[],"product_cat":[151,311],"product_tag":[161,317],"class_list":{"0":"post-729","1":"product","2":"type-product","3":"status-publish","4":"has-post-thumbnail","6":"product_cat-amino-acids-creatine","7":"product_cat-recovery-and-regeneration","8":"product_tag-amino-acids-creatine","9":"product_tag-recovery-and-regeneration","11":"first","12":"instock","13":"taxable","14":"shipping-taxable","15":"purchasable","16":"product-type-simple"},"aioseo_notices":[],"_links":{"self":[{"href":"https:\/\/www.selfprotein.com\/nb\/wp-json\/wp\/v2\/product\/729"}],"collection":[{"href":"https:\/\/www.selfprotein.com\/nb\/wp-json\/wp\/v2\/product"}],"about":[{"href":"https:\/\/www.selfprotein.com\/nb\/wp-json\/wp\/v2\/types\/product"}],"wp:featuredmedia":[{"embeddable":true,"href":"https:\/\/www.selfprotein.com\/nb\/wp-json\/wp\/v2\/media\/14403"}],"wp:attachment":[{"href":"https:\/\/www.selfprotein.com\/nb\/wp-json\/wp\/v2\/media?parent=729"}],"wp:term":[{"taxonomy":"product_cat","embeddable":true,"href":"https:\/\/www.selfprotein.com\/nb\/wp-json\/wp\/v2\/product_cat?post=729"},{"taxonomy":"product_tag","embeddable":true,"href":"https:\/\/www.selfprotein.com\/nb\/wp-json\/wp\/v2\/product_tag?post=729"}],"curies":[{"name":"wp","href":"https:\/\/api.w.org\/{rel}","templated":true}]}}