{"id":732,"date":"2023-11-27T13:42:29","date_gmt":"2023-11-27T12:42:29","guid":{"rendered":"https:\/\/34.88.231.180\/product\/light-legs\/"},"modified":"2026-04-01T00:00:21","modified_gmt":"2026-03-31T22:00:21","slug":"light-legs","status":"publish","type":"product","link":"https:\/\/www.selfprotein.com\/nb\/produkt\/light-legs\/","title":{"rendered":"Light Legs"},"content":{"rendered":"<p style=\"text-align: left;\" align=\"center\"><strong><span lang=\"en-US\">Light Legs<\/span><\/strong><\/p>\n<p><span lang=\"en-US\">Light Legs presenterer seg som et kosttilskudd formulert for \u00e5 motvirke f\u00f8lelsen av tyngde og tretthet i beina, beriket med kalium, og representerer en m\u00e5lrettet l\u00f8sning for \u00e5 forbedre sirkulasjonen og fremme velv\u00e6re i beina. Kombinasjonen av m\u00e5lrettede ingredienser virker synergistisk for \u00e5 l\u00f8se utfordringer knyttet til sirkulasjon og benhelse, og gir lindring til de som lider av tunge ben p\u00e5 grunn av ulike faktorer.<\/span><\/p>\n<p><span lang=\"en-US\">Fordeler med lette ben:<\/span><\/p>\n<ul>\n<li><strong><span lang=\"en-US\">Forbedring av blodsirkulasjonen i beina:<\/span><\/strong><span lang=\"en-US\"> De utvalgte ingrediensene forbedrer blodsirkulasjonen i beina, noe som bidrar til \u00e5 redusere f\u00f8lelsen av tyngde og tretthet.<\/span><\/li>\n<li><strong><span lang=\"en-US\">Reduksjon av tyngdef\u00f8lelse og hevelse i beina<\/span><\/strong><span lang=\"en-US\"><strong>:<\/strong> Takket v\u00e6re tilstedev\u00e6relsen av flavonoider som diosmin og hesperidin bidrar tilskuddet til \u00e5 redusere permeabiliteten i blod\u00e5rene og lindre f\u00f8lelsen av hevelse og tyngde i bena.<\/span><\/li>\n<li><strong><span lang=\"en-US\">St\u00f8tter helsen til blod\u00e5rene:<\/span><\/strong><span lang=\"en-US\"> Ingredienser som Centella Asiatica og ekstrakter av bl\u00e5b\u00e6r og druefr\u00f8 bidrar til \u00e5 fremme blod\u00e5renes helse, og hjelper til med \u00e5 opprettholde deres integritet og funksjonalitet.<\/span><\/li>\n<li><strong><span lang=\"en-US\">Regulering av elektrolytt- og vannbalansen gjennom kalium:<\/span><\/strong><span lang=\"en-US\"> Kalium er involvert i reguleringen av vannbalansen og muskelfunksjonen, st\u00f8tter muskelsammentrekning og -avspenning og bidrar til det generelle velv\u00e6ret i beina.<\/span><\/li>\n<li><strong><span lang=\"en-US\">Tilf\u00f8rsel av antioksidanter for \u00e5 beskytte blod\u00e5rene mot oksidativ skade:<\/span><\/strong><span lang=\"en-US\"> Vitamin C og E, sammen med andre antioksidanter i kosttilskuddet, bidrar til \u00e5 beskytte blod\u00e5rene mot oksidativ skade, slik at de holder seg friske og funksjonelle.<\/span><\/li>\n<li><strong><span lang=\"en-US\">Forbedring av mikrosirkulasjonen:<\/span><\/strong><span lang=\"en-US\"> Tilstedev\u00e6relsen av vitamin B3 bidrar til \u00e5 forbedre mikrosirkulasjonen, noe som letter blodstr\u00f8mmen gjennom sm\u00e5 blod\u00e5rer som kapill\u00e6rene, og sikrer en mer effektiv fordeling av oksygen og n\u00e6ringsstoffer til vevet.<\/span><\/li>\n<\/ul>\n<p>&nbsp;<\/p>\n<p><strong><span lang=\"en-US\">Anbefalt bruk<\/span><\/strong><\/p>\n<p><span lang=\"en-US\">Ta 3 kapsler i l\u00f8pet av dagen.<\/span><\/p>\n<p><b>Merknad:<\/b><\/p>\n<ul>\n<li>Kun for voksne og erstatter ikke et variert og balansert kosthold og en sunn livsstil.<\/li>\n<li>Ikke overskrid den anbefalte dosen.<\/li>\n<li>Ikke bruk det under amming, graviditetsperioder uten \u00e5 konsultere legen.<\/li>\n<li>Oppbevar produktet p\u00e5 et kj\u00f8lig, t\u00f8rt sted i en godt forseglet emballasje utilgjengelig for barn under 3 \u00e5r.<\/li>\n<li>Kan inneholde spor av melk, havre, egg og soya.<\/li>\n<li>Laktosefri og Glutenfri.<\/li>\n<\/ul>","protected":false},"excerpt":{"rendered":"<details>\n<summary>Ingredienser<\/summary>\n<table style=\"text-align: center;\">\n<tbody>\n<tr>\n<th>Ingredienser<\/th>\n<th>per 3cps<\/th>\n<th>%NRV*<\/th>\n<\/tr>\n<tr>\n<td>Kalium (kaliumklorid)<\/td>\n<td>390 mg<\/td>\n<td>20<\/td>\n<\/tr>\n<tr>\n<td>Bl\u00e5b\u00e6r (Vaccinum corymbosum (L) fructus)<\/td>\n<td>450 mg<\/td>\n<td><\/td>\n<\/tr>\n<tr>\n<td>Diosmin (fra Citrus aurantium-extrakt-fructus)<\/td>\n<td>400 mg<\/td>\n<td><\/td>\n<\/tr>\n<tr>\n<td>Gotu Kola (Centella Asiatica (L.) Urb e.s. folium)<\/td>\n<td>201 mg<\/td>\n<td><\/td>\n<\/tr>\n<tr>\n<td>Druefr\u00f8 (Vitis vinifera, s\u00e6d)<\/td>\n<td>100 mg<\/td>\n<td><\/td>\n<\/tr>\n<tr>\n<td>Hesperidin (fra Citrus aurantium-extrakt-fructus)<\/td>\n<td>50 mg<\/td>\n<td><\/td>\n<\/tr>\n<tr>\n<td>Vitamin C (L-askorbinsyre)<\/td>\n<td>80 mg<\/td>\n<td>100<\/td>\n<\/tr>\n<tr>\n<td>Vitamin E (D-alfa-tokoperol)<\/td>\n<td>12 mg<\/td>\n<td>100<\/td>\n<\/tr>\n<tr>\n<td>Vitamin B3 (nikotinamid)<\/td>\n<td>16 mg<\/td>\n<td>100<\/td>\n<\/tr>\n<tr>\n<td colspan=\"3\"><strong>Andre ingredienser: <\/strong>maltodextrin, stabiliseringsmiddel (E470b), vegansk kapsel (E1204)<\/td>\n<\/tr>\n<tr>\n<td colspan=\"3\"><strong>*%NRV:<\/strong>n\u00e6ringsmessig referanseverdi<\/td>\n<\/tr>\n<\/tbody>\n<\/table>\n<\/details>\n<p>&nbsp;<\/p>","protected":false},"featured_media":733,"template":"","meta":[],"product_cat":[312,214],"product_tag":[314,258],"class_list":{"0":"post-732","1":"product","2":"type-product","3":"status-publish","4":"has-post-thumbnail","6":"product_cat-health-and-wellness","7":"product_cat-vitamins-wellness","8":"product_tag-health-and-wellness","9":"product_tag-vitamins-wellness","11":"first","12":"instock","13":"taxable","14":"shipping-taxable","15":"purchasable","16":"product-type-simple"},"aioseo_notices":[],"_links":{"self":[{"href":"https:\/\/www.selfprotein.com\/nb\/wp-json\/wp\/v2\/product\/732"}],"collection":[{"href":"https:\/\/www.selfprotein.com\/nb\/wp-json\/wp\/v2\/product"}],"about":[{"href":"https:\/\/www.selfprotein.com\/nb\/wp-json\/wp\/v2\/types\/product"}],"wp:featuredmedia":[{"embeddable":true,"href":"https:\/\/www.selfprotein.com\/nb\/wp-json\/wp\/v2\/media\/733"}],"wp:attachment":[{"href":"https:\/\/www.selfprotein.com\/nb\/wp-json\/wp\/v2\/media?parent=732"}],"wp:term":[{"taxonomy":"product_cat","embeddable":true,"href":"https:\/\/www.selfprotein.com\/nb\/wp-json\/wp\/v2\/product_cat?post=732"},{"taxonomy":"product_tag","embeddable":true,"href":"https:\/\/www.selfprotein.com\/nb\/wp-json\/wp\/v2\/product_tag?post=732"}],"curies":[{"name":"wp","href":"https:\/\/api.w.org\/{rel}","templated":true}]}}