{"id":735,"date":"2023-11-27T13:42:33","date_gmt":"2023-11-27T12:42:33","guid":{"rendered":"https:\/\/34.88.231.180\/product\/lipofit-advance\/"},"modified":"2026-05-01T00:23:54","modified_gmt":"2026-04-30T22:23:54","slug":"lipofit-advance","status":"publish","type":"product","link":"https:\/\/www.selfprotein.com\/nb\/produkt\/lipofit-advance\/","title":{"rendered":"Lipofit Advance"},"content":{"rendered":"<p style=\"text-align: left;\" align=\"center\"><strong><span lang=\"en-US\">Lipofit Advanced<\/span><\/strong><\/p>\n<p><span lang=\"en-US\">Lipofit Advanced er et kosttilskudd som inneholder en rekke n\u00e6ringsstoffer som har som m\u00e5l \u00e5 st\u00f8tte generell helse og velv\u00e6re. Hver av disse ingrediensene har blitt studert for sine potensielle helsefordeler, og tilbyr variert st\u00f8tte til ulike aspekter av kropp og sinn.<\/span><\/p>\n<p><span lang=\"en-US\">Fordeler med Lipofit Advanced:<\/span><\/p>\n<ul>\n<li><strong><span lang=\"en-US\">CLA (konjugert linolsyre):<\/span><\/strong><span lang=\"en-US\"> CLA er kjent for \u00e5 st\u00f8tte vekttap og forbedre kroppssammensetningen, og noen studier tyder p\u00e5 en reduksjon i kroppsfett og en \u00f8kning i mager masse.<\/span><\/li>\n<li><strong><span lang=\"en-US\">Wakame: <\/span><\/strong><span lang=\"en-US\">Tilsetningen av wakame, en tang som er rik p\u00e5 jod og andre n\u00e6ringsstoffer, kan fremme skjoldbruskkjertelhelsen og potensielt st\u00f8tte hjerte- og karsykdommer og vekttap.<\/span><\/li>\n<li><strong><span lang=\"en-US\">Natriumhyaluronat:<\/span><\/strong><span lang=\"en-US\"> Dette kosttilskuddet er viktig for \u00e5 opprettholde sunne ledd og hud, og noen studier tyder p\u00e5 at det forbedrer hudens fuktighet og elastisitet, samt reduserer leddsmerter.<\/span><\/li>\n<li><strong><span lang=\"en-US\">Vitamin C:<\/span><\/strong><span lang=\"en-US\"> Vitamin C er avgj\u00f8rende for immunforsvaret, hudens helse og s\u00e5rheling, i tillegg til at det fungerer som en antioksidant som beskytter kroppen mot oksidativt stress.<\/span><\/li>\n<li><strong><span lang=\"en-US\">Acai:<\/span><\/strong><span lang=\"en-US\"> Acai er kjent for sitt h\u00f8ye innhold av antioksidanter, som kan bidra til \u00e5 redusere betennelser, forbedre kolesterolniv\u00e5et og st\u00f8tte vekttap.<\/span><\/li>\n<li><strong><span lang=\"en-US\">Vitamin B3 (Niacin):<\/span><\/strong><span lang=\"en-US\"> Niacin er viktig for energiproduksjon, nervesystemets helse og hudens helse, og kan ogs\u00e5 bidra til \u00e5 forbedre kolesterolniv\u00e5et og redusere risikoen for hjerte- og karsykdommer.<\/span><\/li>\n<li><strong><span lang=\"en-US\">Biotin<\/span><\/strong><span lang=\"en-US\"><strong>:<\/strong> Dette B-vitaminet er viktig for helsen til h\u00e5r, hud og negler, og gir viktig st\u00f8tte for skj\u00f8nnhet og vitalitet.<\/span><\/li>\n<\/ul>\n<p>&nbsp;<\/p>\n<p><strong><span lang=\"en-US\">Anbefalt bruk<\/span><\/strong><\/p>\n<p><span lang=\"en-US\">Maks 3 kapsler per dag.<\/span><\/p>\n<p><b>Merknad:<\/b><\/p>\n<ul>\n<li>Kun for voksne og erstatter ikke et variert og balansert kosthold og en sunn livsstil.<\/li>\n<li>Ikke overskrid den anbefalte dosen.<\/li>\n<li>Ikke bruk det under amming, graviditetsperioder uten \u00e5 konsultere legen.<\/li>\n<li>Oppbevar produktet p\u00e5 et kj\u00f8lig, t\u00f8rt sted i en godt forseglet emballasje utilgjengelig for barn under 3 \u00e5r.<\/li>\n<li>Kan inneholde spor av melk, havre, egg og soya.<\/li>\n<li>Laktosefri og Glutenfri.<\/li>\n<\/ul>","protected":false},"excerpt":{"rendered":"<details>\n<summary>Ingredienser<\/summary>\n<table style=\"text-align: center;\">\n<tbody>\n<tr>\n<th>Ingredienser<\/th>\n<th>per 3cps<\/th>\n<th>%NRV*<\/th>\n<\/tr>\n<tr>\n<td>Konjugert linolsyre<\/td>\n<td>300 mg<\/td>\n<td><\/td>\n<\/tr>\n<tr>\n<td>Wakame e.s (30% Fucoxanthin) (Undaria pinnatifida, thallus)<\/td>\n<td>150 mg<\/td>\n<td><\/td>\n<\/tr>\n<tr>\n<td>Natriumhyaluronat<\/td>\n<td>150 mg<\/td>\n<td><\/td>\n<\/tr>\n<tr>\n<td>Vitamin C (L-askorbinsyre)<\/td>\n<td>120 mg<\/td>\n<td>150<\/td>\n<\/tr>\n<tr>\n<td>Acai (Euterpe olaracea Mart. fructus) e.s<\/td>\n<td>60 mg<\/td>\n<td><\/td>\n<\/tr>\n<tr>\n<td>Vitamin B3 (nikotinsyre)<\/td>\n<td>10 mg<\/td>\n<td>63<\/td>\n<\/tr>\n<tr>\n<td>Biotin (D-Biotin)<\/td>\n<td>450 \u03bcg<\/td>\n<td>900<\/td>\n<\/tr>\n<tr>\n<td colspan=\"3\"><strong>Andre ingredienser: <\/strong>stabiliseringsmidler (E470b, E551), vegansk kapsel (E1204)<\/td>\n<\/tr>\n<tr>\n<td colspan=\"3\"><strong>*%NRV <\/strong>n\u00e6ringsmessig referanseverdi<\/td>\n<\/tr>\n<\/tbody>\n<\/table>\n<\/details>\n<p>&nbsp;<\/p>","protected":false},"featured_media":736,"template":"","meta":[],"product_cat":[155,309],"product_tag":[163,319],"class_list":{"0":"post-735","1":"product","2":"type-product","3":"status-publish","4":"has-post-thumbnail","6":"product_cat-weight-control-metabolism","7":"product_cat-weight-management-and-definition","8":"product_tag-weight-control-metabolism","9":"product_tag-weight-management-and-definition","11":"first","12":"instock","13":"sale","14":"taxable","15":"shipping-taxable","16":"purchasable","17":"product-type-simple"},"aioseo_notices":[],"_links":{"self":[{"href":"https:\/\/www.selfprotein.com\/nb\/wp-json\/wp\/v2\/product\/735"}],"collection":[{"href":"https:\/\/www.selfprotein.com\/nb\/wp-json\/wp\/v2\/product"}],"about":[{"href":"https:\/\/www.selfprotein.com\/nb\/wp-json\/wp\/v2\/types\/product"}],"wp:featuredmedia":[{"embeddable":true,"href":"https:\/\/www.selfprotein.com\/nb\/wp-json\/wp\/v2\/media\/736"}],"wp:attachment":[{"href":"https:\/\/www.selfprotein.com\/nb\/wp-json\/wp\/v2\/media?parent=735"}],"wp:term":[{"taxonomy":"product_cat","embeddable":true,"href":"https:\/\/www.selfprotein.com\/nb\/wp-json\/wp\/v2\/product_cat?post=735"},{"taxonomy":"product_tag","embeddable":true,"href":"https:\/\/www.selfprotein.com\/nb\/wp-json\/wp\/v2\/product_tag?post=735"}],"curies":[{"name":"wp","href":"https:\/\/api.w.org\/{rel}","templated":true}]}}