{"id":738,"date":"2023-11-27T13:42:37","date_gmt":"2023-11-27T12:42:37","guid":{"rendered":"https:\/\/34.88.231.180\/product\/lysine\/"},"modified":"2026-05-01T00:23:55","modified_gmt":"2026-04-30T22:23:55","slug":"l-lysine","status":"publish","type":"product","link":"https:\/\/www.selfprotein.com\/nb\/produkt\/l-lysine\/","title":{"rendered":"L-Lysine"},"content":{"rendered":"<p style=\"text-align: left\" align=\"center\"><strong><span lang=\"en-US\">L-Lysine<\/span><\/strong><\/p>\n<p><span lang=\"en-US\">Lysin er en essensiell aminosyre som menneskekroppen ikke kan syntetisere selv, og som derfor m\u00e5 tilf\u00f8res gjennom kosten. Den finnes i en rekke proteinrike matvarer som kj\u00f8tt, fisk, meieriprodukter og belgfrukter. Lysin spiller flere viktige roller i kroppen, og bidrar blant annet til kollagenproduksjon, muskelvekst, regulering av kalsiumopptaket og deltar i syntesen av hormoner, enzymer og antistoffer.<\/span><\/p>\n<p><span lang=\"en-US\">Fordelene med lysin:<\/span><\/p>\n<ul>\n<li><strong><span lang=\"en-US\">Reduksjon i hyppigheten av munns\u00e5r:<\/span><\/strong><span lang=\"en-US\"> Integrering av lysin i kostholdet kan bidra til \u00e5 redusere hyppigheten av forkj\u00f8lelsess\u00e5r, ettersom aminosyren antas \u00e5 hemme replikasjonen av herpes simplex-viruset.<\/span><\/li>\n<li><strong><span lang=\"en-US\">Forbedring av beinhelsen<\/span><\/strong><span lang=\"en-US\"><strong>:<\/strong> Lysin bidrar til bedre beinhelse ved \u00e5 lette opptaket av kalsium og redusere utskillelsen av kalsium i urinen.<\/span><\/li>\n<li><strong><span lang=\"en-US\">Reduksjon av angst<\/span><\/strong><span lang=\"en-US\"><strong>:<\/strong> Noe forskning tyder p\u00e5 at lysin kan bidra til \u00e5 redusere angst og bedre hum\u00f8ret, sannsynligvis p\u00e5 grunn av sin involvering i produksjonen av serotonin, en nevrotransmitter som er forbundet med hum\u00f8rregulering.<\/span><\/li>\n<li><strong><span lang=\"en-US\">Fremskyndelse av s\u00e5rheling:<\/span><\/strong><span lang=\"en-US\"> Integrering av lysin kan bidra til raskere s\u00e5rheling ved \u00e5 stimulere kollagenproduksjonen, som er avgj\u00f8rende for regenerering av hud, sener og annet vev.<\/span><\/li>\n<\/ul>\n<p>&nbsp;<\/p>\n<p><strong><span lang=\"en-US\">Anbefalt bruk<\/span><\/strong><\/p>\n<p><span lang=\"en-US\">1 porsjon rett etter sportsaktivitet.<\/span><\/p>\n<p class=\"xmprfx_MsoNormal\"><b>Merknad:<\/b><\/p>\n<ul>\n<li>Kun for voksne og erstatter ikke et variert og balansert kosthold og en sunn livsstil.<\/li>\n<li>Ikke overskrid den anbefalte dosen.<\/li>\n<li>Ikke bruk det under amming, graviditetsperioder uten \u00e5 konsultere legen.<\/li>\n<li>Oppbevar produktet p\u00e5 et kj\u00f8lig, t\u00f8rt sted i en godt forseglet emballasje utilgjengelig for barn under 3 \u00e5r.<\/li>\n<li>Kan inneholde spor av melk, havre, egg og soya.<\/li>\n<li>Laktosefri og Glutenfri.<\/li>\n<\/ul>","protected":false},"excerpt":{"rendered":"<details>\n<summary>Ingredienser<\/summary>\n<table style=\"text-align: center\">\n<tbody>\n<tr>\n<th>Ingredienser<\/th>\n<th>per porsjon<\/th>\n<\/tr>\n<tr>\n<td>L-Lysine<\/td>\n<td>3g<\/td>\n<\/tr>\n<\/tbody>\n<\/table>\n<\/details>\n<p>&nbsp;<\/p>","protected":false},"featured_media":14406,"template":"","meta":[],"product_cat":[151,311],"product_tag":[161,317],"class_list":{"0":"post-738","1":"product","2":"type-product","3":"status-publish","4":"has-post-thumbnail","6":"product_cat-amino-acids-creatine","7":"product_cat-recovery-and-regeneration","8":"product_tag-amino-acids-creatine","9":"product_tag-recovery-and-regeneration","11":"first","12":"instock","13":"taxable","14":"shipping-taxable","15":"purchasable","16":"product-type-simple"},"aioseo_notices":[],"_links":{"self":[{"href":"https:\/\/www.selfprotein.com\/nb\/wp-json\/wp\/v2\/product\/738"}],"collection":[{"href":"https:\/\/www.selfprotein.com\/nb\/wp-json\/wp\/v2\/product"}],"about":[{"href":"https:\/\/www.selfprotein.com\/nb\/wp-json\/wp\/v2\/types\/product"}],"wp:featuredmedia":[{"embeddable":true,"href":"https:\/\/www.selfprotein.com\/nb\/wp-json\/wp\/v2\/media\/14406"}],"wp:attachment":[{"href":"https:\/\/www.selfprotein.com\/nb\/wp-json\/wp\/v2\/media?parent=738"}],"wp:term":[{"taxonomy":"product_cat","embeddable":true,"href":"https:\/\/www.selfprotein.com\/nb\/wp-json\/wp\/v2\/product_cat?post=738"},{"taxonomy":"product_tag","embeddable":true,"href":"https:\/\/www.selfprotein.com\/nb\/wp-json\/wp\/v2\/product_tag?post=738"}],"curies":[{"name":"wp","href":"https:\/\/api.w.org\/{rel}","templated":true}]}}