{"id":741,"date":"2023-11-27T13:42:41","date_gmt":"2023-11-27T12:42:41","guid":{"rendered":"https:\/\/34.88.231.180\/product\/magnesium\/"},"modified":"2026-05-01T00:23:57","modified_gmt":"2026-04-30T22:23:57","slug":"magnesium","status":"publish","type":"product","link":"https:\/\/www.selfprotein.com\/nb\/produkt\/magnesium\/","title":{"rendered":"Magnesium"},"content":{"rendered":"<p style=\"text-align: left\" align=\"center\"><strong><span lang=\"en-US\">Magnesiumpulver<\/span><\/strong><\/p>\n<p><span lang=\"en-US\">Magnesium spiller en avgj\u00f8rende rolle i idrett, og er involvert i en rekke grunnleggende biologiske prosesser som er avgj\u00f8rende for idrettsprestasjoner. Mineralet spiller en n\u00f8kkelrolle i energiproduksjon, muskelfunksjon, elektrolyttbalanse og beinhelse, og har direkte innvirkning p\u00e5 utholdenhet, styrke og muskelfleksibilitet hos idrettsut\u00f8vere.<\/span><\/p>\n<p><span lang=\"en-US\">Fordeler med magnesiumpulver:<\/span><\/p>\n<ul>\n<li><strong><span lang=\"en-US\">Energiproduksjon:<\/span><\/strong><\/li>\n<\/ul>\n<p><span lang=\"en-US\">- Magnesium er avgj\u00f8rende for ATP-produksjonen, som er den prim\u00e6re energikilden for muskelsammentrekning.<\/span><br \/>\n<span lang=\"en-US\">- Tilstrekkelige magnesiumniv\u00e5er er avgj\u00f8rende for \u00e5 forebygge utmattelse og sikre tilstrekkelig utholdenhet under trening.<\/span><\/p>\n<ul>\n<li><strong><span lang=\"en-US\">Muskelfunksjon:<\/span><\/strong><\/li>\n<\/ul>\n<p><span lang=\"en-US\">- Det bidrar til \u00e5 regulere muskelsammentrekninger og -avspenning, noe som er avgj\u00f8rende for \u00e5 opprettholde muskelstyrke og fleksibilitet.<\/span><br \/>\n<span lang=\"en-US\">- Magnesium kan hjelpe idrettsut\u00f8vere med \u00e5 forbedre ytelsen og forebygge muskelrelaterte skader.<\/span><\/p>\n<ul>\n<li><strong><span lang=\"en-US\">Elektrolyttbalanse:<\/span><\/strong><\/li>\n<\/ul>\n<p><span lang=\"en-US\">- Magnesium fungerer som en elektrolytt og bidrar til \u00e5 opprettholde balansen mellom v\u00e6sker og mineraler i kroppen.<\/span><br \/>\n<span lang=\"en-US\">- Det er spesielt viktig for idrettsut\u00f8vere som mister v\u00e6ske og elektrolytter gjennom svette under trening, og bidrar til \u00e5 forhindre dehydrering og elektrolyttubalanse.<\/span><\/p>\n<ul>\n<li><strong><span lang=\"en-US\">Benhelse:<\/span><\/strong><\/li>\n<\/ul>\n<p><span lang=\"en-US\">- Magnesium er avgj\u00f8rende for bein- og tannhelsen, og reduserer risikoen for stressfrakturer og andre beinskader hos idrettsut\u00f8vere.<\/span><br \/>\n<span lang=\"en-US\">- \u00c5 opprettholde optimale magnesiumniv\u00e5er kan bidra til \u00e5 sikre en solid og spenstig beinstruktur, noe som er avgj\u00f8rende for \u00e5 st\u00f8tte intens og langvarig fysisk aktivitet.<\/span><\/p>\n<p><strong><span lang=\"en-US\">Anbefalt bruk<\/span><\/strong><\/p>\n<p><span lang=\"en-US\">1 porsjon per dag.<\/span><\/p>\n<p><b>Merknad:<\/b><\/p>\n<ul>\n<li>Kun for voksne og erstatter ikke et variert og balansert kosthold og en sunn livsstil.<\/li>\n<li>Ikke overskrid den anbefalte dosen.<\/li>\n<li>Ikke bruk det under amming, graviditetsperioder uten \u00e5 konsultere legen.<\/li>\n<li>Oppbevar produktet p\u00e5 et kj\u00f8lig, t\u00f8rt sted i en godt forseglet emballasje utilgjengelig for barn under 3 \u00e5r.<\/li>\n<li>Kan inneholde spor av melk, havre, egg og soya.<\/li>\n<li>Laktosefri og Glutenfri.<\/li>\n<\/ul>","protected":false},"excerpt":{"rendered":"<p>Magnesiumpulver Magnesium spiller en avgj\u00f8rende rolle i idrett, da det er involvert i en rekke grunnleggende biologiske prosesser for idrettslige prestasjoner. Dette mineralet spiller en n\u00f8kkelrolle i energiproduksjon, muskelfunksjon, elektrolyttbalanse og beinhelse, og har direkte innvirkning p\u00e5 idrettsut\u00f8veres utholdenhet, styrke og muskelfleksibilitet. Fordeler med magnesiumpulver: Energiproduksjon: - Magnesium er essensielt [...]<\/p>","protected":false},"featured_media":12757,"template":"","meta":[],"product_cat":[311,214],"product_tag":[317,258],"class_list":{"0":"post-741","1":"product","2":"type-product","3":"status-publish","4":"has-post-thumbnail","6":"product_cat-recovery-and-regeneration","7":"product_cat-vitamins-wellness","8":"product_tag-recovery-and-regeneration","9":"product_tag-vitamins-wellness","11":"first","12":"instock","13":"taxable","14":"shipping-taxable","15":"purchasable","16":"product-type-variable"},"aioseo_notices":[],"_links":{"self":[{"href":"https:\/\/www.selfprotein.com\/nb\/wp-json\/wp\/v2\/product\/741"}],"collection":[{"href":"https:\/\/www.selfprotein.com\/nb\/wp-json\/wp\/v2\/product"}],"about":[{"href":"https:\/\/www.selfprotein.com\/nb\/wp-json\/wp\/v2\/types\/product"}],"wp:featuredmedia":[{"embeddable":true,"href":"https:\/\/www.selfprotein.com\/nb\/wp-json\/wp\/v2\/media\/12757"}],"wp:attachment":[{"href":"https:\/\/www.selfprotein.com\/nb\/wp-json\/wp\/v2\/media?parent=741"}],"wp:term":[{"taxonomy":"product_cat","embeddable":true,"href":"https:\/\/www.selfprotein.com\/nb\/wp-json\/wp\/v2\/product_cat?post=741"},{"taxonomy":"product_tag","embeddable":true,"href":"https:\/\/www.selfprotein.com\/nb\/wp-json\/wp\/v2\/product_tag?post=741"}],"curies":[{"name":"wp","href":"https:\/\/api.w.org\/{rel}","templated":true}]}}