{"id":747,"date":"2023-11-27T13:42:58","date_gmt":"2023-11-27T12:42:58","guid":{"rendered":"https:\/\/34.88.231.180\/product\/maltodextrin\/"},"modified":"2026-05-01T00:23:57","modified_gmt":"2026-04-30T22:23:57","slug":"maltodextrin","status":"publish","type":"product","link":"https:\/\/www.selfprotein.com\/nb\/produkt\/maltodextrin\/","title":{"rendered":"Maltodextrin"},"content":{"rendered":"<p style=\"text-align: left;\" align=\"center\"><strong><span lang=\"en-US\">Maltodextrin<\/span><\/strong><\/p>\n<p><span lang=\"en-US\">Maltodekstrin er et mye brukt kosttilskudd for \u00e5 sikre rask energip\u00e5fylling, takket v\u00e6re sammensetningen av enkle sukkerarter som er knyttet sammen og raskt kan tas opp i kroppen. De er spesielt popul\u00e6re blant idrettsut\u00f8vere og de som driver med intense fysiske aktiviteter, og tilbyr en rekke viktige fordeler:<\/span><\/p>\n<p><span lang=\"en-US\">Fordeler med maltodextriner:<\/span><\/p>\n<ul>\n<li><strong><span lang=\"en-US\">Rask p\u00e5fylling av energi:<\/span><\/strong><span lang=\"en-US\"> Maltodextriner gir en umiddelbar energikilde under intens eller langvarig fysisk trening, noe som bidrar til \u00e5 opprettholde optimale prestasjonsniv\u00e5er og forhindre tidlig utmattelse.<\/span><\/li>\n<li><strong><span lang=\"en-US\">St\u00f8tte for muskelrestitusjon:<\/span><\/strong><span lang=\"en-US\"> Etter intens trening kan maltodekstrintilskudd brukes sammen med proteiner eller andre n\u00e6ringsstoffer for \u00e5 fremme muskelrestitusjon, bidra til \u00e5 fylle opp t\u00f8mte glykogenreserver og fremme gjenoppbygging av vev.<\/span><\/li>\n<li><strong><span lang=\"en-US\">\u00d8kt kaloriinntak:<\/span><\/strong><span lang=\"en-US\"> Maltodextriner er en effektiv m\u00e5te \u00e5 \u00f8ke det daglige kaloriinntaket p\u00e5, noe som gj\u00f8r dem nyttige for dem med h\u00f8yt energibehov eller dem som \u00f8nsker \u00e5 g\u00e5 opp i vekt p\u00e5 en sunn og kontrollert m\u00e5te.<\/span><\/li>\n<li><strong><span lang=\"en-US\">Enkelt forbruk:<\/span><\/strong><span lang=\"en-US\"> Maltodextrintilskudd er tilgjengelig i ulike former, inkludert pulver og drikke, og kan enkelt innlemmes i det daglige kostholdet, noe som gir et praktisk og praktisk inntak.<\/span><\/li>\n<li><strong><span lang=\"en-US\">Allsidighet i bruk:<\/span><\/strong><span lang=\"en-US\"> Maltodextriner kan inntas alene eller i kombinasjon med andre kosttilskudd eller matvarer for \u00e5 dekke de spesifikke behovene til hver enkelt person, noe som gir fleksibilitet n\u00e5r det gjelder ern\u00e6ring og kosttilskudd.<\/span><\/li>\n<\/ul>\n<p><\/p>\n<p><span lang=\"en-US\">Maltodextriner gir umiddelbar energi og bidrar til muskelrestitusjon, og har derfor blitt et popul\u00e6rt alternativ for idrettsut\u00f8vere og aktive personer som \u00f8nsker \u00e5 maksimere ytelsen og fremme rask muskelregenerering.<\/span><\/p>\n<p><strong><span lang=\"en-US\">Anbefalt bruk<\/span><\/strong><\/p>\n<p><span lang=\"en-US\">1 porsjon f\u00f8r og under trenings\u00f8kter for \u00e5 st\u00f8tte atletisk ytelse. Rett etter fysisk aktivitet for \u00e5 gjenopprette muskelglykogenreserver.<\/span><\/p>\n<p><b>Merknad:<\/b><\/p>\n<ul>\n<li>Kun for voksne og erstatter ikke et variert og balansert kosthold og en sunn livsstil.<\/li>\n<li>Ikke overskrid den anbefalte dosen.<\/li>\n<li>Ikke bruk det under amming, graviditetsperioder uten \u00e5 konsultere legen.<\/li>\n<li>Oppbevar produktet p\u00e5 et kj\u00f8lig, t\u00f8rt sted i en godt forseglet emballasje.<\/li>\n<li>Kan inneholde spor av melk, havre, egg og soya.<\/li>\n<li>Laktosefri og Glutenfri.<\/li>\n<\/ul>","protected":false},"excerpt":{"rendered":"<p>Maltodekstrin Maltodekstrin er et mye brukt kosttilskudd for \u00e5 sikre rask energip\u00e5fylling, takket v\u00e6re sammensetningen av enkle sukkerarter som er knyttet sammen og raskt kan tas opp i kroppen. De er spesielt popul\u00e6re blant idrettsut\u00f8vere og de som driver med intense fysiske aktiviteter, og tilbyr en rekke viktige fordeler: Fordeler med maltodextriner: Rask energip\u00e5fylling: Maltodextriner [...]<\/p>","protected":false},"featured_media":6229,"template":"","meta":[],"product_cat":[310,217],"product_tag":[315,230],"class_list":{"0":"post-747","1":"product","2":"type-product","3":"status-publish","4":"has-post-thumbnail","6":"product_cat-performance-and-endurance","7":"product_cat-pre-workout-energy","8":"product_tag-performance-and-endurance","9":"product_tag-pre-workout-energy","11":"first","12":"instock","13":"taxable","14":"shipping-taxable","15":"purchasable","16":"product-type-variable"},"aioseo_notices":[],"_links":{"self":[{"href":"https:\/\/www.selfprotein.com\/nb\/wp-json\/wp\/v2\/product\/747"}],"collection":[{"href":"https:\/\/www.selfprotein.com\/nb\/wp-json\/wp\/v2\/product"}],"about":[{"href":"https:\/\/www.selfprotein.com\/nb\/wp-json\/wp\/v2\/types\/product"}],"wp:featuredmedia":[{"embeddable":true,"href":"https:\/\/www.selfprotein.com\/nb\/wp-json\/wp\/v2\/media\/6229"}],"wp:attachment":[{"href":"https:\/\/www.selfprotein.com\/nb\/wp-json\/wp\/v2\/media?parent=747"}],"wp:term":[{"taxonomy":"product_cat","embeddable":true,"href":"https:\/\/www.selfprotein.com\/nb\/wp-json\/wp\/v2\/product_cat?post=747"},{"taxonomy":"product_tag","embeddable":true,"href":"https:\/\/www.selfprotein.com\/nb\/wp-json\/wp\/v2\/product_tag?post=747"}],"curies":[{"name":"wp","href":"https:\/\/api.w.org\/{rel}","templated":true}]}}