{"id":753,"date":"2023-11-27T13:43:10","date_gmt":"2023-11-27T12:43:10","guid":{"rendered":"https:\/\/34.88.231.180\/product\/mass-active-gainer\/"},"modified":"2026-04-01T16:50:52","modified_gmt":"2026-04-01T14:50:52","slug":"mass-active-gainer","status":"publish","type":"product","link":"https:\/\/www.selfprotein.com\/nb\/produkt\/mass-active-gainer\/","title":{"rendered":"Mass Active Gainer"},"content":{"rendered":"<p style=\"text-align: left;\" align=\"center\"><strong><span lang=\"en-US\">Mass Active Gainer<\/span><\/strong><\/p>\n<p><span lang=\"en-US\">Mass Active Gainer er et kosttilskudd som er spesielt utviklet for \u00e5 st\u00f8tte de som sliter med \u00e5 g\u00e5 opp i vekt eller \u00f8ke muskelmassen. Med en balansert kombinasjon av proteiner, karbohydrater, fett, vitaminer og mineraler har dette produktet som m\u00e5l \u00e5 gi omfattende st\u00f8tte til muskelvekst og restitusjon. Proteinbasen, som er avledet fra myseprotein, gir rask absorpsjon for \u00e5 fremme muskelproteinsyntese.<\/span><\/p>\n<p><span lang=\"en-US\">Fordeler med Mass Active Gainer:<\/span><\/p>\n<ul>\n<li><strong><span lang=\"en-US\">Proteiner av h\u00f8y kvalitet for muskelsyntese:<\/span><\/strong><span lang=\"en-US\"> Tilstedev\u00e6relsen av myseprotein fremmer rask muskelproteinsyntese, noe som bidrar til muskelvekst og restitusjon.<\/span><\/li>\n<li><strong><span lang=\"en-US\">Hurtigford\u00f8yelige karbohydrater som gir energi:<\/span><\/strong><span lang=\"en-US\"> Karbohydrater fra maltodextriner s\u00f8rger for rask ford\u00f8yelse, fyller effektivt opp glykogenreservene og gir viktig energi til intense trenings\u00f8kter.<\/span><\/li>\n<li><strong><span lang=\"en-US\">Optimal balanse mellom n\u00e6ringsstoffene: <\/span><\/strong><span lang=\"en-US\">Mass Active Whey Gainer tilbyr en velbalansert kombinasjon av proteiner, karbohydrater og fett, noe som gir omfattende st\u00f8tte for sunn vekt\u00f8kning.<\/span><\/li>\n<li><strong><span lang=\"en-US\">Integrering av viktige vitaminer og mineraler:<\/span><\/strong><span lang=\"en-US\"> I tillegg til makron\u00e6ringsstoffer inneholder dette kosttilskuddet vitaminer som C og E, B-vitaminer og sink, noe som bidrar til generell helse og velv\u00e6re.<\/span><\/li>\n<li><strong><span lang=\"en-US\">St\u00f8tte for muskelrestitusjon:<\/span><\/strong><span lang=\"en-US\"> Tilstedev\u00e6relsen av viktige n\u00e6ringsstoffer fremmer muskelrestitusjon etter trening, reduserer risikoen for utmattelse og forbedrer evnen til \u00e5 takle p\u00e5f\u00f8lgende trenings\u00f8kter.<\/span><\/li>\n<\/ul>\n<p>&nbsp;<\/p>\n<p><strong><span lang=\"en-US\">Anbefalt bruk<\/span><\/strong><\/p>\n<p><span lang=\"en-US\">En porsjon rett etter idrettsaktivitet eller 1-2 porsjoner i l\u00f8pet av dagen for de som sliter med \u00e5 g\u00e5 opp i vekt.<\/span><\/p>\n<p><b>Merknad:<\/b><\/p>\n<ul>\n<li>Kun for voksne og erstatter ikke et variert og balansert kosthold og en sunn livsstil.<\/li>\n<li>Ikke overskrid den anbefalte dosen.<\/li>\n<li>Ikke bruk det under amming, graviditetsperioder uten \u00e5 konsultere legen.<\/li>\n<li>Oppbevar produktet p\u00e5 et kj\u00f8lig, t\u00f8rt sted i en godt forseglet emballasje utilgjengelig for barn under 3 \u00e5r.<\/li>\n<li>Kan inneholde spor av havre, egg og soya.<\/li>\n<li>Glutenfri.<\/li>\n<\/ul>","protected":false},"excerpt":{"rendered":"<p>Mass Active Gainer Mass Active Gainer er et kosttilskudd som er spesielt utviklet for \u00e5 st\u00f8tte de som sliter med \u00e5 g\u00e5 opp i vekt eller \u00f8ke muskelmassen. Med en balansert kombinasjon av proteiner, karbohydrater, fett, vitaminer og mineraler har dette produktet som m\u00e5l \u00e5 gi omfattende st\u00f8tte til muskelvekst og restitusjon. Proteinbasen, som er avledet fra myseprotein, gir rask absorpsjon [...].<\/p>","protected":false},"featured_media":755,"template":"","meta":[],"product_cat":[154,308],"product_tag":[162,318],"class_list":{"0":"post-753","1":"product","2":"type-product","3":"status-publish","4":"has-post-thumbnail","6":"product_cat-gain-performance","7":"product_cat-strength-and-muscle-mass","8":"product_tag-gain-performance","9":"product_tag-strength-and-muscle-mass","11":"first","12":"instock","13":"taxable","14":"shipping-taxable","15":"purchasable","16":"product-type-variable"},"aioseo_notices":[],"_links":{"self":[{"href":"https:\/\/www.selfprotein.com\/nb\/wp-json\/wp\/v2\/product\/753"}],"collection":[{"href":"https:\/\/www.selfprotein.com\/nb\/wp-json\/wp\/v2\/product"}],"about":[{"href":"https:\/\/www.selfprotein.com\/nb\/wp-json\/wp\/v2\/types\/product"}],"wp:featuredmedia":[{"embeddable":true,"href":"https:\/\/www.selfprotein.com\/nb\/wp-json\/wp\/v2\/media\/755"}],"wp:attachment":[{"href":"https:\/\/www.selfprotein.com\/nb\/wp-json\/wp\/v2\/media?parent=753"}],"wp:term":[{"taxonomy":"product_cat","embeddable":true,"href":"https:\/\/www.selfprotein.com\/nb\/wp-json\/wp\/v2\/product_cat?post=753"},{"taxonomy":"product_tag","embeddable":true,"href":"https:\/\/www.selfprotein.com\/nb\/wp-json\/wp\/v2\/product_tag?post=753"}],"curies":[{"name":"wp","href":"https:\/\/api.w.org\/{rel}","templated":true}]}}