{"id":771,"date":"2023-11-27T13:44:03","date_gmt":"2023-11-27T12:44:03","guid":{"rendered":"https:\/\/34.88.231.180\/product\/mct-oil\/"},"modified":"2026-04-01T00:00:24","modified_gmt":"2026-03-31T22:00:24","slug":"mct-oil","status":"publish","type":"product","link":"https:\/\/www.selfprotein.com\/nb\/produkt\/mct-oil\/","title":{"rendered":"MCT Oil"},"content":{"rendered":"<p style=\"text-align: left;\" align=\"center\"><strong><span lang=\"en-US\">MCT Oil<\/span><\/strong><\/p>\n<p><span lang=\"en-US\">MCT-olje, som stammer fra mellomkjedede triglyserider (MCT), er et allsidig og gunstig kostholdsalternativ for en rekke form\u00e5l. MCT-olje utvinnes hovedsakelig fra kokosn\u00f8ttolje og andre naturlige kilder, og er kjent for sin raske metabolisme i kroppen og sin evne til \u00e5 gi umiddelbar energi, noe som gj\u00f8r den til et verdifullt tilskudd i flere kostholdssammenhenger og for generelt velv\u00e6re.<\/span><\/p>\n<p><span lang=\"en-US\">Fordelene med MCT-olje:<\/span><\/p>\n<ul>\n<li><strong><span lang=\"en-US\">Rask metabolisme:<\/span><\/strong><\/li>\n<\/ul>\n<p><span lang=\"en-US\">- Takket v\u00e6re sin mellomkjedede struktur blir MCT raskt metabolisert av kroppen, noe som gir umiddelbar energi og st\u00f8tter stoffskiftet.<\/span><\/p>\n<ul>\n<li><strong><span lang=\"en-US\">Energikilde for ketogen diett:<\/span><\/strong><\/li>\n<\/ul>\n<p><span lang=\"en-US\">- MCT-olje er mye brukt i ketogen diett, ettersom triglyserider med middels kjede raskt omdannes til ketoner, som fungerer som en alternativ energikilde for kroppen.<\/span><\/p>\n<ul>\n<li><strong><span lang=\"en-US\">Allsidighet i bruk:<\/span><\/strong><\/li>\n<\/ul>\n<p><span lang=\"en-US\">- MCT-olje kan brukes p\u00e5 ulike m\u00e5ter, for eksempel som matolje til steking eller tilsatt i drikkevarer som kaffe, smoothies og te for \u00e5 gi \u00f8kt energi og bedre metthetsf\u00f8lelse.<\/span><\/p>\n<ul>\n<li><strong><span lang=\"en-US\">Vektkontroll:<\/span><\/strong><\/li>\n<\/ul>\n<p><span lang=\"en-US\">- MCT-olje kan bidra til en langvarig metthetsf\u00f8lelse, noe som bidrar til \u00e5 kontrollere appetitten og st\u00f8tte vekttap n\u00e5r den integreres i et balansert kosthold.<\/span><\/p>\n<p><strong><span lang=\"en-US\">Anbefalt bruk<\/span><\/strong><\/p>\n<p><span lang=\"en-US\">\u00c9n dose (15 ml) per dag.<\/span><\/p>\n<p><b>Merknad:<\/b><\/p>\n<ul>\n<li>\u00a0Kun for voksne og erstatter ikke et variert og balansert kosthold og en sunn livsstil.<\/li>\n<li>\u00a0Ikke overskrid anbefalt dose.<\/li>\n<li>\u00a0Ikke bruk det under amming, graviditetsperioder uten \u00e5 konsultere legen.<\/li>\n<li>\u00a0Oppbevar produktet p\u00e5 et kj\u00f8lig, t\u00f8rt sted i en godt forseglet emballasje.<\/li>\n<li>Laktosefri og Glutenfri.<\/li>\n<\/ul>","protected":false},"excerpt":{"rendered":"<details>\n<summary>N\u00e6ringsinnhold<\/summary>\n<table style=\"text-align: center;\">\n<tbody>\n<tr>\n<th>N\u00e6ringsinnhold<\/th>\n<th>100 ML<\/th>\n<th>15 ml<\/th>\n<\/tr>\n<tr>\n<td>Energi<\/td>\n<td>900 kcal\/3762 kj<\/td>\n<td>135 kcal\/546 kj<\/td>\n<\/tr>\n<tr>\n<td>Fett<\/td>\n<td>100g<\/td>\n<td>15g<\/td>\n<\/tr>\n<tr>\n<td>hvorav mettet<\/td>\n<td>100g<\/td>\n<td>15g<\/td>\n<\/tr>\n<tr>\n<td>Karbohydrater<\/td>\n<td>0g<\/td>\n<td>0g<\/td>\n<\/tr>\n<tr>\n<td>hvorav sukkerarter<\/td>\n<td>0g<\/td>\n<td>0g<\/td>\n<\/tr>\n<tr>\n<td>Protein<\/td>\n<td>0g<\/td>\n<td>0g<\/td>\n<\/tr>\n<tr>\n<td>Salt<\/td>\n<td>0g<\/td>\n<td>0g<\/td>\n<\/tr>\n<tr>\n<td>Fettsyrefordeling per 100 g:<br \/>\nTotalt antall mettede fettsyrer (mct):100g<\/td>\n<td colspan=\"2\">hvorav kaprylsyre (C8:0): 50-65g<br \/>\nhvorav kaprinsyre (C10:0): 30-45g<br \/>\nhvorav kapronsyre (C6:0): 2g<br \/>\nhvorav laurinsyre (C12:0): 2g<br \/>\nhvorav myristinsyre (C14:0): 1g<br \/>\nhvorav palmitinsyre (C16:0): 1g<\/td>\n<\/tr>\n<\/tbody>\n<\/table>\n<\/details>\n<p>&nbsp;<\/p>\n<details>\n<summary>Ingredienser<\/summary>\n<table style=\"text-align: center;\">\n<tbody>\n<tr>\n<td><strong>Ingredienser: <\/strong>100% vegetabilsk kokosolje (triglyserider med middels kjede, mct)<\/td>\n<\/tr>\n<\/tbody>\n<\/table>\n<\/details>\n<p>&nbsp;<\/p>","protected":false},"featured_media":772,"template":"","meta":[],"product_cat":[155,309],"product_tag":[163,319],"class_list":{"0":"post-771","1":"product","2":"type-product","3":"status-publish","4":"has-post-thumbnail","6":"product_cat-weight-control-metabolism","7":"product_cat-weight-management-and-definition","8":"product_tag-weight-control-metabolism","9":"product_tag-weight-management-and-definition","11":"first","12":"instock","13":"taxable","14":"shipping-taxable","15":"purchasable","16":"product-type-simple"},"aioseo_notices":[],"_links":{"self":[{"href":"https:\/\/www.selfprotein.com\/nb\/wp-json\/wp\/v2\/product\/771"}],"collection":[{"href":"https:\/\/www.selfprotein.com\/nb\/wp-json\/wp\/v2\/product"}],"about":[{"href":"https:\/\/www.selfprotein.com\/nb\/wp-json\/wp\/v2\/types\/product"}],"wp:featuredmedia":[{"embeddable":true,"href":"https:\/\/www.selfprotein.com\/nb\/wp-json\/wp\/v2\/media\/772"}],"wp:attachment":[{"href":"https:\/\/www.selfprotein.com\/nb\/wp-json\/wp\/v2\/media?parent=771"}],"wp:term":[{"taxonomy":"product_cat","embeddable":true,"href":"https:\/\/www.selfprotein.com\/nb\/wp-json\/wp\/v2\/product_cat?post=771"},{"taxonomy":"product_tag","embeddable":true,"href":"https:\/\/www.selfprotein.com\/nb\/wp-json\/wp\/v2\/product_tag?post=771"}],"curies":[{"name":"wp","href":"https:\/\/api.w.org\/{rel}","templated":true}]}}