{"id":774,"date":"2023-11-27T13:44:07","date_gmt":"2023-11-27T12:44:07","guid":{"rendered":"https:\/\/34.88.231.180\/product\/mega-tribulus\/"},"modified":"2026-05-01T00:23:59","modified_gmt":"2026-04-30T22:23:59","slug":"tribulus-terrestris","status":"publish","type":"product","link":"https:\/\/www.selfprotein.com\/nb\/produkt\/tribulus-terrestris\/","title":{"rendered":"Tribulus Terrestris"},"content":{"rendered":"<p style=\"text-align: left\" align=\"center\"><strong><span lang=\"en-US\">Tribulus Terrestris<\/span><\/strong><\/p>\n<p><span lang=\"en-US\">Tribulus terrestris er en plante som i \u00e5rhundrer har blitt brukt i tradisjonell medisin, som ayurveda og tradisjonell kinesisk medisin, for en lang rekke helsefordeler.<\/span><\/p>\n<p><span lang=\"en-US\">Tribulus terrestris-tilskudd kan v\u00e6re et godt valg for de som \u00f8nsker \u00e5 forbedre sin seksuelle helse, \u00f8ke energiniv\u00e5et og forbedre den fysiske prestasjonen, men det er viktig at du alltid r\u00e5df\u00f8rer deg med helsepersonell f\u00f8r du starter et kosttilskudd.<\/span><\/p>\n<p><span lang=\"en-US\">Her er noen av fordelene forbundet med Tribulus terrestris:<\/span><\/p>\n<ul>\n<li><strong><span lang=\"en-US\">\u00d8kte testosteronniv\u00e5er:<\/span><\/strong><span lang=\"en-US\"> Tribulus terrestris-tilskudd markedsf\u00f8res ofte som naturlige testosteronboostere p\u00e5 grunn av saponinene i planten, som antas \u00e5 stimulere produksjonen av dette viktige hormonet.<\/span><\/li>\n<li><strong><span lang=\"en-US\">Forbedret atletisk ytelse:<\/span><\/strong><span lang=\"en-US\"> Studier har antydet at Tribulus terrestris kan forbedre den fysiske prestasjonen ved \u00e5 redusere tretthet og \u00f8ke utholdenheten under trening, noe som kan v\u00e6re spesielt fordelaktig for idrettsut\u00f8vere og sportsentusiaster.<\/span><\/li>\n<li><strong><span lang=\"en-US\">Forbedret seksuell funksjon:<\/span><\/strong><span lang=\"en-US\"> Tribulus terrestris har i noen studier blitt assosiert med forbedret seksuell funksjon og libido, noe som gir potensielle fordeler for de som \u00f8nsker \u00e5 forbedre sin seksuelle helse og generelle velv\u00e6re.<\/span><\/li>\n<li><strong><span lang=\"en-US\">St\u00f8tte til generell helse:<\/span><\/strong><span lang=\"en-US\"> I tillegg til de p\u00e5st\u00e5tte effektene p\u00e5 testosteron, kan Tribulus terrestris ogs\u00e5 ha andre helsefordeler, takket v\u00e6re antioksidanter og betennelsesdempende egenskaper, som kan bidra til generelt velv\u00e6re.<\/span><\/li>\n<\/ul>\n<p><\/p>\n<p><strong><span lang=\"en-US\">Anbefalt bruk<\/span><\/strong><\/p>\n<p><span lang=\"en-US\">Ta 3 tabletter f\u00f8r sengetid eller 30-45 minutter f\u00f8r trening.<\/span><\/p>\n<p class=\"xmprfx_MsoNormal\"><b>Merknad:<\/b><\/p>\n<ul>\n<li>\u00a0Kun for voksne og erstatter ikke et variert og balansert kosthold og en sunn livsstil.<\/li>\n<li>\u00a0Ikke overskrid anbefalt dose.<\/li>\n<li>\u00a0Ikke bruk det under amming, graviditetsperioder uten \u00e5 konsultere legen.<\/li>\n<li>\u00a0Oppbevar produktet p\u00e5 et kj\u00f8lig, t\u00f8rt sted i en godt forseglet emballasje utilgjengelig for barn under 3 \u00e5r.<\/li>\n<li>Kan inneholde spor av melk, havre, egg og soya.<\/li>\n<li>Laktosefri og Glutenfri.<\/li>\n<\/ul>","protected":false},"excerpt":{"rendered":"<details>\n<summary>Ingredienser<\/summary>\n<table style=\"text-align: center\">\n<tbody>\n<tr>\n<th>Ingredienser<\/th>\n<th>per porsjon 3tabs<\/th>\n<\/tr>\n<tr>\n<td>Tribulus Terrestris e.s. fructus (90% Saponiner)<\/td>\n<td>2400 mg<\/td>\n<\/tr>\n<tr>\n<td colspan=\"2\"><strong>Andre ingredienser: <\/strong>stabiliseringsmidler (E460, E470b, E551)<\/td>\n<\/tr>\n<\/tbody>\n<\/table>\n<\/details>\n<p>&nbsp;<\/p>","protected":false},"featured_media":13894,"template":"","meta":[],"product_cat":[154,308],"product_tag":[162,318],"class_list":{"0":"post-774","1":"product","2":"type-product","3":"status-publish","4":"has-post-thumbnail","6":"product_cat-gain-performance","7":"product_cat-strength-and-muscle-mass","8":"product_tag-gain-performance","9":"product_tag-strength-and-muscle-mass","11":"first","12":"instock","13":"taxable","14":"shipping-taxable","15":"purchasable","16":"product-type-simple"},"aioseo_notices":[],"_links":{"self":[{"href":"https:\/\/www.selfprotein.com\/nb\/wp-json\/wp\/v2\/product\/774"}],"collection":[{"href":"https:\/\/www.selfprotein.com\/nb\/wp-json\/wp\/v2\/product"}],"about":[{"href":"https:\/\/www.selfprotein.com\/nb\/wp-json\/wp\/v2\/types\/product"}],"wp:featuredmedia":[{"embeddable":true,"href":"https:\/\/www.selfprotein.com\/nb\/wp-json\/wp\/v2\/media\/13894"}],"wp:attachment":[{"href":"https:\/\/www.selfprotein.com\/nb\/wp-json\/wp\/v2\/media?parent=774"}],"wp:term":[{"taxonomy":"product_cat","embeddable":true,"href":"https:\/\/www.selfprotein.com\/nb\/wp-json\/wp\/v2\/product_cat?post=774"},{"taxonomy":"product_tag","embeddable":true,"href":"https:\/\/www.selfprotein.com\/nb\/wp-json\/wp\/v2\/product_tag?post=774"}],"curies":[{"name":"wp","href":"https:\/\/api.w.org\/{rel}","templated":true}]}}