{"id":822,"date":"2023-11-27T13:45:44","date_gmt":"2023-11-27T12:45:44","guid":{"rendered":"https:\/\/34.88.231.180\/product\/mind-focus\/"},"modified":"2026-05-01T00:23:59","modified_gmt":"2026-04-30T22:23:59","slug":"mind-focus","status":"publish","type":"product","link":"https:\/\/www.selfprotein.com\/nb\/produkt\/mind-focus\/","title":{"rendered":"Mind Focus"},"content":{"rendered":"<p style=\"text-align: left\" align=\"center\"><strong><span lang=\"en-US\">Mind Focus<\/span><\/strong><\/p>\n<p><span lang=\"en-US\">Mind Focus Booster representerer et sprang fremover innen kosttilskudd som er utviklet for \u00e5 optimalisere mental klarhet, konsentrasjon og fokus. Dette avanserte kosttilskuddet henvender seg til et bredt spekter av personer, inkludert studenter, profesjonelle, idrettsut\u00f8vere og alle som er ivrige etter \u00e5 forbedre sine kognitive evner for \u00e5 maksimere mental produktivitet.<\/span><\/p>\n<p><span lang=\"en-US\">Fordeler med Mind Focus Booster:<\/span><\/p>\n<ul>\n<li><strong><span lang=\"en-US\">Forbedret konsentrasjon og mental klarhet:<\/span><\/strong><span lang=\"en-US\"> Den unike formelen, beriket med nootropiske ingredienser, fremmer h\u00f8y mental konsentrasjon og overlegen tankeklarhet.<\/span><\/li>\n<li><strong><span lang=\"en-US\">Forbedret hukommelse og kognitiv funksjon:<\/span><\/strong><span lang=\"en-US\"> Med det viktige bidraget fra Bacopa Monnieri, en velkjent plante som brukes til \u00e5 forbedre hukommelsen, st\u00f8tter produktet kognitiv funksjon betydelig.<\/span><\/li>\n<li><strong><span lang=\"en-US\">Reduksjon av stress og mental utmattelse:<\/span><\/strong><span lang=\"en-US\"> Innholdet av L-Theanine har en avslappende effekt som reduserer stress og bidrar til et roligere og mer motstandsdyktig sinn.<\/span><\/li>\n<li><strong><span lang=\"en-US\">\u00d8kt mental \u00e5rv\u00e5kenhet og \u00e5rv\u00e5kenhet:<\/span><\/strong><span lang=\"en-US\"> Takket v\u00e6re de stimulerende effektene av guarana forbedrer Mind Focus Booster den mentale \u00e5rv\u00e5kenheten, og \u00f8ker \u00e5rv\u00e5kenheten og reaksjonsevnen.<\/span><\/li>\n<li><strong><span lang=\"en-US\">Langsiktig st\u00f8tte for hjernens helse:<\/span><\/strong><span lang=\"en-US\"> Viktige kosttilskudd som vitamin B6, B9 (folsyre) og B12 bidrar til helsen til nervesystemet, og gir langsiktig st\u00f8tte til kognitiv funksjon.<\/span><\/li>\n<\/ul>\n<p>&nbsp;<\/p>\n<p><strong><span lang=\"en-US\">Anbefalt bruk<\/span><\/strong><\/p>\n<p><span lang=\"en-US\">Det anbefales \u00e5 ta 2 kapsler i \u00f8yeblikk av mental tretthet.<\/span><\/p>\n<p><strong>Merknad:<\/strong><\/p>\n<ul>\n<li>Kun for voksne og erstatter ikke et variert og balansert kosthold og en sunn livsstil.<\/li>\n<li>Ikke overskrid den anbefalte dosen.<\/li>\n<li>Ikke bruk det under amming, graviditetsperioder uten \u00e5 konsultere legen.<\/li>\n<li>Oppbevar produktet p\u00e5 et kj\u00f8lig, t\u00f8rt sted i en godt forseglet emballasje utilgjengelig for barn under 3 \u00e5r.<\/li>\n<li>Kan inneholde spor av melk, havre, egg og soya.<\/li>\n<li>Laktosefri og Glutenfri.<\/li>\n<\/ul>","protected":false},"excerpt":{"rendered":"<details>\n<summary>Ingredienser<\/summary>\n<table style=\"text-align: center\">\n<tbody>\n<tr>\n<th>N\u00e6ringsinnhold<\/th>\n<th>per 2 cps<\/th>\n<th>%NRV*<\/th>\n<\/tr>\n<tr>\n<td>Guaran\u00e0 (Paullinia Cupana Kunth) s\u00e6d e.s tit 22% koffein<\/td>\n<td>400 mg<\/td>\n<td><\/td>\n<\/tr>\n<tr>\n<td>hvorav koffein<\/td>\n<td>88 mg<\/td>\n<td><\/td>\n<\/tr>\n<tr>\n<td>L-Theanin<\/td>\n<td>300 mg<\/td>\n<td><\/td>\n<\/tr>\n<tr>\n<td>Rhodiola Rosea, L. radix) e.s. tit 3% I rosavin<\/td>\n<td>300 mg<\/td>\n<td><\/td>\n<\/tr>\n<tr>\n<td>hvorav Rosavin<\/td>\n<td>9g<\/td>\n<td><\/td>\n<\/tr>\n<tr>\n<td>Bacopa Monnieri (L.) Pennel herba e.s tit 55% Bacoside<\/td>\n<td>200g<\/td>\n<td><\/td>\n<\/tr>\n<tr>\n<td>hvorav Bacoside<\/td>\n<td>110 mg<\/td>\n<td><\/td>\n<\/tr>\n<tr>\n<td>Vitamin B6 (pyridoksin Hcl)<\/td>\n<td>1,4 mg<\/td>\n<td>100<\/td>\n<\/tr>\n<tr>\n<td>Folsyre<\/td>\n<td>200 \u03bcg<\/td>\n<td>100<\/td>\n<\/tr>\n<tr>\n<td>Vitamin B12 (mekobalamin)<\/td>\n<td>2,5 \u03bcg<\/td>\n<td>100<\/td>\n<\/tr>\n<tr>\n<td colspan=\"3\"><strong>Andre ingredienser: <\/strong>maltodextrin, stabiliseringsmiddel E470b, vegansk kapsel (E1204)<\/td>\n<\/tr>\n<tr>\n<td colspan=\"3\"><strong>*%NRV: <\/strong>n\u00e6ringsmessig referanseverdi<\/td>\n<\/tr>\n<\/tbody>\n<\/table>\n<\/details>\n<p>&nbsp;<\/p>","protected":false},"featured_media":15302,"template":"","meta":[],"product_cat":[312,214],"product_tag":[314,258],"class_list":{"0":"post-822","1":"product","2":"type-product","3":"status-publish","4":"has-post-thumbnail","6":"product_cat-health-and-wellness","7":"product_cat-vitamins-wellness","8":"product_tag-health-and-wellness","9":"product_tag-vitamins-wellness","11":"first","12":"instock","13":"taxable","14":"shipping-taxable","15":"purchasable","16":"product-type-simple"},"aioseo_notices":[],"_links":{"self":[{"href":"https:\/\/www.selfprotein.com\/nb\/wp-json\/wp\/v2\/product\/822"}],"collection":[{"href":"https:\/\/www.selfprotein.com\/nb\/wp-json\/wp\/v2\/product"}],"about":[{"href":"https:\/\/www.selfprotein.com\/nb\/wp-json\/wp\/v2\/types\/product"}],"wp:featuredmedia":[{"embeddable":true,"href":"https:\/\/www.selfprotein.com\/nb\/wp-json\/wp\/v2\/media\/15302"}],"wp:attachment":[{"href":"https:\/\/www.selfprotein.com\/nb\/wp-json\/wp\/v2\/media?parent=822"}],"wp:term":[{"taxonomy":"product_cat","embeddable":true,"href":"https:\/\/www.selfprotein.com\/nb\/wp-json\/wp\/v2\/product_cat?post=822"},{"taxonomy":"product_tag","embeddable":true,"href":"https:\/\/www.selfprotein.com\/nb\/wp-json\/wp\/v2\/product_tag?post=822"}],"curies":[{"name":"wp","href":"https:\/\/api.w.org\/{rel}","templated":true}]}}