{"id":825,"date":"2023-11-27T13:45:48","date_gmt":"2023-11-27T12:45:48","guid":{"rendered":"https:\/\/34.88.231.180\/product\/multivitamin\/"},"modified":"2026-04-01T00:00:27","modified_gmt":"2026-03-31T22:00:27","slug":"multivitamin-pro","status":"publish","type":"product","link":"https:\/\/www.selfprotein.com\/nb\/produkt\/multivitamin-pro\/","title":{"rendered":"Multivitamin Pro"},"content":{"rendered":"<p><strong>Produktoversikt:<\/strong><\/p>\n<p>MULTIVITAMIN PRO inneholder vitaminer og mineraler som kroppen din trenger for \u00e5 fungere optimalt, akkurat som navnet indikerer. Perfekt for personer med redusert kaloriinntak eller \u00f8kt behov for disse n\u00e6ringsstoffene. Sv\u00e6rt nyttig i perioder med fysisk og mental utmattelse for\u00e5rsaket av \u00f8kt treningsbelastning, stressende fysisk aktivitet, feber eller ekstrem varme.<\/p>\n<p><strong>Viktige fordeler:<\/strong><\/p>\n<ul>\n<li>Sikrer den anbefalte daglige dosen av vitaminer og mineraler<\/li>\n<li>St\u00f8tter immunforsvaret<\/li>\n<li>Bidrar til normal energiomsetning<\/li>\n<li>Beskytter cellene mot oksidativt stress<\/li>\n<\/ul>\n<p>&nbsp;<\/p>\n<p><b>Merknad:<\/b><\/p>\n<ul>\n<li>Kun for voksne og erstatter ikke et variert og balansert kosthold og en sunn livsstil.<\/li>\n<li>Ikke overskrid den anbefalte dosen.<\/li>\n<li>Anbefalt dose: 1 kapsel per dag.<\/li>\n<li>Ikke bruk det under amming, graviditetsperioder uten \u00e5 konsultere legen.<\/li>\n<li>Oppbevar produktet p\u00e5 et kj\u00f8lig, t\u00f8rt sted i en godt forseglet emballasje utilgjengelig for barn under 3 \u00e5r.<\/li>\n<li>Kan inneholde spor av melk, havre, egg og soya.<\/li>\n<li>Laktosefri og Glutenfri.<\/li>\n<\/ul>","protected":false},"excerpt":{"rendered":"<p>Produktoversikt: MULTIVITAMIN PRO inneholder vitaminer og mineraler som kroppen din trenger for \u00e5 fungere optimalt, akkurat som navnet indikerer. Perfekt for personer med redusert kaloriinntak eller \u00f8kt behov for disse n\u00e6ringsstoffene. Sv\u00e6rt nyttig i perioder med fysisk og mental utmattelse for\u00e5rsaket av \u00f8kt treningsbelastning, stressende fysisk aktivitet, feber eller ekstrem varme. Viktige fordeler: [...]<\/p>","protected":false},"featured_media":13881,"template":"","meta":[],"product_cat":[312,214],"product_tag":[314,258],"class_list":{"0":"post-825","1":"product","2":"type-product","3":"status-publish","4":"has-post-thumbnail","6":"product_cat-health-and-wellness","7":"product_cat-vitamins-wellness","8":"product_tag-health-and-wellness","9":"product_tag-vitamins-wellness","11":"first","12":"instock","13":"taxable","14":"shipping-taxable","15":"purchasable","16":"product-type-variable"},"aioseo_notices":[],"_links":{"self":[{"href":"https:\/\/www.selfprotein.com\/nb\/wp-json\/wp\/v2\/product\/825"}],"collection":[{"href":"https:\/\/www.selfprotein.com\/nb\/wp-json\/wp\/v2\/product"}],"about":[{"href":"https:\/\/www.selfprotein.com\/nb\/wp-json\/wp\/v2\/types\/product"}],"wp:featuredmedia":[{"embeddable":true,"href":"https:\/\/www.selfprotein.com\/nb\/wp-json\/wp\/v2\/media\/13881"}],"wp:attachment":[{"href":"https:\/\/www.selfprotein.com\/nb\/wp-json\/wp\/v2\/media?parent=825"}],"wp:term":[{"taxonomy":"product_cat","embeddable":true,"href":"https:\/\/www.selfprotein.com\/nb\/wp-json\/wp\/v2\/product_cat?post=825"},{"taxonomy":"product_tag","embeddable":true,"href":"https:\/\/www.selfprotein.com\/nb\/wp-json\/wp\/v2\/product_tag?post=825"}],"curies":[{"name":"wp","href":"https:\/\/api.w.org\/{rel}","templated":true}]}}