{"id":831,"date":"2023-11-27T13:47:49","date_gmt":"2023-11-27T12:47:49","guid":{"rendered":"https:\/\/34.88.231.180\/product\/multivitamin-liquid\/"},"modified":"2026-04-01T00:00:25","modified_gmt":"2026-03-31T22:00:25","slug":"multivitamin-liquid","status":"publish","type":"product","link":"https:\/\/www.selfprotein.com\/nb\/produkt\/multivitamin-liquid\/","title":{"rendered":"Multivitamin Liquid"},"content":{"rendered":"<p style=\"text-align: left\" align=\"center\"><strong><span lang=\"en-US\">Multivitamin Liquid<\/span><\/strong><\/p>\n<p><span lang=\"en-US\">Multivitamin Liquid er et kosttilskudd som er sammensatt for \u00e5 gi en kombinasjon av viktige vitaminer og mineraler. Dette produktet er utviklet for \u00e5 supplere kostholdet, bidra til \u00e5 fylle eventuelle ern\u00e6ringsmessige hull og sikre et tilstrekkelig inntak av n\u00e6ringsstoffer som er avgj\u00f8rende for helsen.<\/span><\/p>\n<p><span lang=\"en-US\">Fordeler med multivitaminv\u00e6ske:<\/span><\/p>\n<ul>\n<li><strong><span lang=\"en-US\">Utfylling av ern\u00e6ringsmessige gap:<\/span><\/strong><span lang=\"en-US\"> Multivitaminv\u00e6ske er en praktisk m\u00e5te \u00e5 sikre at du f\u00e5r i deg alle de essensielle vitaminene og mineralene kroppen din trenger, og hjelper deg med \u00e5 dekke eventuelle mangler i det daglige kostholdet.<\/span><\/li>\n<li><strong><span lang=\"en-US\">Tilf\u00f8rsel av viktige n\u00e6ringsstoffer:<\/span><\/strong><span lang=\"en-US\"> Dette kosttilskuddet inneholder et bredt spekter av vitaminer, inkludert A-, C-, D-, E- og B-vitaminer, sammen med mineraler som kalsium, jern og sink, som er avgj\u00f8rende for at kroppen skal fungere som den skal.<\/span><\/li>\n<li><strong><span lang=\"en-US\">St\u00f8tte for den generelle helsen:<\/span><\/strong><span lang=\"en-US\"> Vitaminene og mineralene i Multivitamin Liquid bidrar til \u00e5 st\u00f8tte en rekke viktige kroppsfunksjoner, fra immunforsvaret til bein- og hudhelse, og fra hjertehelse til generelt velv\u00e6re.<\/span><\/li>\n<li><strong><span lang=\"en-US\">Bekvemmelighet i forbruk:<\/span><\/strong><span lang=\"en-US\"> Multivitaminet i flytende form er enkelt og raskt \u00e5 innta, og er ideelt for dem som foretrekker \u00e5 unng\u00e5 piller eller har problemer med \u00e5 svelge dem.<\/span><\/li>\n<\/ul>\n<p>&nbsp;<\/p>\n<p><span lang=\"en-US\">Det er viktig \u00e5 huske at Multivitaminv\u00e6ske ikke er en erstatning for et balansert og variert kosthold. Det er avgj\u00f8rende \u00e5 fortsette \u00e5 f\u00f8lge et kosthold som er rikt p\u00e5 frukt, gr\u00f8nnsaker, proteiner og fullkorn for \u00e5 sikre et tilstrekkelig inntak av n\u00e6ringsstoffer og fremme langsiktig helse.<\/span><\/p>\n<p><strong><span lang=\"en-US\">Anbefalt bruk<\/span><\/strong><\/p>\n<p><span lang=\"en-US\">1 dose (15 ml) per dag.<\/span><\/p>\n<p class=\"xmprfx_MsoNormal\"><b>Merknad:<\/b><\/p>\n<ul>\n<li>Kun for voksne og erstatter ikke et variert og balansert kosthold og en sunn livsstil.<\/li>\n<li>Ikke overskrid den anbefalte dosen.<\/li>\n<li>Ikke bruk det under amming, graviditetsperioder uten \u00e5 konsultere legen.<\/li>\n<li>Oppbevar produktet p\u00e5 et kj\u00f8lig, t\u00f8rt sted i en godt forseglet emballasje utilgjengelig for barn under 3 \u00e5r.<\/li>\n<li>Kan inneholde spor av melk, havre, egg og soya.<\/li>\n<li>Laktosefri og Glutenfri.<\/li>\n<\/ul>","protected":false},"excerpt":{"rendered":"<details>\n<summary>Ingredienser<\/summary>\n<table style=\"text-align: center\">\n<tbody>\n<tr>\n<th>Ingredienser<\/th>\n<th>per 100 ml<\/th>\n<th>per porsjon 15 ml<\/th>\n<th>NRV* per porsjon<\/th>\n<\/tr>\n<tr>\n<td>Vitamin A (retinylacetat)<\/td>\n<td>5328\u03bcg<\/td>\n<td>800 \u03bcg<\/td>\n<td>100<\/td>\n<\/tr>\n<tr>\n<td>Vitamin D (kolekalsiferol)<\/td>\n<td>33,3\u03bcg<\/td>\n<td>5\u03bcg<\/td>\n<td>100<\/td>\n<\/tr>\n<tr>\n<td>Vitamin E (D-ALfa-tokoferol)<\/td>\n<td>79,92 mg<\/td>\n<td>12 mg<\/td>\n<td>100<\/td>\n<\/tr>\n<tr>\n<td>Vitamin C (askorbinsyre)<\/td>\n<td>532,8 mg<\/td>\n<td>80 mg<\/td>\n<td>100<\/td>\n<\/tr>\n<tr>\n<td>Vitamin B1 (tiamin Hcl)<\/td>\n<td>7,33 mg<\/td>\n<td>1,1 mg<\/td>\n<td>100<\/td>\n<\/tr>\n<tr>\n<td>Vitamin B2 (Riboflavin)<\/td>\n<td>9,32 mg<\/td>\n<td>1,4 mg<\/td>\n<td>100<\/td>\n<\/tr>\n<tr>\n<td>Vitamin B3 (nikotinamid)<\/td>\n<td>105,6 mg<\/td>\n<td>16 mg<\/td>\n<td>100<\/td>\n<\/tr>\n<tr>\n<td>Vitamin B6 (pyridoksin Hcl)<\/td>\n<td>9,32 mg<\/td>\n<td>1,4 mg<\/td>\n<td>100<\/td>\n<\/tr>\n<tr>\n<td>Folsyre<\/td>\n<td>1320 \u03bcg<\/td>\n<td>200 \u03bcg<\/td>\n<td>100<\/td>\n<\/tr>\n<tr>\n<td>Vitamin B12 (mekobalamin)<\/td>\n<td>16,65 \u03bcg<\/td>\n<td>2,5 \u03bcg<\/td>\n<td>100<\/td>\n<\/tr>\n<tr>\n<td>Biotin (D-Biotin)<\/td>\n<td>333 \u03bcg<\/td>\n<td>50 \u03bcg<\/td>\n<td>100<\/td>\n<\/tr>\n<tr>\n<td>Pantotensyre (kalsium-D-pantotenat)<\/td>\n<td>39,96 mg<\/td>\n<td>6 mg<\/td>\n<td>100<\/td>\n<\/tr>\n<tr>\n<td>Jern (Fumaratjern)<\/td>\n<td>92,4 mg<\/td>\n<td>14 mg<\/td>\n<td>100<\/td>\n<\/tr>\n<tr>\n<td>Sink (sinkglukonat)<\/td>\n<td>66,6 mg<\/td>\n<td>10 mg<\/td>\n<td>100<\/td>\n<\/tr>\n<tr>\n<td>Kobber (kobberglukonat)<\/td>\n<td>6,6 mg<\/td>\n<td>1 mg<\/td>\n<td>100<\/td>\n<\/tr>\n<tr>\n<td>Mangan (manganglukonat)<\/td>\n<td>13,32 mg<\/td>\n<td>2 mg<\/td>\n<td>100<\/td>\n<\/tr>\n<tr>\n<td>Selen (natriumselenat)<\/td>\n<td>366,3\u03bcg<\/td>\n<td>55 \u03bcg<\/td>\n<td>100<\/td>\n<\/tr>\n<tr>\n<td>Krom (kromklorid)<\/td>\n<td>266,4\u03bcg<\/td>\n<td>40 \u03bcg<\/td>\n<td>100<\/td>\n<\/tr>\n<tr>\n<td>Jod (kaliumjodat)<\/td>\n<td>999 \u03bcg<\/td>\n<td>150 \u03bcg<\/td>\n<td>100<\/td>\n<\/tr>\n<tr>\n<td colspan=\"4\"><strong>Andre ingredienser: <\/strong>vann, surhetsregulerende middel (E296), konserveringsmidler (E211,E202), aromaer, s\u00f8tningsmiddel (E955)<\/td>\n<\/tr>\n<tr>\n<td colspan=\"4\"><strong>*%NRV: <\/strong>n\u00e6ringsmessig referanseverdi<\/td>\n<\/tr>\n<\/tbody>\n<\/table>\n<\/details>\n<p>&nbsp;<\/p>","protected":false},"featured_media":832,"template":"","meta":[],"product_cat":[214],"product_tag":[258],"class_list":{"0":"post-831","1":"product","2":"type-product","3":"status-publish","4":"has-post-thumbnail","6":"product_cat-vitamins-wellness","7":"product_tag-vitamins-wellness","9":"first","10":"instock","11":"taxable","12":"shipping-taxable","13":"purchasable","14":"product-type-simple"},"aioseo_notices":[],"_links":{"self":[{"href":"https:\/\/www.selfprotein.com\/nb\/wp-json\/wp\/v2\/product\/831"}],"collection":[{"href":"https:\/\/www.selfprotein.com\/nb\/wp-json\/wp\/v2\/product"}],"about":[{"href":"https:\/\/www.selfprotein.com\/nb\/wp-json\/wp\/v2\/types\/product"}],"wp:featuredmedia":[{"embeddable":true,"href":"https:\/\/www.selfprotein.com\/nb\/wp-json\/wp\/v2\/media\/832"}],"wp:attachment":[{"href":"https:\/\/www.selfprotein.com\/nb\/wp-json\/wp\/v2\/media?parent=831"}],"wp:term":[{"taxonomy":"product_cat","embeddable":true,"href":"https:\/\/www.selfprotein.com\/nb\/wp-json\/wp\/v2\/product_cat?post=831"},{"taxonomy":"product_tag","embeddable":true,"href":"https:\/\/www.selfprotein.com\/nb\/wp-json\/wp\/v2\/product_tag?post=831"}],"curies":[{"name":"wp","href":"https:\/\/api.w.org\/{rel}","templated":true}]}}