{"id":845,"date":"2023-11-27T13:48:08","date_gmt":"2023-11-27T12:48:08","guid":{"rendered":"https:\/\/34.88.231.180\/product\/omega-3-fish-oil\/"},"modified":"2026-05-01T00:24:01","modified_gmt":"2026-04-30T22:24:01","slug":"omega-3-fish-oil","status":"publish","type":"product","link":"https:\/\/www.selfprotein.com\/nb\/produkt\/omega-3-fish-oil\/","title":{"rendered":"Omega 3 Fish Oil"},"content":{"rendered":"<p style=\"text-align: left;\" align=\"center\"><strong><span lang=\"en-US\">Omega 3<\/span><\/strong><\/p>\n<p><span lang=\"en-US\">Omega-3-fettsyrer er en kategori flerumettet fett som er kjent for sine mange helsefordeler, inkludert de som er spesifikke for idrettsut\u00f8vere.<\/span><\/p>\n<p><span lang=\"en-US\">Integrering av omega-3 i kostholdet kan v\u00e6re spesielt gunstig for idrettsut\u00f8vere, og bidra til \u00e5 styrke den generelle helsen, muskelrestitusjon og optimal fysisk og kognitiv ytelse.<\/span><\/p>\n<p><span lang=\"en-US\">Fordelene med omega-3 er blant annet<\/span><\/p>\n<ul>\n<li><strong><span lang=\"en-US\">Reduksjon av betennelse<\/span><\/strong><span lang=\"en-US\"><strong>:<\/strong> Omega-3-fettsyrene har betennelsesdempende egenskaper som kan bidra til \u00e5 redusere betennelse og smerte i forbindelse med intens fysisk aktivitet, noe som bidrar til rask restitusjon etter trening.<\/span><\/li>\n<li><strong><span lang=\"en-US\">Forbedring av kardiovaskul\u00e6r helse:<\/span><\/strong><span lang=\"en-US\"> Omega-3 kan fremme hjerte- og blodkarhelsen, noe som er viktig for idrettsut\u00f8vere som driver med utholdenhetsidrett, og som f\u00f8rer til bedre utholdenhet og ytelse.<\/span><\/li>\n<li><strong><span lang=\"en-US\">St\u00f8tte til muskelproteinsyntese:<\/span><\/strong><span lang=\"en-US\"> Omega-3 kan \u00f8ke muskelproteinsyntesen, fremme muskelvekst og restitusjon etter intens fysisk aktivitet, slik at idrettsut\u00f8vere kan opprettholde optimal muskelmasse.<\/span><\/li>\n<li><strong><span lang=\"en-US\">Forbedring av kognitiv funksjon:<\/span><\/strong><span lang=\"en-US\"> Omega-3 er forbundet med forbedret kognitiv funksjon, inkludert hukommelse, oppmerksomhet og konsentrasjon, noe som gir idrettsut\u00f8vere et mentalt forsprang under trening og konkurranse.<\/span><\/li>\n<\/ul>\n<p>&nbsp;<\/p>\n<p><strong><span lang=\"en-US\">Anbefalt bruk<\/span><\/strong><\/p>\n<p><span lang=\"en-US\">Ta 3 kapsler i l\u00f8pet av dagen.<\/span><\/p>\n<p><b>Merknad:<\/b><\/p>\n<ul>\n<li>Kun for voksne og erstatter ikke et variert og balansert kosthold og en sunn livsstil.<\/li>\n<li>Ikke overskrid den anbefalte dosen.<\/li>\n<li>Ikke bruk det under amming, graviditetsperioder uten \u00e5 konsultere legen.<\/li>\n<li>Oppbevar produktet p\u00e5 et kj\u00f8lig, t\u00f8rt sted i en godt forseglet emballasje utilgjengelig for barn under 3 \u00e5r.<\/li>\n<li>Kan inneholde spor av melk, havre, egg og soya.<\/li>\n<li>Laktosefri og Glutenfri.<\/li>\n<\/ul>","protected":false},"excerpt":{"rendered":"<p>Omega 3 Omega-3-fettsyrer er en kategori flerumettet fett som er kjent for sine mange helsefordeler, inkludert de som er spesifikke for idrettsut\u00f8vere. Integrering av omega-3-fettsyrer i kostholdet kan v\u00e6re spesielt gunstig for idrettsut\u00f8vere, og bidra til \u00e5 styrke den generelle helsen, muskelrestitusjon og optimal fysisk og kognitiv ytelse. Fordelene med omega-3 er blant annet Reduksjon av betennelser: Omega-3-fettsyrer har [...]<\/p>","protected":false},"featured_media":12761,"template":"","meta":[],"product_cat":[312,214],"product_tag":[314,258],"class_list":{"0":"post-845","1":"product","2":"type-product","3":"status-publish","4":"has-post-thumbnail","6":"product_cat-health-and-wellness","7":"product_cat-vitamins-wellness","8":"product_tag-health-and-wellness","9":"product_tag-vitamins-wellness","11":"first","12":"instock","13":"taxable","14":"shipping-taxable","15":"purchasable","16":"product-type-variable"},"aioseo_notices":[],"_links":{"self":[{"href":"https:\/\/www.selfprotein.com\/nb\/wp-json\/wp\/v2\/product\/845"}],"collection":[{"href":"https:\/\/www.selfprotein.com\/nb\/wp-json\/wp\/v2\/product"}],"about":[{"href":"https:\/\/www.selfprotein.com\/nb\/wp-json\/wp\/v2\/types\/product"}],"wp:featuredmedia":[{"embeddable":true,"href":"https:\/\/www.selfprotein.com\/nb\/wp-json\/wp\/v2\/media\/12761"}],"wp:attachment":[{"href":"https:\/\/www.selfprotein.com\/nb\/wp-json\/wp\/v2\/media?parent=845"}],"wp:term":[{"taxonomy":"product_cat","embeddable":true,"href":"https:\/\/www.selfprotein.com\/nb\/wp-json\/wp\/v2\/product_cat?post=845"},{"taxonomy":"product_tag","embeddable":true,"href":"https:\/\/www.selfprotein.com\/nb\/wp-json\/wp\/v2\/product_tag?post=845"}],"curies":[{"name":"wp","href":"https:\/\/api.w.org\/{rel}","templated":true}]}}