{"id":865,"date":"2023-11-27T13:48:50","date_gmt":"2023-11-27T12:48:50","guid":{"rendered":"https:\/\/34.88.231.180\/product\/plant-based-protein\/"},"modified":"2026-05-01T00:24:01","modified_gmt":"2026-04-30T22:24:01","slug":"plant-based-protein","status":"publish","type":"product","link":"https:\/\/www.selfprotein.com\/nb\/produkt\/plant-based-protein\/","title":{"rendered":"Plant Based Protein"},"content":{"rendered":"<p style=\"text-align: left;\" align=\"center\"><strong><span lang=\"en-US\">Plant Based Protein<\/span><\/strong><\/p>\n<p><span lang=\"en-US\">De h\u00f8ykvalitets planteproteinene i Plant Based Protein-tilskuddet er et ideelt valg for \u00e5 st\u00f8tte muskelvekst, restitusjon og generelt velv\u00e6re. Denne unike blandingen av soya-, ris- og erteproteiner tilbyr en komplett l\u00f8sning for de som \u00f8nsker et plantebasert alternativ til myseprotein, og sikrer et optimalt n\u00e6ringsinntak for kroppen.<\/span><\/p>\n<p><span lang=\"en-US\">Fordelene med plantebasert protein:<\/span><\/p>\n<ul>\n<li><strong><span lang=\"en-US\">Soyaprotein:<\/span><\/strong><\/li>\n<\/ul>\n<p><span lang=\"en-US\">- Komplett og balansert: Soyaprotein inneholder alle de essensielle aminosyrene som er n\u00f8dvendige for oppbygging og reparasjon av muskelvev.<\/span><br \/>\n<span lang=\"en-US\">- Lavt innhold av fett og karbohydrater: Den ern\u00e6ringsmessige sammensetningen bidrar til \u00e5 opprettholde et balansert kosthold og vektkontroll.<\/span><br \/>\n<span lang=\"en-US\">- Potensielle kardiovaskul\u00e6re helsefordeler: Studier tyder p\u00e5 at soyaproteiner kan bidra til \u00e5 redusere kolesterolniv\u00e5et og fremme hjertehelsen.<\/span><\/p>\n<ul>\n<li><strong><span lang=\"en-US\">Risprotein:<\/span><\/strong><\/li>\n<\/ul>\n<p><span lang=\"en-US\">- Redusert betennelse: Risprotein kan bidra til \u00e5 redusere betennelse i kroppen, noe som fremmer muskelrestitusjon og generell helse.<\/span><br \/>\n<span lang=\"en-US\">- Lett ford\u00f8yelse: Risprotein er gluten- og laktosefritt og egner seg derfor ogs\u00e5 for personer med matoverf\u00f8lsomhet eller intoleranse.<\/span><br \/>\n<span lang=\"en-US\">- St\u00f8tte for ford\u00f8yelseshelsen: Noen studier tyder p\u00e5 at risprotein kan fremme ford\u00f8yelseskanalens helse og bidra til tarmens generelle velv\u00e6re.<\/span><\/p>\n<ul>\n<li><strong><span lang=\"en-US\">Erteprotein:<\/span><\/strong><\/li>\n<\/ul>\n<p><span lang=\"en-US\">- Komplett og balansert: Erteprotein gir et komplett utvalg av essensielle aminosyrer for \u00e5 st\u00f8tte muskelvekst og restitusjon.<\/span><br \/>\n<span lang=\"en-US\">- Lavt innhold av fett og karbohydrater: I likhet med andre planteproteiner i blandingen bidrar erteprotein til optimal ern\u00e6ringsmessig balanse.<\/span><br \/>\n<span lang=\"en-US\">- Fordeler for kardiovaskul\u00e6r helse: I likhet med soyaprotein kan erteprotein bidra til \u00e5 forbedre hjertehelsen, noe som gj\u00f8r det til et sunt alternativ for proteintilskudd.<\/span><\/p>\n<p><strong><span lang=\"en-US\">Anbefalt bruk<\/span><\/strong><\/p>\n<p><span lang=\"en-US\">1-3 porsjoner per dag, avhengig av individuelle behov og med tanke p\u00e5 andre proteinkilder i kosten.<\/span><\/p>\n<p><b>Merknad:<\/b><\/p>\n<ul>\n<li>Kun for voksne og erstatter ikke et variert og balansert kosthold og en sunn livsstil.<\/li>\n<li>Ikke overskrid den anbefalte dosen.<\/li>\n<li>Ikke bruk det under amming, graviditetsperioder uten \u00e5 konsultere legen.<\/li>\n<li>Oppbevar produktet p\u00e5 et kj\u00f8lig, t\u00f8rt sted i en godt forseglet emballasje utilgjengelig for barn under 3 \u00e5r.<\/li>\n<li>Kan inneholde spor av melk, havre, egg og soya.<\/li>\n<li>Laktosefri og Glutenfri.<\/li>\n<\/ul>","protected":false},"excerpt":{"rendered":"<p>Plantebasert protein De h\u00f8ykvalitets planteproteinene i kosttilskuddet Plant Based Protein er et ideelt valg for \u00e5 st\u00f8tte muskelvekst, restitusjon og generelt velv\u00e6re. Denne unike blandingen av soya-, ris- og erteproteiner tilbyr en komplett l\u00f8sning for de som \u00f8nsker et plantebasert alternativ til myseprotein, og sikrer et optimalt n\u00e6ringsinntak for kroppen. [...]<\/p>","protected":false},"featured_media":867,"template":"","meta":[],"product_cat":[158,308],"product_tag":[18,318],"class_list":{"0":"post-865","1":"product","2":"type-product","3":"status-publish","4":"has-post-thumbnail","6":"product_cat-proteins","7":"product_cat-strength-and-muscle-mass","8":"product_tag-proteins","9":"product_tag-strength-and-muscle-mass","11":"first","12":"instock","13":"taxable","14":"shipping-taxable","15":"purchasable","16":"product-type-variable"},"aioseo_notices":[],"_links":{"self":[{"href":"https:\/\/www.selfprotein.com\/nb\/wp-json\/wp\/v2\/product\/865"}],"collection":[{"href":"https:\/\/www.selfprotein.com\/nb\/wp-json\/wp\/v2\/product"}],"about":[{"href":"https:\/\/www.selfprotein.com\/nb\/wp-json\/wp\/v2\/types\/product"}],"wp:featuredmedia":[{"embeddable":true,"href":"https:\/\/www.selfprotein.com\/nb\/wp-json\/wp\/v2\/media\/867"}],"wp:attachment":[{"href":"https:\/\/www.selfprotein.com\/nb\/wp-json\/wp\/v2\/media?parent=865"}],"wp:term":[{"taxonomy":"product_cat","embeddable":true,"href":"https:\/\/www.selfprotein.com\/nb\/wp-json\/wp\/v2\/product_cat?post=865"},{"taxonomy":"product_tag","embeddable":true,"href":"https:\/\/www.selfprotein.com\/nb\/wp-json\/wp\/v2\/product_tag?post=865"}],"curies":[{"name":"wp","href":"https:\/\/api.w.org\/{rel}","templated":true}]}}