{"id":877,"date":"2023-11-27T13:49:11","date_gmt":"2023-11-27T12:49:11","guid":{"rendered":"https:\/\/34.88.231.180\/product\/probiotic-lactospore\/"},"modified":"2026-05-01T00:24:01","modified_gmt":"2026-04-30T22:24:01","slug":"probiotic-lactospore","status":"publish","type":"product","link":"https:\/\/www.selfprotein.com\/nb\/produkt\/probiotic-lactospore\/","title":{"rendered":"Probiotiske laktosporer"},"content":{"rendered":"<p><strong>Produktoversikt:<\/strong><\/p>\n<p>Inneholder probiotika av sv\u00e6rt h\u00f8y kvalitet (Bacillus coagulans), hele 1 milliard sporer per kapsel, og produktet er formulert for \u00e5 motst\u00e5 magesyre. Probiotic Lactospore\u00ae har evnen til \u00e5 styrke immunforsvaret, st\u00f8tte ford\u00f8yelsen og opptaket av n\u00e6ringsstoffer.<\/p>\n<p><strong>Viktige fordeler:<\/strong><\/p>\n<ul>\n<li>Probiotikum av h\u00f8y kvalitet (Bacillus coagulans) 1 milliard sporer per kapsel<\/li>\n<li>Utviklet for \u00e5 motst\u00e5 magesyre<\/li>\n<li>Produktet krever ikke kj\u00f8ling og er stabilt ved romtemperatur.<\/li>\n<li>Styrker immunforsvaret<\/li>\n<li>Det hjelper ford\u00f8yelsen og opptaket av n\u00e6ringsstoffer<\/li>\n<li>Fremmer den naturlige balansen i tarmfloraen<\/li>\n<\/ul>\n<p>&nbsp;<\/p>\n<p><b>Merknad:<\/b><\/p>\n<ul>\n<li>Kun for voksne og erstatter ikke et variert og balansert kosthold og en sunn livsstil.<\/li>\n<li>Ikke overskrid den anbefalte dosen.<\/li>\n<li>Anbefalt dose: 1 cps per dag.<\/li>\n<li>Ikke bruk det under amming, graviditetsperioder uten \u00e5 konsultere legen.<\/li>\n<li>Oppbevar produktet p\u00e5 et kj\u00f8lig, t\u00f8rt sted i en godt forseglet emballasje utilgjengelig for barn under 3 \u00e5r.<\/li>\n<li>Kan inneholde spor av melk, havre, egg og soya.<\/li>\n<li>Laktosefri og Glutenfri.<\/li>\n<\/ul>","protected":false},"excerpt":{"rendered":"<details>\n<summary>Ingredienser<\/summary>\n<table style=\"text-align: center;\">\n<tbody>\n<tr>\n<th>Ingredienser<\/th>\n<th>per 1cps<\/th>\n<\/tr>\n<tr>\n<td>Lactospore\u00ae (Bacillus Coagulans-MTCC 5856)<\/td>\n<td>1.000.000.000<\/td>\n<\/tr>\n<tr>\n<td colspan=\"3\"><strong>Andre ingredienser: <\/strong>inulin, maltodekstrin, vegansk kapsel (E1204)<\/td>\n<\/tr>\n<\/tbody>\n<\/table>\n<\/details>\n<p>&nbsp;<\/p>","protected":false},"featured_media":13885,"template":"","meta":[],"product_cat":[312,214],"product_tag":[314,258],"class_list":{"0":"post-877","1":"product","2":"type-product","3":"status-publish","4":"has-post-thumbnail","6":"product_cat-health-and-wellness","7":"product_cat-vitamins-wellness","8":"product_tag-health-and-wellness","9":"product_tag-vitamins-wellness","11":"first","12":"instock","13":"taxable","14":"shipping-taxable","15":"purchasable","16":"product-type-simple"},"aioseo_notices":[],"_links":{"self":[{"href":"https:\/\/www.selfprotein.com\/nb\/wp-json\/wp\/v2\/product\/877"}],"collection":[{"href":"https:\/\/www.selfprotein.com\/nb\/wp-json\/wp\/v2\/product"}],"about":[{"href":"https:\/\/www.selfprotein.com\/nb\/wp-json\/wp\/v2\/types\/product"}],"wp:featuredmedia":[{"embeddable":true,"href":"https:\/\/www.selfprotein.com\/nb\/wp-json\/wp\/v2\/media\/13885"}],"wp:attachment":[{"href":"https:\/\/www.selfprotein.com\/nb\/wp-json\/wp\/v2\/media?parent=877"}],"wp:term":[{"taxonomy":"product_cat","embeddable":true,"href":"https:\/\/www.selfprotein.com\/nb\/wp-json\/wp\/v2\/product_cat?post=877"},{"taxonomy":"product_tag","embeddable":true,"href":"https:\/\/www.selfprotein.com\/nb\/wp-json\/wp\/v2\/product_tag?post=877"}],"curies":[{"name":"wp","href":"https:\/\/api.w.org\/{rel}","templated":true}]}}