{"id":883,"date":"2023-11-27T13:51:31","date_gmt":"2023-11-27T12:51:31","guid":{"rendered":"https:\/\/34.88.231.180\/product\/protein-pancake\/"},"modified":"2026-04-22T16:11:23","modified_gmt":"2026-04-22T14:11:23","slug":"protein-pancake","status":"publish","type":"product","link":"https:\/\/www.selfprotein.com\/nb\/produkt\/protein-pancake\/","title":{"rendered":"Protein Pancake"},"content":{"rendered":"<p style=\"text-align: left;\" align=\"center\" class=\" translation-block\"><strong><span lang=\"en-US\">\u00a0Protein <\/span>Pancake<\/strong><\/p>\n<p><span lang=\"en-US\">Proteinpannekakepulver er et spesialutviklet proteinpulver som er beregnet p\u00e5 \u00e5 berike pannekaker\u00f8ren og tilby et proteinrikt alternativ til tradisjonelle pannekaker. Denne innovative blandingen inneholder ofte proteinkilder som myseprotein og eggprotein, sammen med andre ingredienser som gir en tekstur og smak som ligner p\u00e5 tradisjonelle pannekaker.<\/span><\/p>\n<p><span lang=\"en-US\">Fordeler med Protein Pancake:<\/span><\/p>\n<ul>\n<li><strong><span lang=\"en-US\">\u00d8kt proteininntak:<\/span><\/strong><span lang=\"en-US\"> Proteinpannekaker er en praktisk l\u00f8sning for \u00e5 \u00f8ke det daglige proteininntaket, spesielt for dem som synes det er utfordrende \u00e5 dekke proteinbehovet sitt gjennom mat alene.<\/span><\/li>\n<li><strong><span lang=\"en-US\">Muskelvekst og reparasjon:<\/span><\/strong><span lang=\"en-US\"> Med sitt h\u00f8ye proteininnhold kan proteinpannekaker effektivt bidra til muskelvekst og muskelreparasjon. Denne fordelen er spesielt viktig for idrettsut\u00f8vere og personer med en aktiv livsstil.<\/span><\/li>\n<li><strong><span lang=\"en-US\">Vedvarende energi:<\/span><\/strong><span lang=\"en-US\"> Blandingen av proteiner og karbohydrater i proteinpannekaker gir en kilde til vedvarende energi, noe som bidrar til \u00e5 opprettholde et jevnt energiniv\u00e5 over tid.<\/span><\/li>\n<li><strong><span lang=\"en-US\">Vektkontroll<\/span><\/strong><span lang=\"en-US\"><strong>:<\/strong> Proteinpannekaker er et gunstig valg for de som \u00f8nsker \u00e5 holde vekten under kontroll, ettersom de gir en f\u00f8lelse av metthet og metthetsf\u00f8lelse. Dette kan v\u00e6re spesielt nyttig for \u00e5 kontrollere det totale kaloriinntaket og fremme et balansert kosthold.<\/span><\/li>\n<\/ul>\n<p>&nbsp;<\/p>\n<p><strong><span lang=\"en-US\">Anbefalt bruk<\/span><\/strong><\/p>\n<p><span lang=\"en-US\">1 til 2 porsjoner i l\u00f8pet av dagen.<\/span><\/p>\n<p><strong>Merknad:<\/strong><\/p>\n<ul>\n<li>Oppbevar produktet p\u00e5 et kj\u00f8lig, t\u00f8rt sted i en godt forseglet emballasje.<\/li>\n<li>Laktosefri og Glutenfri.<\/li>\n<\/ul>","protected":false},"excerpt":{"rendered":"<details>\n<summary>N\u00e6ringsinnhold<\/summary>\n<table style=\"text-align: center;\">\n<tbody>\n<tr>\n<th>N\u00e6ringsinnhold<\/th>\n<th>per 40 g pulver<\/th>\n<\/tr>\n<tr>\n<td>Energi<\/td>\n<td>159 kcal (666 kj)<\/td>\n<\/tr>\n<tr>\n<td>Fett<\/td>\n<td>3,9g<\/td>\n<\/tr>\n<tr>\n<td>hvorav mettet<\/td>\n<td>1g<\/td>\n<\/tr>\n<tr>\n<td>Karbohydrater<\/td>\n<td>13,2g<\/td>\n<\/tr>\n<tr>\n<td>hvorav sukkerarter<\/td>\n<td>2,3g<\/td>\n<\/tr>\n<tr>\n<td>Protein<\/td>\n<td>16,4g<\/td>\n<\/tr>\n<tr>\n<td>Fiber<\/td>\n<td>2,84g<\/td>\n<\/tr>\n<tr>\n<td>Salt<\/td>\n<td>0,36g<\/td>\n<\/tr>\n<\/tbody>\n<\/table>\n<\/details>\n<p>&nbsp;<\/p>\n<details>\n<summary>Ingredienser<\/summary>\n<table style=\"text-align: center;\">\n<tbody>\n<tr>\n<td colspan=\"3\"><strong>Ingredienser: <\/strong>myseprotein laktosefri (melk), glutenfri hvetestivelse, linfr\u00f8mel, eggehvite, heleggpulver, psylliumfr\u00f8mel, bakepulver, dinatriumpyrofosfat (E450a), maisstivelse, natriumbikabornat (E500), salt, emulgeringsmiddel (E471), fortykningsmiddel (E412).<\/td>\n<\/tr>\n<\/tbody>\n<\/table>\n<\/details>\n<p>&nbsp;<\/p>","protected":false},"featured_media":11231,"template":"","meta":[],"product_cat":[313,210],"product_tag":[316,223],"class_list":{"0":"post-883","1":"product","2":"type-product","3":"status-publish","4":"has-post-thumbnail","6":"product_cat-protein-snacks-and-fit-food","7":"product_cat-snacks-meal-solutions","8":"product_tag-protein-snacks-fit-food","9":"product_tag-snacks-meal-solutions","11":"first","12":"instock","13":"taxable","14":"shipping-taxable","15":"purchasable","16":"product-type-simple"},"aioseo_notices":[],"_links":{"self":[{"href":"https:\/\/www.selfprotein.com\/nb\/wp-json\/wp\/v2\/product\/883"}],"collection":[{"href":"https:\/\/www.selfprotein.com\/nb\/wp-json\/wp\/v2\/product"}],"about":[{"href":"https:\/\/www.selfprotein.com\/nb\/wp-json\/wp\/v2\/types\/product"}],"wp:featuredmedia":[{"embeddable":true,"href":"https:\/\/www.selfprotein.com\/nb\/wp-json\/wp\/v2\/media\/11231"}],"wp:attachment":[{"href":"https:\/\/www.selfprotein.com\/nb\/wp-json\/wp\/v2\/media?parent=883"}],"wp:term":[{"taxonomy":"product_cat","embeddable":true,"href":"https:\/\/www.selfprotein.com\/nb\/wp-json\/wp\/v2\/product_cat?post=883"},{"taxonomy":"product_tag","embeddable":true,"href":"https:\/\/www.selfprotein.com\/nb\/wp-json\/wp\/v2\/product_tag?post=883"}],"curies":[{"name":"wp","href":"https:\/\/api.w.org\/{rel}","templated":true}]}}