{"id":889,"date":"2024-10-26T11:18:44","date_gmt":"2024-10-26T09:18:44","guid":{"rendered":"https:\/\/34.88.231.180\/?post_type=product&#038;p=889"},"modified":"2026-04-01T00:00:37","modified_gmt":"2026-03-31T22:00:37","slug":"proti-snack-protein-bar","status":"publish","type":"product","link":"https:\/\/www.selfprotein.com\/nb\/produkt\/proti-snack-protein-bar\/","title":{"rendered":"Proti Snack Protein Bar"},"content":{"rendered":"<p style=\"text-align: left;\" align=\"center\"><strong><span lang=\"en-US\">Proti Snack Protein Bar<\/span><\/strong><\/p>\n<p><span lang=\"en-US\">Proti Snack er en proteinbar som er utviklet for \u00e5 gi en betydelig dose protein, formulert for \u00e5 supplere det daglige proteininntaket eller gi en n\u00e6ringsrik proteinkilde f\u00f8r eller etter fysisk trening. Dette mellomm\u00e5ltidet har blitt et popul\u00e6rt valg blant idrettsut\u00f8vere, treningsentusiaster og de som \u00f8nsker \u00e5 \u00f8ke proteininntaket i kostholdet sitt.<\/span><\/p>\n<p><span lang=\"en-US\">Fordeler med Proti Snack Protein Bar:<\/span><\/p>\n<ul>\n<li><strong><span lang=\"en-US\">H\u00f8yt proteininnhold:<\/span><\/strong><span lang=\"en-US\"> Proti Snack-barer gir en betydelig mengde protein av h\u00f8y kvalitet, noe som er viktig for muskelrestitusjon, vekst og generell helse.<\/span><\/li>\n<li><strong><span lang=\"en-US\">St\u00f8tte til fysisk aktivitet:<\/span><\/strong><span lang=\"en-US\"> Med sitt proteininnhold er Proti Snack-barer et utmerket valg f\u00f8r eller etter fysisk aktivitet, noe som bidrar til \u00e5 st\u00f8tte muskelrestitusjon og redusere tretthet.<\/span><\/li>\n<li><strong><span lang=\"en-US\">Bekvemmelighet<\/span><\/strong><span lang=\"en-US\"><strong>:<\/strong> Proti Snack er et praktisk og b\u00e6rbart mellomm\u00e5ltid, perfekt for deg som er p\u00e5 farten og trenger en rask proteinkilde i l\u00f8pet av dagen.<\/span><\/li>\n<li><strong><span lang=\"en-US\">Ulike alternativer:<\/span><\/strong><span lang=\"en-US\"> Med et bredt utvalg av smaker tilbyr Proti Snack barer et personlig valg som passer til individuelle smaker, noe som gj\u00f8r det enklere \u00e5 integrere protein i det daglige kostholdet med glede.<\/span><\/li>\n<\/ul>\n<p>&nbsp;<\/p>\n<p><strong><span lang=\"en-US\">Anbefalt bruk<\/span><\/strong><\/p>\n<p><span lang=\"en-US\">1-2 barer per dag etter behov.<\/span><\/p>\n<p><strong>Merknad:<\/strong><\/p>\n<ul>\n<li>Produsert i et anlegg som bruker egg, pean\u00f8tter og andre n\u00f8tter.<\/li>\n<\/ul>\n<p>&nbsp;<\/p>","protected":false},"excerpt":{"rendered":"<p>Proti Snack Protein Bar Proti Snack er en proteinbar som er utviklet for \u00e5 gi en betydelig dose protein, formulert for \u00e5 supplere det daglige proteininntaket eller gi en n\u00e6ringsrik proteinkilde f\u00f8r eller etter fysisk trening. Dette mellomm\u00e5ltidet har blitt et popul\u00e6rt valg blant idrettsut\u00f8vere, treningsentusiaster og de som \u00f8nsker \u00e5 \u00f8ke proteininntaket i [...].<\/p>","protected":false},"featured_media":891,"template":"","meta":[],"product_cat":[313,210],"product_tag":[316,223],"class_list":{"0":"post-889","1":"product","2":"type-product","3":"status-publish","4":"has-post-thumbnail","6":"product_cat-protein-snacks-and-fit-food","7":"product_cat-snacks-meal-solutions","8":"product_tag-protein-snacks-fit-food","9":"product_tag-snacks-meal-solutions","11":"first","12":"instock","13":"taxable","14":"shipping-taxable","15":"purchasable","16":"product-type-variable"},"aioseo_notices":[],"_links":{"self":[{"href":"https:\/\/www.selfprotein.com\/nb\/wp-json\/wp\/v2\/product\/889"}],"collection":[{"href":"https:\/\/www.selfprotein.com\/nb\/wp-json\/wp\/v2\/product"}],"about":[{"href":"https:\/\/www.selfprotein.com\/nb\/wp-json\/wp\/v2\/types\/product"}],"wp:featuredmedia":[{"embeddable":true,"href":"https:\/\/www.selfprotein.com\/nb\/wp-json\/wp\/v2\/media\/891"}],"wp:attachment":[{"href":"https:\/\/www.selfprotein.com\/nb\/wp-json\/wp\/v2\/media?parent=889"}],"wp:term":[{"taxonomy":"product_cat","embeddable":true,"href":"https:\/\/www.selfprotein.com\/nb\/wp-json\/wp\/v2\/product_cat?post=889"},{"taxonomy":"product_tag","embeddable":true,"href":"https:\/\/www.selfprotein.com\/nb\/wp-json\/wp\/v2\/product_tag?post=889"}],"curies":[{"name":"wp","href":"https:\/\/api.w.org\/{rel}","templated":true}]}}