{"id":913,"date":"2024-01-24T16:00:04","date_gmt":"2024-01-24T15:00:04","guid":{"rendered":"https:\/\/34.88.231.180\/?post_type=product&#038;p=913"},"modified":"2026-05-01T00:24:04","modified_gmt":"2026-04-30T22:24:04","slug":"pure-vitargo","status":"publish","type":"product","link":"https:\/\/www.selfprotein.com\/nb\/produkt\/pure-vitargo\/","title":{"rendered":"Pure Vitargo"},"content":{"rendered":"<p style=\"text-align: left;\" align=\"center\"><strong><span lang=\"en-US\">Pure Vitargo<\/span><\/strong><\/p>\n<p><span lang=\"en-US\">Vitargo er et sportstilskudd som inneholder en spesiell type karbohydrater med h\u00f8y molekylvekt, utviklet for \u00e5 gi rask og vedvarende energi til idrettsut\u00f8vere og aktive personer under fysisk aktivitet. Vitargo er kjent for sin raske absorberbarhet og evne til \u00e5 forbedre ytelsen, og har blitt popul\u00e6rt blant dem som \u00f8nsker optimal energist\u00f8tte til sports- og treningsaktiviteter.<\/span><\/p>\n<p><span lang=\"en-US\">Fordeler med Vitargo:<\/span><\/p>\n<ul>\n<li><strong><span lang=\"en-US\">Gir rask og vedvarende energi:<\/span><\/strong><span lang=\"en-US\"> Takket v\u00e6re formuleringen med stivelse med h\u00f8y molekylvekt gir Vitargo en kilde til rask og vedvarende energi, ideelt for \u00e5 dekke energibehovet under intense trenings\u00f8kter og konkurranser.<\/span><\/li>\n<li><strong><span lang=\"en-US\">Rask og effektiv absorpsjon:<\/span><\/strong><span lang=\"en-US\"> Vitargo er kjent for \u00e5 bli absorbert raskere og mer effektivt enn andre karbohydrater, noe som gj\u00f8r at idrettsut\u00f8vere raskt kan fylle p\u00e5 med energi uten \u00e5 for\u00e5rsake ubehag i mage-tarmkanalen under trening.<\/span><\/li>\n<li><strong><span lang=\"en-US\">Forbedrer idrettslige prestasjoner:<\/span><\/strong><span lang=\"en-US\"> Inntak av Vitargo kan bidra til \u00e5 forbedre idrettsprestasjoner ved \u00e5 gi en rask energikilde, slik at idrettsut\u00f8vere kan opprettholde intense og langvarige anstrengelser med \u00f8kt kraft og utholdenhet.<\/span><\/li>\n<li><strong><span lang=\"en-US\">Reduserer restitusjonstiden:<\/span><\/strong><span lang=\"en-US\"> Studier har vist at bruk av Vitargo kan bidra til \u00e5 redusere restitusjonstiden etter trening, slik at musklene kan restituere seg raskere og forberede dem p\u00e5 p\u00e5f\u00f8lgende trenings\u00f8kter.<\/span><\/li>\n<li><strong><span lang=\"en-US\">Minimerer muskelskader:<\/span><\/strong><span lang=\"en-US\"> Tilskudd med Vitargo kan ogs\u00e5 bidra til \u00e5 redusere muskelskader for\u00e5rsaket av intens trening, og fremme bedre muskelreparasjon og -regenerering i perioden etter trening.<\/span><\/li>\n<\/ul>\n<p><\/p>\n<p><strong><span lang=\"en-US\">Anbefalt bruk<\/span><\/strong><\/p>\n<p><span lang=\"en-US\">Innta \u00e9n porsjon umiddelbart etter fysisk aktivitet.<\/span>\n<\/p>\n<p><\/p>\n<p><strong>Merknad:<\/strong><\/p>\n<ul>\n<li>Oppbevar produktet p\u00e5 et kj\u00f8lig, t\u00f8rt sted i en godt forseglet emballasje.<\/li>\n<li>Kan inneholde spor av havre, egg, soya og melk.<\/li>\n<li>Laktosefri og Glutenfri.<\/li>\n<\/ul>","protected":false},"excerpt":{"rendered":"<details>\n<summary>N\u00e6ringsinnhold<\/summary>\n<table style=\"text-align: center;\">\n<tbody>\n<tr>\n<th>N\u00e6ringsinnhold<\/th>\n<th>per 100 g<\/th>\n<th>per 75 g<\/th>\n<\/tr>\n<tr>\n<td>Energi<\/td>\n<td>371 kcal\/(1581kj)<\/td>\n<td>278 kcal\/(1186kj)<\/td>\n<\/tr>\n<tr>\n<td>Fett<\/td>\n<td>0g<\/td>\n<td>0g<\/td>\n<\/tr>\n<tr>\n<td>hvorav mettet<\/td>\n<td>0g<\/td>\n<td>0g<\/td>\n<\/tr>\n<tr>\n<td>Karbohydrater<\/td>\n<td>93g<\/td>\n<td>69,75g<\/td>\n<\/tr>\n<tr>\n<td>hvorav sukkerarter<\/td>\n<td>0g<\/td>\n<td>0g<\/td>\n<\/tr>\n<tr>\n<td>Protein<\/td>\n<td>0g<\/td>\n<td>0g<\/td>\n<\/tr>\n<tr>\n<td>Kostfiber<\/td>\n<td>0g<\/td>\n<td>0g<\/td>\n<\/tr>\n<tr>\n<td>Salt<\/td>\n<td>0,1g<\/td>\n<td>0,075g<\/td>\n<\/tr>\n<\/tbody>\n<\/table>\n<\/details>\n<p><\/p>\n<details>\n<summary>Ingredienser<\/summary>\n<table style=\"text-align: center;\">\n<tbody>\n<tr>\n<td><strong>Ingredienser: <\/strong>100% vitargo\u00ae (mais)<\/td>\n<\/tr>\n<\/tbody>\n<\/table>\n<\/details>\n<p><\/p>","protected":false},"featured_media":914,"template":"","meta":[],"product_cat":[310,217],"product_tag":[315,230],"class_list":{"0":"post-913","1":"product","2":"type-product","3":"status-publish","4":"has-post-thumbnail","6":"product_cat-performance-and-endurance","7":"product_cat-pre-workout-energy","8":"product_tag-performance-and-endurance","9":"product_tag-pre-workout-energy","11":"first","12":"instock","13":"taxable","14":"shipping-taxable","15":"purchasable","16":"product-type-simple"},"aioseo_notices":[],"_links":{"self":[{"href":"https:\/\/www.selfprotein.com\/nb\/wp-json\/wp\/v2\/product\/913"}],"collection":[{"href":"https:\/\/www.selfprotein.com\/nb\/wp-json\/wp\/v2\/product"}],"about":[{"href":"https:\/\/www.selfprotein.com\/nb\/wp-json\/wp\/v2\/types\/product"}],"wp:featuredmedia":[{"embeddable":true,"href":"https:\/\/www.selfprotein.com\/nb\/wp-json\/wp\/v2\/media\/914"}],"wp:attachment":[{"href":"https:\/\/www.selfprotein.com\/nb\/wp-json\/wp\/v2\/media?parent=913"}],"wp:term":[{"taxonomy":"product_cat","embeddable":true,"href":"https:\/\/www.selfprotein.com\/nb\/wp-json\/wp\/v2\/product_cat?post=913"},{"taxonomy":"product_tag","embeddable":true,"href":"https:\/\/www.selfprotein.com\/nb\/wp-json\/wp\/v2\/product_tag?post=913"}],"curies":[{"name":"wp","href":"https:\/\/api.w.org\/{rel}","templated":true}]}}