{"id":916,"date":"2023-11-27T13:52:32","date_gmt":"2023-11-27T12:52:32","guid":{"rendered":"https:\/\/34.88.231.180\/product\/real-creatine\/"},"modified":"2026-05-04T09:19:07","modified_gmt":"2026-05-04T07:19:07","slug":"creatine","status":"publish","type":"product","link":"https:\/\/www.selfprotein.com\/nb\/produkt\/creatine\/","title":{"rendered":"Creatine"},"content":{"rendered":"<p style=\"text-align: left;\" align=\"center\"><strong><span lang=\"en-US\">Creatine<\/span><\/strong><\/p>\n<p><span lang=\"en-US\">Oppdag kreatinets kraft, en naturlig forbindelse som finnes i sm\u00e5 mengder i matvarer som kj\u00f8tt og fisk, og som er tilgjengelig som kosttilskudd. Kreatin lagres i musklene som fosfokreatin, og er en viktig energikilde under kortvarige aktiviteter med h\u00f8y intensitet, som vektl\u00f8fting og sprint. Det er derfor ikke overraskende at kreatin har blitt et popul\u00e6rt kosttilskudd blant idrettsut\u00f8vere som \u00f8nsker \u00e5 maksimere sin styrke og fysiske ytelse.<\/span><\/p>\n<p><span lang=\"en-US\">Med sine mange fordeler har kreatin f\u00e5tt et velfortjent rykte som et av de mest effektive kosttilskuddene for \u00e5 forbedre styrke, ytelse og kroppssammensetning, noe som gir idrettsut\u00f8vere en betydelig fordel n\u00e5r det gjelder \u00e5 n\u00e5 sine fysiske og sportslige m\u00e5l.<\/span><\/p>\n<p><span lang=\"en-US\">Fordeler med kreatin:<\/span><\/p>\n<ul>\n<li><strong><span lang=\"en-US\">\u00d8kt muskelstyrke:<\/span><\/strong><span lang=\"en-US\"> Kreatin i kostholdet kan f\u00f8re til \u00f8kt muskelstyrke, slik at du lettere kan l\u00f8fte tyngre vekter og utf\u00f8re \u00f8velser med h\u00f8y intensitet.<\/span><\/li>\n<li><strong><span lang=\"en-US\">Forbedring av idrettslige prestasjoner:<\/span><\/strong><span lang=\"en-US\"> Idrettsut\u00f8vere som tar kreatin, opplever ofte betydelige prestasjonsforbedringer, spesielt i anaerobe aktiviteter som vektl\u00f8fting og sprint.<\/span><\/li>\n<li><strong><span lang=\"en-US\">Raskere utvinning:<\/span><\/strong><span lang=\"en-US\"> Kreatin kan bidra til \u00e5 fremskynde muskelrestitusjonsprosessen ved \u00e5 redusere muskel\u00f8mhet og tretthet etter trening, slik at du raskere kan komme tilbake til intens trening.<\/span><\/li>\n<li><strong><span lang=\"en-US\">\u00d8kning i muskelmasse:<\/span><\/strong><span lang=\"en-US\"> Ved \u00e5 integrere kreatin i treningsrutinen din kan du stimulere muskelveksten og oppn\u00e5 mer synlige og signifikante resultater i form av \u00f8kt muskelmasse.<\/span><\/li>\n<li><strong><span lang=\"en-US\">Enkel \u00e5 bruke:<\/span><\/strong><span lang=\"en-US\"> Kreatin er enkelt \u00e5 innlemme i kostholdet ditt, enten det er gjennom naturlige matvarer eller kosttilskudd i ulike former, noe som gj\u00f8r det til et praktisk valg for idrettsut\u00f8vere p\u00e5 alle niv\u00e5er.<\/span><\/li>\n<\/ul>\n<p>&nbsp;<\/p>\n<p><strong><span lang=\"en-US\">Anbefalt bruk<\/span><\/strong><\/p>\n<p><span lang=\"en-US\">1 porsjon 30-45 minutter f\u00f8r trenings\u00f8kten eller i l\u00f8pet av dagen.<\/span><\/p>\n<p><b>Merknad:<\/b><\/p>\n<ul>\n<li>Kun for voksne og erstatter ikke et variert og balansert kosthold og en sunn livsstil.<\/li>\n<li>Ikke overskrid den anbefalte dosen.<\/li>\n<li>Ikke bruk det under amming, graviditetsperioder uten \u00e5 konsultere legen.<\/li>\n<li>Oppbevar produktet p\u00e5 et kj\u00f8lig, t\u00f8rt sted i en godt forseglet emballasje utilgjengelig for barn under 3 \u00e5r.<\/li>\n<li>Kan inneholde spor av melk, havre, egg og soya.<\/li>\n<li>Laktosefri og Glutenfri.<\/li>\n<\/ul>","protected":false},"excerpt":{"rendered":"<p>Kreatin Oppdag kreatinets kraft, en naturlig forbindelse som finnes i sm\u00e5 mengder i matvarer som kj\u00f8tt og fisk, og som er tilgjengelig som kosttilskudd. Kreatin lagres i musklene som fosfokreatin, og er en viktig energikilde under kortvarige aktiviteter med h\u00f8y intensitet, som vektl\u00f8fting og sprint. Det er ingen overraskelse at det har blitt et popul\u00e6rt [...].<\/p>","protected":false},"featured_media":5631,"template":"","meta":[],"product_cat":[151,308],"product_tag":[161,318],"class_list":{"0":"post-916","1":"product","2":"type-product","3":"status-publish","4":"has-post-thumbnail","6":"product_cat-amino-acids-creatine","7":"product_cat-strength-and-muscle-mass","8":"product_tag-amino-acids-creatine","9":"product_tag-strength-and-muscle-mass","11":"first","12":"instock","13":"sale","14":"taxable","15":"shipping-taxable","16":"purchasable","17":"product-type-variable"},"aioseo_notices":[],"_links":{"self":[{"href":"https:\/\/www.selfprotein.com\/nb\/wp-json\/wp\/v2\/product\/916"}],"collection":[{"href":"https:\/\/www.selfprotein.com\/nb\/wp-json\/wp\/v2\/product"}],"about":[{"href":"https:\/\/www.selfprotein.com\/nb\/wp-json\/wp\/v2\/types\/product"}],"wp:featuredmedia":[{"embeddable":true,"href":"https:\/\/www.selfprotein.com\/nb\/wp-json\/wp\/v2\/media\/5631"}],"wp:attachment":[{"href":"https:\/\/www.selfprotein.com\/nb\/wp-json\/wp\/v2\/media?parent=916"}],"wp:term":[{"taxonomy":"product_cat","embeddable":true,"href":"https:\/\/www.selfprotein.com\/nb\/wp-json\/wp\/v2\/product_cat?post=916"},{"taxonomy":"product_tag","embeddable":true,"href":"https:\/\/www.selfprotein.com\/nb\/wp-json\/wp\/v2\/product_tag?post=916"}],"curies":[{"name":"wp","href":"https:\/\/api.w.org\/{rel}","templated":true}]}}