{"id":923,"date":"2023-11-27T13:52:49","date_gmt":"2023-11-27T12:52:49","guid":{"rendered":"https:\/\/34.88.231.180\/product\/ripped-burn\/"},"modified":"2026-05-01T00:24:04","modified_gmt":"2026-04-30T22:24:04","slug":"ripped-burn","status":"publish","type":"product","link":"https:\/\/www.selfprotein.com\/nb\/produkt\/ripped-burn\/","title":{"rendered":"Ripped Burn"},"content":{"rendered":"<p style=\"text-align: left\" align=\"center\"><strong><span lang=\"en-US\">Ripped Burn<\/span><\/strong><\/p>\n<p><span lang=\"en-US\">Ripped Burn er et kosttilskudd som er utviklet for \u00e5 fremme vekttap og slanking gjennom en rekke m\u00e5lrettede tiltak p\u00e5 stoffskiftet og appetitten. Ripped Burn er formulert for \u00e5 \u00f8ke fettmetabolismen, redusere absorpsjonen av fett og karbohydrater, fremme eliminering av overfl\u00f8dig v\u00e6ske og redusere appetitten, og presenterer seg selv som en omfattende l\u00f8sning for de som \u00f8nsker \u00e5 oppn\u00e5 sine vekttapsm\u00e5l p\u00e5 en effektiv m\u00e5te.<\/span><\/p>\n<p><span lang=\"en-US\">Fordeler med Ripped Burn:<\/span><\/p>\n<ul>\n<li><strong><span lang=\"en-US\">\u00d8kt fettmetabolisme:<\/span><\/strong><span lang=\"en-US\"> Ripped Burn er utviklet for \u00e5 \u00f8ke fettmetabolismen, slik at kroppen forbrenner flere kalorier og bruker fettlagrene som energikilde.<\/span><\/li>\n<li><strong><span lang=\"en-US\">Reduksjon i absorpsjon av fett og karbohydrater:<\/span><\/strong><span lang=\"en-US\"> Dette tilskuddet bidrar til \u00e5 redusere absorpsjonen av fett og karbohydrater under ford\u00f8yelsen, og begrenser dermed opphopningen av kroppsfett.<\/span><\/li>\n<li><strong><span lang=\"en-US\">Eliminering av overfl\u00f8dig v\u00e6ske:<\/span><\/strong><span lang=\"en-US\"> Ripped Burn fremmer eliminering av overfl\u00f8dig v\u00e6ske, reduserer oppbl\u00e5sthet og forbedrer muskeldefinisjonen.<\/span><\/li>\n<li><strong><span lang=\"en-US\">\u00d8kt kaloriforbruk:<\/span><\/strong><span lang=\"en-US\"> Takket v\u00e6re formuleringen \u00f8ker Ripped Burn kaloriforbruket, noe som bidrar til st\u00f8rre vekttap og \u00f8kt energi.<\/span><\/li>\n<li><strong><span lang=\"en-US\">Redusert appetitt:<\/span><\/strong><span lang=\"en-US\"> Dette kosttilskuddet bidrar til \u00e5 redusere appetitten, noe som gj\u00f8r det lettere \u00e5 kontrollere porsjonene og opprettholde et balansert kosthold.<\/span><\/li>\n<li><strong><span lang=\"en-US\">Gluten- og laktosefri:<\/span><\/strong><span lang=\"en-US\"> Ripped Burn er fri for gluten og laktose, noe som gj\u00f8r den egnet for de som f\u00f8lger en diett uten disse komponentene.<\/span><\/li>\n<\/ul>\n<p>&nbsp;<\/p>\n<p><strong><span lang=\"en-US\">Anbefalt bruk<\/span><\/strong><\/p>\n<p><span lang=\"en-US\">H\u00f8yt koffeininnhold, 200 mg per porsjon.<\/span><\/p>\n<p><span lang=\"en-US\">1 porsjon f\u00f8r frokost og 1 f\u00f8r lunsj.<\/span><\/p>\n<p><b>Merknad:<\/b><\/p>\n<ul>\n<li>Kun for voksne og erstatter ikke et variert og balansert kosthold og en sunn livsstil.<\/li>\n<li>Ikke overskrid den anbefalte dosen.<\/li>\n<li>Ikke bruk det under amming, graviditetsperioder uten \u00e5 konsultere legen.<\/li>\n<li>Oppbevar produktet p\u00e5 et kj\u00f8lig, t\u00f8rt sted i en godt forseglet emballasje utilgjengelig for barn under 3 \u00e5r.<\/li>\n<li>Kan inneholde spor av melk, havre, egg og soya.<\/li>\n<li>Laktosefri og Glutenfri.<\/li>\n<\/ul>","protected":false},"excerpt":{"rendered":"<details>\n<summary>Ingredienser<\/summary>\n<table style=\"text-align: center\">\n<tbody>\n<tr>\n<th>Ingredienser<\/th>\n<th>per porsjon 2 cps<\/th>\n<th>%NRV<\/th>\n<\/tr>\n<tr>\n<td>Yerba Mate e.s (Ilex Paraguanensis, folium)<\/td>\n<td>300 mg<\/td>\n<td><\/td>\n<\/tr>\n<tr>\n<td>Inositol<\/td>\n<td>200 mg<\/td>\n<td><\/td>\n<\/tr>\n<tr>\n<td>Kolin (bitartrat)<\/td>\n<td>200 mg<\/td>\n<td><\/td>\n<\/tr>\n<tr>\n<td>Koffein (totalt)<\/td>\n<td>200 mg<\/td>\n<td><\/td>\n<\/tr>\n<tr>\n<td>Coleus Forskohlii e.s (30% Forskolin) (Plectranthus Barbatus, radix)<\/td>\n<td>150 mg<\/td>\n<td><\/td>\n<\/tr>\n<tr>\n<td>Garcinia Cambogia e.s (40% HCA) frukt<\/td>\n<td>100 mg<\/td>\n<td><\/td>\n<\/tr>\n<tr>\n<td>Svart te (Camellia Sinensis, folium)<\/td>\n<td>100 mg<\/td>\n<td><\/td>\n<\/tr>\n<tr>\n<td>Rhodiola Rosea e.s (2% Rosavin) (Rhodiola Rosea, radix)<\/td>\n<td>100 mg<\/td>\n<td><\/td>\n<\/tr>\n<tr>\n<td>Gr\u00f8nn te e.s (Camellia Sinensis, folium)<\/td>\n<td>80 mg<\/td>\n<td><\/td>\n<\/tr>\n<tr>\n<td>Capsicum Annum Fructus e.s<\/td>\n<td>50 mg<\/td>\n<td><\/td>\n<\/tr>\n<tr>\n<td>Gr\u00f8nn kaffeb\u00f8nne e.s (Coffea Arabica, s\u00e6d)<\/td>\n<td>25 mg<\/td>\n<td><\/td>\n<\/tr>\n<tr>\n<td>Wakame e.s (30% Fucoxanthin) (Undaria Pinnatifida, thallus)<\/td>\n<td>20 mg<\/td>\n<td><\/td>\n<\/tr>\n<tr>\n<td>Piper Nigrum fructus e.s (95% Piperin)<\/td>\n<td>4 mg<\/td>\n<td><\/td>\n<\/tr>\n<tr>\n<td>Vitamin B6 (pyridoksin Hcl)<\/td>\n<td>1,4 mg<\/td>\n<td>(100%*)<\/td>\n<\/tr>\n<tr>\n<td>Folsyre<\/td>\n<td>200 \u03bcg<\/td>\n<td>(50%*)<\/td>\n<\/tr>\n<tr>\n<td colspan=\"3\"><strong>Andre ingredienser: <\/strong>stabilisatorer (E953, E470b, E551), vegansk kapsel (E1204)<\/td>\n<\/tr>\n<tr>\n<td colspan=\"3\"><strong>*NRV: <\/strong>n\u00e6ringsmessig referanseverdi<\/td>\n<\/tr>\n<\/tbody>\n<\/table>\n<\/details>\n<p>&nbsp;<\/p>","protected":false},"featured_media":15309,"template":"","meta":[],"product_cat":[155,309],"product_tag":[163,319],"class_list":{"0":"post-923","1":"product","2":"type-product","3":"status-publish","4":"has-post-thumbnail","6":"product_cat-weight-control-metabolism","7":"product_cat-weight-management-and-definition","8":"product_tag-weight-control-metabolism","9":"product_tag-weight-management-and-definition","11":"first","12":"instock","13":"taxable","14":"shipping-taxable","15":"purchasable","16":"product-type-simple"},"aioseo_notices":[],"_links":{"self":[{"href":"https:\/\/www.selfprotein.com\/nb\/wp-json\/wp\/v2\/product\/923"}],"collection":[{"href":"https:\/\/www.selfprotein.com\/nb\/wp-json\/wp\/v2\/product"}],"about":[{"href":"https:\/\/www.selfprotein.com\/nb\/wp-json\/wp\/v2\/types\/product"}],"wp:featuredmedia":[{"embeddable":true,"href":"https:\/\/www.selfprotein.com\/nb\/wp-json\/wp\/v2\/media\/15309"}],"wp:attachment":[{"href":"https:\/\/www.selfprotein.com\/nb\/wp-json\/wp\/v2\/media?parent=923"}],"wp:term":[{"taxonomy":"product_cat","embeddable":true,"href":"https:\/\/www.selfprotein.com\/nb\/wp-json\/wp\/v2\/product_cat?post=923"},{"taxonomy":"product_tag","embeddable":true,"href":"https:\/\/www.selfprotein.com\/nb\/wp-json\/wp\/v2\/product_tag?post=923"}],"curies":[{"name":"wp","href":"https:\/\/api.w.org\/{rel}","templated":true}]}}