{"id":928,"date":"2024-02-28T17:39:15","date_gmt":"2024-02-28T16:39:15","guid":{"rendered":"https:\/\/34.88.231.180\/?post_type=product&#038;p=928"},"modified":"2026-04-15T09:12:05","modified_gmt":"2026-04-15T07:12:05","slug":"sleepy","status":"publish","type":"product","link":"https:\/\/www.selfprotein.com\/nb\/produkt\/sleepy\/","title":{"rendered":"Sleepy"},"content":{"rendered":"<div>\n<p style=\"text-align: left\" align=\"center\"><strong><span lang=\"en-US\">Sleepy<\/span><\/strong><\/p>\n<p><span lang=\"en-US\">Det finnes flere kosttilskudd og urter som brukes for \u00e5 fremme avslapning og bedre s\u00f8vn. Blant disse er Ashwagandha, GABA, magnesium, ginkgo biloba, kamille, sitronmelisse og melatonin, som er komponentene i Sleepy, spesielt kjent for sine fordeler. Her er en oversikt over fordelene med hver av dem:<\/span><\/p>\n<p><span lang=\"en-US\">Fordeler med Sleepy:<\/span><\/p>\n<ul>\n<li><strong><span lang=\"en-US\">Ashwagandha<\/span><\/strong><span lang=\"en-US\"><strong>:<\/strong> En adaptogen urt som brukes mot stress i ayurvedisk medisin. Studier tyder p\u00e5 at den kan redusere stress, angst og forbedre s\u00f8vnkvaliteten.<\/span><\/li>\n<li><strong><span lang=\"en-US\">GABA<\/span><\/strong><span lang=\"en-US\"><strong>:<\/strong> Nevrotransmitter som regulerer hjerneaktiviteten og bidrar til avslapning. GABA-tilskudd kan forbedre s\u00f8vnen og redusere angst.<\/span><\/li>\n<li><strong><span lang=\"en-US\">Magnesium<\/span><\/strong><span lang=\"en-US\"><strong>:<\/strong> Essensielt mineral som er involvert i en rekke kroppslige prosesser. Magnesiumtilskudd kan forbedre s\u00f8vnkvaliteten, spesielt hos personer med s\u00f8vnl\u00f8shet.<\/span><\/li>\n<li><strong><span lang=\"en-US\">Ginkgo biloba<\/span><\/strong><span lang=\"en-US\"><strong>:<\/strong> Urt som brukes i kinesisk medisin for \u00e5 forbedre kognitiv funksjon og sirkulasjon. Potensielt nyttig for \u00e5 redusere angst og forbedre s\u00f8vnen.<\/span><\/li>\n<li><strong><span lang=\"en-US\">Kamille<\/span><\/strong><span lang=\"en-US\"><strong>:<\/strong> Urt med beroligende egenskaper. Den kan forbedre s\u00f8vnen og redusere angst.<\/span><\/li>\n<li><strong><span lang=\"en-US\">Sitronmelisse:<\/span><\/strong><span lang=\"en-US\"> Urt med beroligende egenskaper som ligner p\u00e5 kamille. Tilskudd med sitronmelisse kan forbedre s\u00f8vnkvaliteten og redusere angst.<\/span><\/li>\n<li><strong><span lang=\"en-US\">Melatonin<\/span><\/strong><span lang=\"en-US\"><strong>:<\/strong> Naturlig hormon som regulerer s\u00f8vn-v\u00e5kenhetssyklusen. Melatonintilskudd brukes for \u00e5 forbedre s\u00f8vnkvaliteten og redusere symptomer p\u00e5 jetlag og s\u00f8vnl\u00f8shet.<\/span><\/li>\n<\/ul>\n<p>&nbsp;<\/p>\n<p><strong><span lang=\"en-US\">Anbefalt bruk<\/span><\/strong><\/p>\n<p><span lang=\"en-US\">2 tabletter 1-2 timer f\u00f8r leggetid.<\/span><\/p>\n<p>&nbsp;<\/p>\n<p><strong>Merknad:<\/strong><\/p>\n<ul>\n<li>Kun for voksne og erstatter ikke et variert og balansert kosthold og en sunn livsstil.<\/li>\n<li>Ikke overskrid den anbefalte dosen.<\/li>\n<li>Ikke bruk det under amming, graviditetsperioder uten \u00e5 konsultere legen.<\/li>\n<li>Oppbevares t\u00f8rt og i en godt lukket emballasje utilgjengelig for barn under 3 \u00e5r.<\/li>\n<li>Laktosefri og Glutenfri.<\/li>\n<\/ul>\n<\/div>","protected":false},"excerpt":{"rendered":"<details>\n<summary>Ingredienser<\/summary>\n<table style=\"text-align: center\">\n<tbody>\n<tr>\n<th>Ingredienser<\/th>\n<th>per 2 cps<\/th>\n<th>%NRV*<\/th>\n<\/tr>\n<tr>\n<td>Ashwaganda (Withania Somnifera (L.) Dunal) radix e.s. 7% withanolidi<\/td>\n<td>400 mg<\/td>\n<td><\/td>\n<\/tr>\n<tr>\n<td>Gammaaminosm\u00f8rsyre<\/td>\n<td>400 mg<\/td>\n<td><\/td>\n<\/tr>\n<tr>\n<td>Magnesium<\/td>\n<td>199 mg<\/td>\n<td>53<\/td>\n<\/tr>\n<tr>\n<td>Ginko Biloba e.s. 24%<\/td>\n<td>200 mg<\/td>\n<td><\/td>\n<\/tr>\n<tr>\n<td>Kamillepulver (Matricaria Chamomille L. flos ligulati)<\/td>\n<td>100 mg<\/td>\n<td><\/td>\n<\/tr>\n<tr>\n<td>Sitronmelisse<\/td>\n<td>100 mg<\/td>\n<td><\/td>\n<\/tr>\n<tr>\n<td>Melatonin<\/td>\n<td>1 mg<\/td>\n<td><\/td>\n<\/tr>\n<tr>\n<td colspan=\"3\"><strong> Andre ingredienser: <\/strong>stabiliseringsmidler (E470b, E551), vegansk kapsel (E1204)<\/td>\n<\/tr>\n<tr>\n<td colspan=\"3\">*N\u00e6ringsmessig referanseverdi (NRV)<\/td>\n<\/tr>\n<\/tbody>\n<\/table>\n<\/details>\n<p>&nbsp;<\/p>","protected":false},"featured_media":15298,"template":"","meta":[],"product_cat":[311,214],"product_tag":[317,258],"class_list":{"0":"post-928","1":"product","2":"type-product","3":"status-publish","4":"has-post-thumbnail","6":"product_cat-recovery-and-regeneration","7":"product_cat-vitamins-wellness","8":"product_tag-recovery-and-regeneration","9":"product_tag-vitamins-wellness","11":"first","12":"instock","13":"sale","14":"taxable","15":"shipping-taxable","16":"purchasable","17":"product-type-simple"},"aioseo_notices":[],"_links":{"self":[{"href":"https:\/\/www.selfprotein.com\/nb\/wp-json\/wp\/v2\/product\/928"}],"collection":[{"href":"https:\/\/www.selfprotein.com\/nb\/wp-json\/wp\/v2\/product"}],"about":[{"href":"https:\/\/www.selfprotein.com\/nb\/wp-json\/wp\/v2\/types\/product"}],"wp:featuredmedia":[{"embeddable":true,"href":"https:\/\/www.selfprotein.com\/nb\/wp-json\/wp\/v2\/media\/15298"}],"wp:attachment":[{"href":"https:\/\/www.selfprotein.com\/nb\/wp-json\/wp\/v2\/media?parent=928"}],"wp:term":[{"taxonomy":"product_cat","embeddable":true,"href":"https:\/\/www.selfprotein.com\/nb\/wp-json\/wp\/v2\/product_cat?post=928"},{"taxonomy":"product_tag","embeddable":true,"href":"https:\/\/www.selfprotein.com\/nb\/wp-json\/wp\/v2\/product_tag?post=928"}],"curies":[{"name":"wp","href":"https:\/\/api.w.org\/{rel}","templated":true}]}}