{"id":936,"date":"2023-11-27T13:53:04","date_gmt":"2023-11-27T12:53:04","guid":{"rendered":"https:\/\/34.88.231.180\/product\/soy-protein-isolate\/"},"modified":"2026-05-01T00:24:07","modified_gmt":"2026-04-30T22:24:07","slug":"soy-protein-isolate","status":"publish","type":"product","link":"https:\/\/www.selfprotein.com\/nb\/produkt\/soy-protein-isolate\/","title":{"rendered":"Soy Protein Isolate"},"content":{"rendered":"<p style=\"text-align: left;\" align=\"center\"><strong><span lang=\"en-US\">Soyaprotein<\/span><\/strong><\/p>\n<p><span lang=\"en-US\">Soyaproteinisolat er et proteinkonsentrat utvunnet fra soyab\u00f8nner, som er kjent for sitt rike innhold av n\u00e6ringsstoffer og sin allsidighet som kosttilskudd. Dette proteinekstraktet utvinnes gjennom en prosess som fjerner de fleste ikke-proteinkomponentene i soyab\u00f8nner, som fiber og karbohydrater, slik at man sitter igjen med et h\u00f8ykonsentrert proteinpulver. I denne artikkelen vil vi se n\u00e6rmere p\u00e5 de helsemessige og ern\u00e6ringsmessige fordelene med soyaproteinisolat.<\/span><\/p>\n<p><span lang=\"en-US\">Produktfordeler:<\/span><\/p>\n<ul>\n<li><strong><span lang=\"en-US\">Komplett proteinkilde<\/span><\/strong><span lang=\"en-US\"><strong>:<\/strong> Soyaproteinisolat inneholder alle de essensielle aminosyrene som er n\u00f8dvendige for at menneskekroppen skal fungere skikkelig. Siden det er et komplett protein, kan det v\u00e6re et ideelt alternativ for dem som f\u00f8lger vegetarisk eller vegansk kosthold.<\/span><\/li>\n<li><strong><span lang=\"en-US\">Rik p\u00e5 n\u00e6ringsstoffer<\/span><\/strong><span lang=\"en-US\"><strong>:<\/strong> I tillegg til proteiner er soyaproteinisolat en viktig kilde til andre viktige n\u00e6ringsstoffer, som jern og kalsium. Disse n\u00e6ringsstoffene er avgj\u00f8rende for beinhelsen, bloddannelsen og mange andre vitale funksjoner i kroppen.<\/span><\/li>\n<li><strong><span lang=\"en-US\">Fordeler for hjertehelsen:<\/span><\/strong><span lang=\"en-US\"> Nyere studier tyder p\u00e5 at inntak av soyaproteiner i kostholdet kan bidra til \u00e5 redusere risikoen for hjertesykdom. Soyaproteinisolat inneholder gunstige forbindelser, som isoflavoner, som kan fremme hjertehelsen gjennom ulike mekanismer, blant annet ved \u00e5 redusere niv\u00e5et av d\u00e5rlig kolesterol (LDL) i blodet.<\/span><\/li>\n<li><strong><span lang=\"en-US\">Vektkontroll:<\/span><\/strong><span lang=\"en-US\"> Med sin h\u00f8ye proteinkonsentrasjon og lave mengde fett og karbohydrater kan soyaproteinisolat v\u00e6re en verdifull alliert i vektkontroll. Proteiner kan bidra til \u00e5 opprettholde en metthetsf\u00f8lelse over lengre tid, og dermed redusere appetitten og bidra til kalorikontroll.<\/span><\/li>\n<li><strong><span lang=\"en-US\">Milj\u00f8messig b\u00e6rekraft:<\/span><\/strong><span lang=\"en-US\"> Produksjonen av soyaproteinisolat krever mindre ressurser sammenlignet med produksjonen av animalske proteiner, og bidrar dermed til \u00e5 redusere den samlede milj\u00f8p\u00e5virkningen fra kostholdet.<\/span><\/li>\n<\/ul>\n<p>&nbsp;<\/p>\n<p><strong><span lang=\"en-US\">Anbefalt bruk<\/span><\/strong><\/p>\n<p><span lang=\"en-US\">1-3 porsjoner per dag, avhengig av individuelle behov og med tanke p\u00e5 andre proteinkilder i kostholdet.<\/span><\/p>\n<p><b>Merknad:<\/b><\/p>\n<ul>\n<li>Ikke overskrid den anbefalte dosen.<\/li>\n<li>Anbefalt dose: 1-3 porsjoner per dag, avhengig av behov og med tanke p\u00e5 andre proteinkilder i kosten.<\/li>\n<li>Oppbevar produktet p\u00e5 et kj\u00f8lig, t\u00f8rt sted i en godt forseglet emballasje.<\/li>\n<li>Inneholder soya.<\/li>\n<li>Kan inneholde spor av havre, egg og melk.<\/li>\n<li>Laktosefri og Glutenfri.<\/li>\n<\/ul>","protected":false},"excerpt":{"rendered":"<p>Soyaprotein Soyaproteinisolat er et proteinkonsentrat utvunnet fra soyab\u00f8nner, som er kjent for sitt rike innhold av n\u00e6ringsstoffer og sin allsidighet som kosttilskudd. Dette proteinekstraktet oppn\u00e5s gjennom en prosess som fjerner de fleste ikke-proteinkomponentene i soyab\u00f8nner, som fiber og karbohydrater, og etterlater et h\u00f8ykonsentrert pulver av proteiner. Denne artikkelen [...]<\/p>","protected":false},"featured_media":11926,"template":"","meta":[],"product_cat":[158,308],"product_tag":[18,318],"class_list":{"0":"post-936","1":"product","2":"type-product","3":"status-publish","4":"has-post-thumbnail","6":"product_cat-proteins","7":"product_cat-strength-and-muscle-mass","8":"product_tag-proteins","9":"product_tag-strength-and-muscle-mass","11":"first","12":"instock","13":"sale","14":"taxable","15":"shipping-taxable","16":"purchasable","17":"product-type-variable"},"aioseo_notices":[],"_links":{"self":[{"href":"https:\/\/www.selfprotein.com\/nb\/wp-json\/wp\/v2\/product\/936"}],"collection":[{"href":"https:\/\/www.selfprotein.com\/nb\/wp-json\/wp\/v2\/product"}],"about":[{"href":"https:\/\/www.selfprotein.com\/nb\/wp-json\/wp\/v2\/types\/product"}],"wp:featuredmedia":[{"embeddable":true,"href":"https:\/\/www.selfprotein.com\/nb\/wp-json\/wp\/v2\/media\/11926"}],"wp:attachment":[{"href":"https:\/\/www.selfprotein.com\/nb\/wp-json\/wp\/v2\/media?parent=936"}],"wp:term":[{"taxonomy":"product_cat","embeddable":true,"href":"https:\/\/www.selfprotein.com\/nb\/wp-json\/wp\/v2\/product_cat?post=936"},{"taxonomy":"product_tag","embeddable":true,"href":"https:\/\/www.selfprotein.com\/nb\/wp-json\/wp\/v2\/product_tag?post=936"}],"curies":[{"name":"wp","href":"https:\/\/api.w.org\/{rel}","templated":true}]}}