{"id":947,"date":"2023-11-27T13:53:25","date_gmt":"2023-11-27T12:53:25","guid":{"rendered":"https:\/\/34.88.231.180\/product\/taurine\/"},"modified":"2026-04-01T00:00:32","modified_gmt":"2026-03-31T22:00:32","slug":"taurine","status":"publish","type":"product","link":"https:\/\/www.selfprotein.com\/nb\/produkt\/taurine\/","title":{"rendered":"Taurine"},"content":{"rendered":"<p style=\"text-align: left\" align=\"center\"><strong><span lang=\"en-US\">Taurine<\/span><\/strong><\/p>\n<p><span lang=\"en-US\">Taurin er en naturlig forekommende aminosyre i menneskekroppen og finnes ogs\u00e5 i noen vanlige matvarer som kj\u00f8tt, fisk og meieriprodukter. P\u00e5 grunn av de potensielle helsefordelene er taurin ofte inkludert i energidrikker og kosttilskudd.<\/span><\/p>\n<p><span lang=\"en-US\">Fordelene med taurin:<\/span><\/p>\n<ul>\n<li><strong><span lang=\"en-US\">Forbedring av treningsytelsen:<\/span><\/strong><span lang=\"en-US\"> Inntak av taurin i kostholdet kan bidra til \u00e5 forbedre treningsytelsen, spesielt under h\u00f8yintensive aktiviteter. Dette skyldes taurinets rolle i reguleringen av kalsiumniv\u00e5et i musklene, noe som kan forbedre muskelfunksjonen og redusere tretthet under fysisk aktivitet.<\/span><\/li>\n<li><strong><span lang=\"en-US\">Reduksjon av risiko for hjertesykdom:<\/span><\/strong><span lang=\"en-US\"> Taurin kan spille en viktig rolle i \u00e5 redusere risikoen for hjertesykdom. Denne aminosyren er assosiert med forbedringer i blodtrykket og reduksjon av oksidativt stress og inflammasjon, n\u00f8kkelfaktorer for \u00e5 opprettholde kardiovaskul\u00e6r helse.<\/span><\/li>\n<li><strong><span lang=\"en-US\">Forbedring av insulinf\u00f8lsomheten:<\/span><\/strong><span lang=\"en-US\"> Tilf\u00f8rsel av taurin i kostholdet kan f\u00f8re til forbedret insulinf\u00f8lsomhet og glukosetoleranse, noe som er spesielt gunstig for personer med type 2-diabetes. Regulering av blodsukkeret er avgj\u00f8rende for sykdomskontroll og h\u00e5ndtering av komplikasjoner.<\/span><\/li>\n<li><strong><span lang=\"en-US\">Forbedret kognitiv funksjon<\/span><\/strong><span lang=\"en-US\"><strong>:<\/strong> Taurin kan ogs\u00e5 bidra til forbedret kognitiv funksjon, spesielt hos eldre. Dette antas \u00e5 skyldes taurinets potensielt beskyttende rolle mot oksidativt stress og inflammasjon i hjernen, faktorer som kan ha en negativ innvirkning p\u00e5 kognitive funksjoner over tid.<\/span><\/li>\n<\/ul>\n<p>&nbsp;<\/p>\n<p><strong><span lang=\"en-US\">Anbefalt bruk<\/span><\/strong><\/p>\n<p><span lang=\"en-US\">Ta 1 porsjon 30-45 minutter f\u00f8r sportsaktivitet eller i l\u00f8pet av dagen.<\/span><\/p>\n<p><b>Merknad:<\/b><\/p>\n<ul>\n<li>Kun for voksne og erstatter ikke et variert og balansert kosthold og en sunn livsstil.<\/li>\n<li>Ikke overskrid den anbefalte dosen.<\/li>\n<li>Ikke bruk det under amming, graviditetsperioder uten \u00e5 konsultere legen.<\/li>\n<li>Oppbevar produktet p\u00e5 et kj\u00f8lig, t\u00f8rt sted i en godt forseglet emballasje utilgjengelig for barn under 3 \u00e5r.<\/li>\n<li>Kan inneholde spor av melk, havre, egg og soya.<\/li>\n<li>Laktosefri og Glutenfri.<\/li>\n<\/ul>","protected":false},"excerpt":{"rendered":"<details>\n<summary>Ingredienser<\/summary>\n<table style=\"text-align: center\">\n<tbody>\n<tr>\n<th>Ingredienser<\/th>\n<th>per porsjon<\/th>\n<\/tr>\n<tr>\n<td>Taurine<\/td>\n<td>1g<\/td>\n<\/tr>\n<\/tbody>\n<\/table>\n<\/details>\n<p>&nbsp;<\/p>","protected":false},"featured_media":14404,"template":"","meta":[],"product_cat":[151,310],"product_tag":[161,315],"class_list":{"0":"post-947","1":"product","2":"type-product","3":"status-publish","4":"has-post-thumbnail","6":"product_cat-amino-acids-creatine","7":"product_cat-performance-and-endurance","8":"product_tag-amino-acids-creatine","9":"product_tag-performance-and-endurance","11":"first","12":"instock","13":"taxable","14":"shipping-taxable","15":"purchasable","16":"product-type-simple"},"aioseo_notices":[],"_links":{"self":[{"href":"https:\/\/www.selfprotein.com\/nb\/wp-json\/wp\/v2\/product\/947"}],"collection":[{"href":"https:\/\/www.selfprotein.com\/nb\/wp-json\/wp\/v2\/product"}],"about":[{"href":"https:\/\/www.selfprotein.com\/nb\/wp-json\/wp\/v2\/types\/product"}],"wp:featuredmedia":[{"embeddable":true,"href":"https:\/\/www.selfprotein.com\/nb\/wp-json\/wp\/v2\/media\/14404"}],"wp:attachment":[{"href":"https:\/\/www.selfprotein.com\/nb\/wp-json\/wp\/v2\/media?parent=947"}],"wp:term":[{"taxonomy":"product_cat","embeddable":true,"href":"https:\/\/www.selfprotein.com\/nb\/wp-json\/wp\/v2\/product_cat?post=947"},{"taxonomy":"product_tag","embeddable":true,"href":"https:\/\/www.selfprotein.com\/nb\/wp-json\/wp\/v2\/product_tag?post=947"}],"curies":[{"name":"wp","href":"https:\/\/api.w.org\/{rel}","templated":true}]}}