{"id":952,"date":"2023-11-27T13:56:15","date_gmt":"2023-11-27T12:56:15","guid":{"rendered":"https:\/\/34.88.231.180\/product\/testo-pac\/"},"modified":"2026-05-01T00:24:06","modified_gmt":"2026-04-30T22:24:06","slug":"testo-pac","status":"publish","type":"product","link":"https:\/\/www.selfprotein.com\/nb\/produkt\/testo-pac\/","title":{"rendered":"Testo Pac"},"content":{"rendered":"<p style=\"text-align: left\" align=\"center\"><strong><span lang=\"en-US\">Testo Pac<\/span><\/strong><\/p>\n<p><span lang=\"en-US\">Testo Pac er et kosttilskudd utviklet for \u00e5 fremme sunne testosteronniv\u00e5er og forbedre den generelle helsen. Dette produktet inneholder en kombinasjon av urter, vitaminer og mineraler, som alle har til hensikt \u00e5 st\u00f8tte produksjonen og opprettholdelsen av tilstrekkelige testosteronniv\u00e5er i kroppen.<\/span><\/p>\n<p><span lang=\"en-US\">Her er noen av fordelene forbundet med Testo Pac:<\/span><\/p>\n<ul>\n<li><strong><span lang=\"en-US\">\u00d8kte testosteronniv\u00e5er:<\/span><\/strong><span lang=\"en-US\"> Takket v\u00e6re kombinasjonen av urteekstrakter antas Testo Pac \u00e5 stimulere testosteronproduksjonen i kroppen, noe som bidrar til \u00e5 opprettholde optimale niv\u00e5er av dette viktige hormonet.<\/span><\/li>\n<li><strong><span lang=\"en-US\">St\u00f8tte til generell helse:<\/span><\/strong><span lang=\"en-US\"> I tillegg til den p\u00e5st\u00e5tte effekten p\u00e5 testosteron, har Testo Pac ogs\u00e5 fordeler for den generelle helsen. Urteekstraktene i Testo Pac kan bidra til \u00e5 redusere betennelse og oksidativt stress i kroppen, noe som fremmer generelt velv\u00e6re.<\/span><\/li>\n<li><strong><span lang=\"en-US\">Integrering av essensielle n\u00e6ringsstoffer:<\/span><\/strong><span lang=\"en-US\"> Testo Pac inneholder ogs\u00e5 viktige n\u00e6ringsstoffer som sink og vitamin D, som begge er kjent for \u00e5 st\u00f8tte testosteronproduksjonen og bidra til den generelle helsen.<\/span><\/li>\n<li><strong><span lang=\"en-US\">Forbedring av fysisk og mental ytelse:<\/span><\/strong><span lang=\"en-US\"> \u00d8kte testosteronniv\u00e5er kan resultere i forbedringer i fysisk og mental ytelse, inkludert h\u00f8yere niv\u00e5er av energi, utholdenhet og konsentrasjon.<\/span><\/li>\n<li><strong><span lang=\"en-US\">St\u00f8tte til seksuell helse:<\/span><\/strong><span lang=\"en-US\"> Tilstrekkelige testosteronniv\u00e5er er ogs\u00e5 avgj\u00f8rende for mannlig seksuell helse, og bruk av Testo Pac kan bidra til bedre seksuell funksjon og libido.<\/span><\/li>\n<\/ul>\n<p><\/p>\n<p><span lang=\"en-US\">F\u00f8r du starter et tilskuddsregime, anbefales det \u00e5 konsultere helsepersonell for \u00e5 avgj\u00f8re om Testo Pac er egnet for individuelle behov og helsemessige forhold.<\/span><\/p>\n<p><strong><span lang=\"en-US\">Anbefalt bruk<\/span><\/strong><\/p>\n<p><span lang=\"en-US\">Ta 4 kapsler f\u00f8r sengetid eller 30-45 minutter f\u00f8r trening.<\/span><\/p>\n<p><b>Merknad:<\/b><\/p>\n<ul>\n<li>Kun for voksne og erstatter ikke et variert og balansert kosthold og en sunn livsstil.<\/li>\n<li>Ikke overskrid den anbefalte dosen.<\/li>\n<li>Ikke bruk det under amming, graviditetsperioder uten \u00e5 konsultere legen.<\/li>\n<li>Oppbevar produktet p\u00e5 et kj\u00f8lig, t\u00f8rt sted i en godt forseglet emballasje utilgjengelig for barn under 3 \u00e5r.<\/li>\n<li>Kan inneholde spor av melk, havre, egg og soya.<\/li>\n<li>Laktosefri og Glutenfri.<\/li>\n<\/ul>","protected":false},"excerpt":{"rendered":"<details>\n<summary>Ingredienser<\/summary>\n<table style=\"text-align: center\">\n<tbody>\n<tr>\n<th>Ingredienser<\/th>\n<th>per porsjon 4 cps<\/th>\n<th>%NRV<\/th>\n<\/tr>\n<tr>\n<td>D-asparaginsyre (DAA)<\/td>\n<td>1820 mg<\/td>\n<td><\/td>\n<\/tr>\n<tr>\n<td>Brennesle e.s\/ ekstrakt (Urtica Dioica, Folium)<\/td>\n<td>260 mg<\/td>\n<td><\/td>\n<\/tr>\n<tr>\n<td>Ingef\u00e6r e.s\/ ekstrakt (Zingiber Officinale, Radix-Rhizoma)<\/td>\n<td>160 mg<\/td>\n<td><\/td>\n<\/tr>\n<tr>\n<td>Tribulus Terrestris e.s\/ ekstrakt fructus (90% tot. saponiner; 20% protodioscin)<\/td>\n<td>160 mg<\/td>\n<td><\/td>\n<\/tr>\n<tr>\n<td>Havre e.s\/ekstrakt (200:1) (Avena Sativa, Fructus-Summitas)<\/td>\n<td>160 mg<\/td>\n<td><\/td>\n<\/tr>\n<tr>\n<td>Selen (natriumselenat)<\/td>\n<td>82,5 \u03bcg<\/td>\n<td>150%<\/td>\n<\/tr>\n<tr>\n<td>Vitamin D (kolekalsiferol)<\/td>\n<td>10 \u03bcg<\/td>\n<td>200%<\/td>\n<\/tr>\n<tr>\n<td>Sink (sinkglukonat)<\/td>\n<td>12,5 mg<\/td>\n<td>125%<\/td>\n<\/tr>\n<tr>\n<td>Vitamin B6 (pyridoksin-Hcl)<\/td>\n<td>2,8 mg<\/td>\n<td>200%<\/td>\n<\/tr>\n<tr>\n<td colspan=\"3\"><strong>Andre ingredienser: <\/strong>stabiliseringsmidler (E953, E470b, E551), vegansk kapsel (E1204)<\/td>\n<\/tr>\n<tr>\n<td colspan=\"3\"><strong>*NRV: <\/strong> n\u00e6ringsmessig referanseverdi<\/td>\n<\/tr>\n<\/tbody>\n<\/table>\n<\/details>\n<p>&nbsp;<\/p>","protected":false},"featured_media":13893,"template":"","meta":[],"product_cat":[154,308],"product_tag":[162,318],"class_list":{"0":"post-952","1":"product","2":"type-product","3":"status-publish","4":"has-post-thumbnail","6":"product_cat-gain-performance","7":"product_cat-strength-and-muscle-mass","8":"product_tag-gain-performance","9":"product_tag-strength-and-muscle-mass","11":"first","12":"instock","13":"taxable","14":"shipping-taxable","15":"purchasable","16":"product-type-simple"},"aioseo_notices":[],"_links":{"self":[{"href":"https:\/\/www.selfprotein.com\/nb\/wp-json\/wp\/v2\/product\/952"}],"collection":[{"href":"https:\/\/www.selfprotein.com\/nb\/wp-json\/wp\/v2\/product"}],"about":[{"href":"https:\/\/www.selfprotein.com\/nb\/wp-json\/wp\/v2\/types\/product"}],"wp:featuredmedia":[{"embeddable":true,"href":"https:\/\/www.selfprotein.com\/nb\/wp-json\/wp\/v2\/media\/13893"}],"wp:attachment":[{"href":"https:\/\/www.selfprotein.com\/nb\/wp-json\/wp\/v2\/media?parent=952"}],"wp:term":[{"taxonomy":"product_cat","embeddable":true,"href":"https:\/\/www.selfprotein.com\/nb\/wp-json\/wp\/v2\/product_cat?post=952"},{"taxonomy":"product_tag","embeddable":true,"href":"https:\/\/www.selfprotein.com\/nb\/wp-json\/wp\/v2\/product_tag?post=952"}],"curies":[{"name":"wp","href":"https:\/\/api.w.org\/{rel}","templated":true}]}}