{"id":955,"date":"2023-11-27T13:56:19","date_gmt":"2023-11-27T12:56:19","guid":{"rendered":"https:\/\/34.88.231.180\/product\/tyrosine\/"},"modified":"2026-05-01T00:24:06","modified_gmt":"2026-04-30T22:24:06","slug":"l-tyrosine","status":"publish","type":"product","link":"https:\/\/www.selfprotein.com\/nb\/produkt\/l-tyrosine\/","title":{"rendered":"L-Tyrosine"},"content":{"rendered":"<p style=\"text-align: left\" align=\"center\"><strong><span lang=\"en-US\">L-Tyrosine<\/span><\/strong><\/p>\n<p><span lang=\"en-US\">Tyrosin, en ikke-essensiell aminosyre, kan produseres av kroppen selv fra andre aminosyrer og finnes i mange proteinrike matvarer som kj\u00f8tt, meieriprodukter og belgfrukter. Denne forbindelsen spiller en avgj\u00f8rende rolle i produksjonen av ulike nevrotransmittere som er essensielle i hjernen, inkludert dopamin, adrenalin og noradrenalin, som p\u00e5virker hum\u00f8r, motivasjon og kognitive funksjoner.<\/span><\/p>\n<p><span lang=\"en-US\">Produktfordeler:<\/span><\/p>\n<ul>\n<li><strong><span lang=\"en-US\">Forbedring av hum\u00f8r og kognitiv funksjon:<\/span><\/strong><span lang=\"en-US\"> Tilskudd av tyrosin kan bidra til \u00e5 forbedre hum\u00f8ret og den kognitive funksjonen, s\u00e6rlig hos personer som er utsatt for stress eller utmattelse. Denne fordelen kan tilskrives tyrosins rolle i syntesen av nevrotransmittere som regulerer slike prosesser.<\/span><\/li>\n<li><strong><span lang=\"en-US\">Forbedring av idrettslige prestasjoner: <\/span><\/strong><span lang=\"en-US\">Inntak av tyrosin kan bidra til \u00f8kt idrettsprestasjon, spesielt under trening med h\u00f8y intensitet. Denne effekten er knyttet til tyrosins evne til \u00e5 redusere tretthet og forbedre konsentrasjonen, noe som gir en fordel under fysisk aktivitet.<\/span><\/li>\n<li><strong><span lang=\"en-US\">Appetittdemping:<\/span><\/strong><span lang=\"en-US\"> Tyrosin kan virke appetittdempende, redusere s\u00f8tsuget og gj\u00f8re det lettere \u00e5 holde vekten under kontroll. Dette kan v\u00e6re spesielt nyttig for dem som \u00f8nsker \u00e5 styre kostholdet sitt og g\u00e5 ned i vekt p\u00e5 en sunn m\u00e5te.<\/span><\/li>\n<li><strong><span lang=\"en-US\">St\u00f8tte i stressende perioder: <\/span><\/strong><span lang=\"en-US\">I perioder med fysisk eller psykisk stress kan tilskudd av tyrosin bidra til \u00e5 st\u00f8tte mental og fysisk helse ved \u00e5 tilf\u00f8re hjernen de n\u00e6ringsstoffene som er n\u00f8dvendige for \u00e5 opprettholde optimal funksjon.<\/span><\/li>\n<li><strong><span lang=\"en-US\">Potensial for behandling av stemningslidelser og kognitive forstyrrelser:<\/span><\/strong><span lang=\"en-US\"> Noe forskning tyder p\u00e5 at bruk av tyrosin kan v\u00e6re nyttig for \u00e5 h\u00e5ndtere stemningslidelser og kognitive problemer knyttet til tilstander som depresjon eller ADHD (Attention Deficit Hyperactivity Disorder). Det er imidlertid behov for ytterligere studier for \u00e5 bekrefte disse potensielle fordelene.<\/span><\/li>\n<\/ul>\n<p>&nbsp;<\/p>\n<p><strong><span lang=\"en-US\">Anbefalt bruk<\/span><\/strong><\/p>\n<p><span lang=\"en-US\">Ta 1 porsjon 30-45 minutter f\u00f8r fysisk aktivitet.<\/span><\/p>\n<p>&nbsp;<\/p>\n<p class=\"xmprfx_MsoNormal\"><b>Merknad:<\/b><\/p>\n<ul>\n<li>Kun for voksne og erstatter ikke et variert og balansert kosthold og en sunn livsstil.<\/li>\n<li>Ikke overskrid den anbefalte dosen.<\/li>\n<li>Anbefalt dose: 1 porsjon 30-45 minutter f\u00f8r trening.<\/li>\n<li>Ikke bruk det under amming, graviditetsperioder uten \u00e5 konsultere legen.<\/li>\n<li>Oppbevar produktet p\u00e5 et kj\u00f8lig, t\u00f8rt sted i en godt forseglet emballasje utilgjengelig for barn under 3 \u00e5r.<\/li>\n<li>Kan inneholde spor av melk, havre, egg og soya.<\/li>\n<\/ul>","protected":false},"excerpt":{"rendered":"<details>\n<summary>Ingredienser<\/summary>\n<table style=\"text-align: center\">\n<tbody>\n<tr>\n<th>Ingredienser<\/th>\n<th>per porsjon<\/th>\n<\/tr>\n<tr>\n<td>L-Tyrosine<\/td>\n<td>3g<\/td>\n<\/tr>\n<\/tbody>\n<\/table>\n<\/details>\n<p>&nbsp;<\/p>","protected":false},"featured_media":14407,"template":"","meta":[],"product_cat":[151,310,217],"product_tag":[315,230],"class_list":{"0":"post-955","1":"product","2":"type-product","3":"status-publish","4":"has-post-thumbnail","6":"product_cat-amino-acids-creatine","7":"product_cat-performance-and-endurance","8":"product_cat-pre-workout-energy","9":"product_tag-performance-and-endurance","10":"product_tag-pre-workout-energy","12":"first","13":"instock","14":"taxable","15":"shipping-taxable","16":"purchasable","17":"product-type-simple"},"aioseo_notices":[],"_links":{"self":[{"href":"https:\/\/www.selfprotein.com\/nb\/wp-json\/wp\/v2\/product\/955"}],"collection":[{"href":"https:\/\/www.selfprotein.com\/nb\/wp-json\/wp\/v2\/product"}],"about":[{"href":"https:\/\/www.selfprotein.com\/nb\/wp-json\/wp\/v2\/types\/product"}],"wp:featuredmedia":[{"embeddable":true,"href":"https:\/\/www.selfprotein.com\/nb\/wp-json\/wp\/v2\/media\/14407"}],"wp:attachment":[{"href":"https:\/\/www.selfprotein.com\/nb\/wp-json\/wp\/v2\/media?parent=955"}],"wp:term":[{"taxonomy":"product_cat","embeddable":true,"href":"https:\/\/www.selfprotein.com\/nb\/wp-json\/wp\/v2\/product_cat?post=955"},{"taxonomy":"product_tag","embeddable":true,"href":"https:\/\/www.selfprotein.com\/nb\/wp-json\/wp\/v2\/product_tag?post=955"}],"curies":[{"name":"wp","href":"https:\/\/api.w.org\/{rel}","templated":true}]}}