{"id":958,"date":"2023-11-27T13:56:24","date_gmt":"2023-11-27T12:56:24","guid":{"rendered":"https:\/\/34.88.231.180\/product\/vitamin-c-liquid\/"},"modified":"2026-05-01T00:24:06","modified_gmt":"2026-04-30T22:24:06","slug":"vitamin-c-liquid","status":"publish","type":"product","link":"https:\/\/www.selfprotein.com\/nb\/produkt\/vitamin-c-liquid\/","title":{"rendered":"Vitamin C Liquid"},"content":{"rendered":"<p><strong>Produktoversikt:<br \/>\n<\/strong><br \/>\nVitamin C er et essensielt n\u00e6ringsstoff som st\u00f8tter immunforsvaret, hudens helse og kollagenproduksjonen. Denne kraftige antioksidanten bidrar til \u00e5 beskytte cellene mot skader fra frie radikaler og st\u00f8tter en sunn immunfunksjon. Det bidrar ogs\u00e5 til produksjonen av kollagen, som er viktig for \u00e5 opprettholde helsen og utseendet til hud, h\u00e5r og negler.<span class=\"Apple-converted-space\">\u00a0<\/span><\/p>\n<p><strong><span class=\"Apple-converted-space\">Viktige fordeler:<\/span><\/strong><\/p>\n<ul>\n<li>Vitamin C Liquid inneholder 1000 mg vitamin C per porsjon<\/li>\n<li>Leveres i en praktisk flytende form<\/li>\n<li>Kraftig antioksidant<\/li>\n<li>Viktig for kollagenproduksjonen<\/li>\n<\/ul>\n<p>&nbsp;<\/p>\n<p class=\"xmprfx_MsoNormal\"><b>Merknad:<\/b><\/p>\n<ul>\n<li>Kun for voksne og erstatter ikke et variert og balansert kosthold og en sunn livsstil.<\/li>\n<li>Ikke overskrid den anbefalte dosen.<\/li>\n<li>Anbefalt dose: 20 ml per dag.<\/li>\n<li>Ikke bruk det under amming, graviditetsperioder uten \u00e5 konsultere legen.<\/li>\n<li>Oppbevar produktet p\u00e5 et kj\u00f8lig, t\u00f8rt sted i en godt forseglet emballasje utilgjengelig for barn under 3 \u00e5r.<\/li>\n<li>Kan inneholde spor av melk, havre, egg og soya.<\/li>\n<li>Laktosefri og Glutenfri.<\/li>\n<\/ul>","protected":false},"excerpt":{"rendered":"<details>\n<summary>Ingredienser<\/summary>\n<table style=\"text-align: center;\">\n<tbody>\n<tr>\n<th>Ingredienser<\/th>\n<th>100 ml<\/th>\n<th>per porsjon 20 ml<\/th>\n<th>%NRV* per porsjon<\/th>\n<\/tr>\n<tr>\n<td>Vitamin C<\/td>\n<td>25000 mg<\/td>\n<td>1000 mg<\/td>\n<td>1250<\/td>\n<\/tr>\n<tr>\n<td colspan=\"4\"><strong>Andre ingredienser: <\/strong>vann, kalsiumaskorbat, l-askorbinsyre, konserveringsmidler (E211, E202), aromaer, s\u00f8tningsmiddel (E955)<\/td>\n<\/tr>\n<tr>\n<td colspan=\"4\"><strong>*%NRV: <\/strong>n\u00e6ringsmessig referanseverdi<\/td>\n<\/tr>\n<\/tbody>\n<\/table>\n<\/details>\n<p>&nbsp;<\/p>","protected":false},"featured_media":959,"template":"","meta":[],"product_cat":[312,214],"product_tag":[314,258],"class_list":{"0":"post-958","1":"product","2":"type-product","3":"status-publish","4":"has-post-thumbnail","6":"product_cat-health-and-wellness","7":"product_cat-vitamins-wellness","8":"product_tag-health-and-wellness","9":"product_tag-vitamins-wellness","11":"first","12":"instock","13":"sale","14":"taxable","15":"shipping-taxable","16":"purchasable","17":"product-type-simple"},"aioseo_notices":[],"_links":{"self":[{"href":"https:\/\/www.selfprotein.com\/nb\/wp-json\/wp\/v2\/product\/958"}],"collection":[{"href":"https:\/\/www.selfprotein.com\/nb\/wp-json\/wp\/v2\/product"}],"about":[{"href":"https:\/\/www.selfprotein.com\/nb\/wp-json\/wp\/v2\/types\/product"}],"wp:featuredmedia":[{"embeddable":true,"href":"https:\/\/www.selfprotein.com\/nb\/wp-json\/wp\/v2\/media\/959"}],"wp:attachment":[{"href":"https:\/\/www.selfprotein.com\/nb\/wp-json\/wp\/v2\/media?parent=958"}],"wp:term":[{"taxonomy":"product_cat","embeddable":true,"href":"https:\/\/www.selfprotein.com\/nb\/wp-json\/wp\/v2\/product_cat?post=958"},{"taxonomy":"product_tag","embeddable":true,"href":"https:\/\/www.selfprotein.com\/nb\/wp-json\/wp\/v2\/product_tag?post=958"}],"curies":[{"name":"wp","href":"https:\/\/api.w.org\/{rel}","templated":true}]}}