{"id":961,"date":"2023-11-27T13:56:25","date_gmt":"2023-11-27T12:56:25","guid":{"rendered":"https:\/\/34.88.231.180\/product\/vitamin-c-pro\/"},"modified":"2026-05-01T00:24:06","modified_gmt":"2026-04-30T22:24:06","slug":"vitamin-c-pro","status":"publish","type":"product","link":"https:\/\/www.selfprotein.com\/nb\/produkt\/vitamin-c-pro\/","title":{"rendered":"Vitamin C Pro"},"content":{"rendered":"<p style=\"text-align: left;\" align=\"center\"><strong><span lang=\"en-US\">Vitamin C Pro<\/span><\/strong><\/p>\n<p><span lang=\"en-US\">Vitamin C, ogs\u00e5 kjent som askorbinsyre, er et vannl\u00f8selig vitamin som er viktig for ulike kroppsfunksjoner. Dette kosttilskuddet tilbyr en konsentrert l\u00f8sning for \u00e5 sikre et tilstrekkelig inntak av vitamin C, som er avgj\u00f8rende for \u00e5 opprettholde helsen.<\/span><\/p>\n<p><span lang=\"en-US\">Fordeler med Vitamin C Pro:<\/span><\/p>\n<ul>\n<li><strong><span lang=\"en-US\">Kraftig antioksidant:<\/span><\/strong><span lang=\"en-US\"> Vitamin C fungerer som en effektiv antioksidant som beskytter cellene mot skader for\u00e5rsaket av frie radikaler, som kan oppst\u00e5 som f\u00f8lge av milj\u00f8faktorer som forurensning og UV-str\u00e5ling.<\/span><\/li>\n<li><strong><span lang=\"en-US\">Kollagenproduksjon<\/span><\/strong><span lang=\"en-US\"><strong>:<\/strong> Vitamin C er essensielt for kollagensyntesen og bidrar til helsen til hud, skjelett og bindevev. Det bidrar til \u00e5 opprettholde elastisk hud, sterke bein og fremmer s\u00e5rheling.<\/span><\/li>\n<li><strong><span lang=\"en-US\">Absorpsjon av jern<\/span><\/strong><span lang=\"en-US\"><strong>:<\/strong> Vitamin C gj\u00f8r det lettere \u00e5 ta opp jern fra vegetabilske kilder i kosten. Dette er spesielt viktig for personer som f\u00f8lger et vegetarisk eller vegansk kosthold, der plantebasert jern er den viktigste kilden til dette mineralet.<\/span><\/li>\n<li><strong><span lang=\"en-US\">St\u00f8tte for immunsystemet:<\/span><\/strong><span lang=\"en-US\"> Vitamin C er involvert i immunforsvaret og bidrar til \u00e5 beskytte kroppen mot infeksjoner. Tilstrekkelig inntak av vitamin C kan bidra til \u00e5 styrke kroppens forsvar mot patogener som bakterier og virus.<\/span><\/li>\n<\/ul>\n<p>&nbsp;<\/p>\n<p><span lang=\"en-US\">Med Vitamin C Pro kan du sikre et optimalt inntak av vitamin C, og dermed bidra til generell helse og velv\u00e6re.<\/span><\/p>\n<p><strong><span lang=\"en-US\">Anbefalt bruk<\/span><\/strong><\/p>\n<p><span lang=\"en-US\">1 tablett per dag.<\/span><\/p>\n<p class=\"xmprfx_MsoNormal\"><b>Merknad:<\/b><\/p>\n<ul>\n<li>Kun for voksne og erstatter ikke et variert og balansert kosthold og en sunn livsstil.<\/li>\n<li>Ikke overskrid den anbefalte dosen.<\/li>\n<li>Ikke bruk det under amming, graviditetsperioder uten \u00e5 konsultere legen.<\/li>\n<li>Oppbevar produktet p\u00e5 et kj\u00f8lig, t\u00f8rt sted i en godt forseglet emballasje utilgjengelig for barn under 3 \u00e5r.<\/li>\n<li>Kan inneholde spor av egg, soya, havre og melk.<\/li>\n<li>Laktosefri og Glutenfri.<\/li>\n<\/ul>","protected":false},"excerpt":{"rendered":"<details>\n<summary>Ingredienser<\/summary>\n<table style=\"text-align: center;\">\n<tbody>\n<tr>\n<th>Ingredienser<\/th>\n<th>per 1tab<\/th>\n<\/tr>\n<tr>\n<td>Vitamin C (askorbinsyre)<\/td>\n<td>1000 mg (1250%*)<\/td>\n<\/tr>\n<tr>\n<td>NAC (N-acetyl-cystein)<\/td>\n<td>84 mg<\/td>\n<\/tr>\n<tr>\n<td>Vitamin D (kolekalsiferol D3)<\/td>\n<td>45 \u03bcg (900%*)<\/td>\n<\/tr>\n<tr>\n<td colspan=\"2\"><strong>Andre ingredienser: <\/strong>stabiliseringsmidler (E953, E470b)<\/td>\n<\/tr>\n<tr>\n<td colspan=\"2\"><strong>*%NRV: <\/strong>n\u00e6ringsmessig referanseverdi<\/td>\n<\/tr>\n<\/tbody>\n<\/table>\n<\/details>\n<p>&nbsp;<\/p>","protected":false},"featured_media":11870,"template":"","meta":[],"product_cat":[312,214],"product_tag":[314,258],"class_list":{"0":"post-961","1":"product","2":"type-product","3":"status-publish","4":"has-post-thumbnail","6":"product_cat-health-and-wellness","7":"product_cat-vitamins-wellness","8":"product_tag-health-and-wellness","9":"product_tag-vitamins-wellness","11":"first","12":"instock","13":"sale","14":"taxable","15":"shipping-taxable","16":"purchasable","17":"product-type-simple"},"aioseo_notices":[],"_links":{"self":[{"href":"https:\/\/www.selfprotein.com\/nb\/wp-json\/wp\/v2\/product\/961"}],"collection":[{"href":"https:\/\/www.selfprotein.com\/nb\/wp-json\/wp\/v2\/product"}],"about":[{"href":"https:\/\/www.selfprotein.com\/nb\/wp-json\/wp\/v2\/types\/product"}],"wp:featuredmedia":[{"embeddable":true,"href":"https:\/\/www.selfprotein.com\/nb\/wp-json\/wp\/v2\/media\/11870"}],"wp:attachment":[{"href":"https:\/\/www.selfprotein.com\/nb\/wp-json\/wp\/v2\/media?parent=961"}],"wp:term":[{"taxonomy":"product_cat","embeddable":true,"href":"https:\/\/www.selfprotein.com\/nb\/wp-json\/wp\/v2\/product_cat?post=961"},{"taxonomy":"product_tag","embeddable":true,"href":"https:\/\/www.selfprotein.com\/nb\/wp-json\/wp\/v2\/product_tag?post=961"}],"curies":[{"name":"wp","href":"https:\/\/api.w.org\/{rel}","templated":true}]}}