{"id":967,"date":"2023-11-27T13:56:34","date_gmt":"2023-11-27T12:56:34","guid":{"rendered":"https:\/\/34.88.231.180\/product\/vitamin-d\/"},"modified":"2026-04-01T00:00:33","modified_gmt":"2026-03-31T22:00:33","slug":"vitamin-d","status":"publish","type":"product","link":"https:\/\/www.selfprotein.com\/nb\/produkt\/vitamin-d\/","title":{"rendered":"Vitamin D"},"content":{"rendered":"<p style=\"text-align: left;\" align=\"center\"><strong><span lang=\"en-US\">Vitamin D<\/span><\/strong><\/p>\n<p><span lang=\"en-US\">Vitamin D er et avgj\u00f8rende n\u00e6ringsstoff for en rekke viktige kroppsfunksjoner, blant annet beinhelse, immunforsvarets effektivitet og muskelfunksjon. Dette fettl\u00f8selige vitaminet kan syntetiseres av kroppen n\u00e5r huden utsettes for sollys, men det finnes ogs\u00e5 i visse matvarer og kosttilskudd.<\/span><\/p>\n<p><span lang=\"en-US\">Fordelene med vitamin D er blant annet<\/span><\/p>\n<ul>\n<li><strong><span lang=\"en-US\">Optimal beinhelse:<\/span><\/strong><span lang=\"en-US\"> Vitamin D fremmer opptaket av kalsium og fosfor fra maten, som er viktige elementer for beinhelse og -styrke. Tilstedev\u00e6relsen av vitamin D bidrar til \u00e5 forebygge tilstander som osteoporose og osteomalasi.<\/span><\/li>\n<li><strong><span lang=\"en-US\">Forbedret immunforsvar:<\/span><\/strong><span lang=\"en-US\"> Vitamin D spiller en avgj\u00f8rende rolle i reguleringen av immunforsvaret, og hjelper kroppen med \u00e5 bekjempe infeksjoner og sykdommer. Mangel p\u00e5 vitamin D kan svekke kroppens immunrespons.<\/span><\/li>\n<li><strong><span lang=\"en-US\">Forbedret muskelfunksjon:<\/span><\/strong><span lang=\"en-US\"> Tilstrekkelig tilgang p\u00e5 vitamin D er forbundet med bedre muskelfunksjon og -styrke. Dette kan bidra til \u00e5 redusere risikoen for fall og brudd, s\u00e6rlig hos eldre.<\/span><\/li>\n<li><strong><span lang=\"en-US\">Kardiovaskul\u00e6re fordeler:<\/span><\/strong><span lang=\"en-US\"> Noen unders\u00f8kelser tyder p\u00e5 at tilstrekkelige niv\u00e5er av vitamin D kan v\u00e6re forbundet med redusert risiko for hjerte- og karsykdommer, inkludert hjerteinfarkt og hjerneslag.<\/span><\/li>\n<li><strong><span lang=\"en-US\">Kognitiv st\u00f8tte:<\/span><\/strong><span lang=\"en-US\"> Forel\u00f8pige studier tyder p\u00e5 at D-vitamin kan spille en rolle i forebyggingen av kognitive forstyrrelser og demens i alderdommen, selv om det trengs mer forskning for \u00e5 bekrefte disse fordelene.<\/span><\/li>\n<\/ul>\n<p>&nbsp;<\/p>\n<p><span lang=\"en-US\">Optimale niv\u00e5er av D-vitamin gjennom en kombinasjon av trygg soleksponering, et balansert kosthold og, om n\u00f8dvendig, kosttilskudd kan bidra til \u00e5 fremme generell helse og velv\u00e6re.<\/span><\/p>\n<p><strong><span lang=\"en-US\">Anbefalt bruk<\/span><\/strong><\/p>\n<p><span lang=\"en-US\">1 tablett per dag.<\/span><\/p>\n<p class=\"xmprfx_MsoNormal\"><b>Merknad:<\/b><\/p>\n<ul>\n<li>Kun for voksne og erstatter ikke et variert og balansert kosthold og en sunn livsstil.<\/li>\n<li>Ikke overskrid den anbefalte dosen.<\/li>\n<li>Ikke bruk det under amming, graviditetsperioder uten \u00e5 konsultere legen.<\/li>\n<li>Oppbevar produktet p\u00e5 et kj\u00f8lig, t\u00f8rt sted i en godt forseglet emballasje utilgjengelig for barn under 3 \u00e5r.<\/li>\n<li>Kan inneholde spor av melk, havre, egg og soya.<\/li>\n<li>Laktosefri og Glutenfri.<\/li>\n<\/ul>","protected":false},"excerpt":{"rendered":"<details>\n<summary>Ingredienser<\/summary>\n<table style=\"text-align: center;\">\n<tbody>\n<tr>\n<th>Ingredienser<\/th>\n<th>per 1 tablett<\/th>\n<\/tr>\n<tr>\n<td>Vitamin D (kolekalsiferol)<\/td>\n<td>50 \u03bcg (1000%NRV*)<\/td>\n<\/tr>\n<tr>\n<td colspan=\"2\"><strong>Andre ingredienser: <\/strong>stabiliseringsmidler (E460, E953, E470b)<\/td>\n<\/tr>\n<tr>\n<td colspan=\"2\"><strong>*%NRV: <\/strong>n\u00e6ringsmessig referanseverdi<\/td>\n<\/tr>\n<\/tbody>\n<\/table>\n<\/details>\n<p>&nbsp;<\/p>","protected":false},"featured_media":13884,"template":"","meta":[],"product_cat":[312,214],"product_tag":[314,258],"class_list":{"0":"post-967","1":"product","2":"type-product","3":"status-publish","4":"has-post-thumbnail","6":"product_cat-health-and-wellness","7":"product_cat-vitamins-wellness","8":"product_tag-health-and-wellness","9":"product_tag-vitamins-wellness","11":"first","12":"instock","13":"taxable","14":"shipping-taxable","15":"purchasable","16":"product-type-simple"},"aioseo_notices":[],"_links":{"self":[{"href":"https:\/\/www.selfprotein.com\/nb\/wp-json\/wp\/v2\/product\/967"}],"collection":[{"href":"https:\/\/www.selfprotein.com\/nb\/wp-json\/wp\/v2\/product"}],"about":[{"href":"https:\/\/www.selfprotein.com\/nb\/wp-json\/wp\/v2\/types\/product"}],"wp:featuredmedia":[{"embeddable":true,"href":"https:\/\/www.selfprotein.com\/nb\/wp-json\/wp\/v2\/media\/13884"}],"wp:attachment":[{"href":"https:\/\/www.selfprotein.com\/nb\/wp-json\/wp\/v2\/media?parent=967"}],"wp:term":[{"taxonomy":"product_cat","embeddable":true,"href":"https:\/\/www.selfprotein.com\/nb\/wp-json\/wp\/v2\/product_cat?post=967"},{"taxonomy":"product_tag","embeddable":true,"href":"https:\/\/www.selfprotein.com\/nb\/wp-json\/wp\/v2\/product_tag?post=967"}],"curies":[{"name":"wp","href":"https:\/\/api.w.org\/{rel}","templated":true}]}}