{"id":970,"date":"2023-11-27T13:56:39","date_gmt":"2023-11-27T12:56:39","guid":{"rendered":"https:\/\/34.88.231.180\/product\/waterloss\/"},"modified":"2026-05-01T00:24:08","modified_gmt":"2026-04-30T22:24:08","slug":"waterloss-fyto-slim","status":"publish","type":"product","link":"https:\/\/www.selfprotein.com\/nb\/produkt\/waterloss-fyto-slim\/","title":{"rendered":"Waterloss Fyto Slim"},"content":{"rendered":"<p style=\"text-align: left;\" align=\"center\"><strong>Waterloss Fyto Slim<\/strong><\/p>\n<p><span lang=\"en-US\">Waterloss Fyto Slim er et kosttilskudd som er utviklet for \u00e5 motvirke v\u00e6skeansamlinger i kroppen gjennom en blanding av utvalgte planteekstrakter. Waterloss er utviklet for \u00e5 fremme drenering av overfl\u00f8dig v\u00e6ske og st\u00f8tte kroppens rensende funksjoner, og presenterer seg selv som en naturlig l\u00f8sning for \u00e5 forbedre det generelle velv\u00e6ret og redusere oppbl\u00e5sthet for\u00e5rsaket av v\u00e6skeansamlinger.<\/span><\/p>\n<p><span lang=\"en-US\">Produktfordeler:<\/span><\/p>\n<ul>\n<li><strong><span lang=\"en-US\">Drenering av overfl\u00f8dig v\u00e6ske: <\/span><\/strong><span lang=\"en-US\">Waterloss retter seg effektivt mot de faktorene som er ansvarlige for v\u00e6skeansamlinger i kroppen, noe som letter dreneringen av overfl\u00f8dig v\u00e6ske og reduserer oppbl\u00e5sthet.<\/span><\/li>\n<li><strong><span lang=\"en-US\">St\u00f8tte for rensefunksjoner:<\/span><\/strong><span lang=\"en-US\"> Takket v\u00e6re den plantebaserte formuleringen st\u00f8tter Waterloss kroppens rensende funksjoner, og bidrar til \u00e5 eliminere akkumulerte giftstoffer og metabolsk avfall.<\/span><\/li>\n<li><strong><span lang=\"en-US\">Reduksjon av oppbl\u00e5sthet:<\/span><\/strong><span lang=\"en-US\"> Waterloss fremmer drenering av overfl\u00f8dig v\u00e6ske og bidrar til \u00e5 redusere oppbl\u00e5sthet, forbedre komforten og f\u00f8lelsen av letthet.<\/span><\/li>\n<li><strong><span lang=\"en-US\">Gluten- og laktosefri:<\/span><\/strong><span lang=\"en-US\"> Waterloss er fri for gluten og laktose, noe som gj\u00f8r den egnet for de som f\u00f8lger en diett uten disse komponentene og sikrer st\u00f8rre kompatibilitet for en rekke brukere.<\/span><\/li>\n<\/ul>\n<p><\/p>\n<p><strong><span lang=\"en-US\">Anbefalt bruk<\/span><\/strong><\/p>\n<p><span lang=\"en-US\">2 kapsler f\u00f8r frokost, lunsj og middag.<\/span>\n<\/p>\n<p><\/p>\n<p class=\"xmprfx_MsoNormal\"><b>Merknad:<\/b><\/p>\n<ul>\n<li>Kun for voksne og erstatter ikke et variert og balansert kosthold og en sunn livsstil.<\/li>\n<li>Ikke overskrid den anbefalte dosen.<\/li>\n<li>Ikke bruk det under amming, graviditetsperioder uten \u00e5 konsultere legen.<\/li>\n<li>Oppbevar produktet p\u00e5 et kj\u00f8lig, t\u00f8rt sted i en godt forseglet emballasje utilgjengelig for barn under 3 \u00e5r.<\/li>\n<li>Kan inneholde spor av egg, soya, havre og melk.<\/li>\n<li>Laktosefri og Glutenfri.<\/li>\n<\/ul>","protected":false},"excerpt":{"rendered":"<details>\n<summary>Ingredienser<\/summary>\n<table style=\"text-align: center;\">\n<tbody>\n<tr>\n<th>Ingredienser<\/th>\n<th>per 6cps<\/th>\n<\/tr>\n<tr>\n<td>Kaktus fikenkaktus e.s\/ekstrakt (Opuntia Ficus-Indica-Cladodium, fructus)<\/td>\n<td>1500 mg<\/td>\n<\/tr>\n<tr>\n<td>L\u00f8vetann e.s\/ ekstrakt (200:1) Taraxacum Officinale, radix)<\/td>\n<td>852 mg<\/td>\n<\/tr>\n<tr>\n<td>Bringeb\u00e6r e.s\/ekstrakt (Rubus Ideas, fructus)<\/td>\n<td>690 mg<\/td>\n<\/tr>\n<tr>\n<td>Schizandra e.s\/ ekstrakt (9% Schisandris) (Schisandra Chinensis, fructus)<\/td>\n<td>510 mg<\/td>\n<\/tr>\n<tr>\n<td>Yerba Mate e.s\/ ekstrakt (Ilex Paraguariensis, Folium)<\/td>\n<td>372 mg<\/td>\n<\/tr>\n<tr>\n<td>Bearberry Leaf e.s\/ekstrakt<\/td>\n<td>276 mg<\/td>\n<\/tr>\n<tr>\n<td colspan=\"2\"><strong>Andre ingredienser: <\/strong>vegansk kapsel (E1204), stabiliseringsmidler (E953, E470b, E551)<\/td>\n<\/tr>\n<tr>\n<td colspan=\"2\"><strong>*%NRV: <\/strong>daglig referanseverdi for n\u00e6ringsstoffer<\/td>\n<\/tr>\n<\/tbody>\n<\/table>\n<\/details>\n<p>&nbsp;<\/p>","protected":false},"featured_media":5625,"template":"","meta":[],"product_cat":[155,309],"product_tag":[163,319],"class_list":{"0":"post-970","1":"product","2":"type-product","3":"status-publish","4":"has-post-thumbnail","6":"product_cat-weight-control-metabolism","7":"product_cat-weight-management-and-definition","8":"product_tag-weight-control-metabolism","9":"product_tag-weight-management-and-definition","11":"first","12":"instock","13":"taxable","14":"shipping-taxable","15":"purchasable","16":"product-type-simple"},"aioseo_notices":[],"_links":{"self":[{"href":"https:\/\/www.selfprotein.com\/nb\/wp-json\/wp\/v2\/product\/970"}],"collection":[{"href":"https:\/\/www.selfprotein.com\/nb\/wp-json\/wp\/v2\/product"}],"about":[{"href":"https:\/\/www.selfprotein.com\/nb\/wp-json\/wp\/v2\/types\/product"}],"wp:featuredmedia":[{"embeddable":true,"href":"https:\/\/www.selfprotein.com\/nb\/wp-json\/wp\/v2\/media\/5625"}],"wp:attachment":[{"href":"https:\/\/www.selfprotein.com\/nb\/wp-json\/wp\/v2\/media?parent=970"}],"wp:term":[{"taxonomy":"product_cat","embeddable":true,"href":"https:\/\/www.selfprotein.com\/nb\/wp-json\/wp\/v2\/product_cat?post=970"},{"taxonomy":"product_tag","embeddable":true,"href":"https:\/\/www.selfprotein.com\/nb\/wp-json\/wp\/v2\/product_tag?post=970"}],"curies":[{"name":"wp","href":"https:\/\/api.w.org\/{rel}","templated":true}]}}