{"id":973,"date":"2023-11-27T13:56:43","date_gmt":"2023-11-27T12:56:43","guid":{"rendered":"https:\/\/34.88.231.180\/product\/whey-protein-shake\/"},"modified":"2026-05-01T00:24:22","modified_gmt":"2026-04-30T22:24:22","slug":"whey-protein-shake","status":"publish","type":"product","link":"https:\/\/www.selfprotein.com\/nb\/produkt\/whey-protein-shake\/","title":{"rendered":"Whey Protein Shake"},"content":{"rendered":"<p style=\"text-align: left\" align=\"center\"><strong><span lang=\"en-US\">Whey Protein Shake<\/span><\/strong><\/p>\n<p><span lang=\"en-US\">Kosttilskudd med myseprotein, ogs\u00e5 kjent som myseproteinkonsentrat (WPC), er et popul\u00e6rt valg blant idrettsut\u00f8vere og de som \u00f8nsker \u00e5 \u00f8ke proteininntaket for \u00e5 oppn\u00e5 ulike m\u00e5l, blant annet muskelvekst, restitusjon etter trening og vekttap. Myseproteinkonsentrat skiller seg ut som en av de vanligste formene av disse kosttilskuddene, og fremstilles gjennom en filtreringsprosess som fjerner noe av fettet og laktosen i mysen, samtidig som proteininnholdet konsentreres.<\/span><\/p>\n<p><span lang=\"en-US\">Her er fordelene med Whey Protein Shake kosttilskudd:<\/span><\/p>\n<ul>\n<li><strong><span lang=\"en-US\">Muskelvekst:<\/span><\/strong><span lang=\"en-US\"> Myseproteinkonsentrat gir en h\u00f8y konsentrasjon av proteiner som er avgj\u00f8rende for proteinsyntese og muskelvekst.<\/span><\/li>\n<li><strong><span lang=\"en-US\">Restitusjon etter trening:<\/span><\/strong><span lang=\"en-US\"> P\u00e5 grunn av den raske ford\u00f8yelsen og absorpsjonen er WPC et ideelt alternativ for inntak etter trening, og gir de n\u00f8dvendige n\u00e6ringsstoffene for muskelrestitusjon.<\/span><\/li>\n<li><strong><span lang=\"en-US\">Vektnedgang:<\/span><\/strong><span lang=\"en-US\"> Et tilskudd av myseproteinkonsentrat kan bidra til vekttap ved \u00e5 gi en mager proteinkilde og bidra til en god metthetsf\u00f8lelse.<\/span><\/li>\n<li><strong><span lang=\"en-US\">Protein av h\u00f8y kvalitet:<\/span><\/strong><span lang=\"en-US\"> Myseproteiner anses \u00e5 v\u00e6re av h\u00f8y kvalitet fordi de inneholder alle essensielle aminosyrer, som er avgj\u00f8rende for flere av kroppens funksjoner.<\/span><\/li>\n<li><strong><span lang=\"en-US\">Enkel ford\u00f8yelse: <\/span><\/strong><span lang=\"en-US\">WPC er kjent for sin lette ford\u00f8yelse, noe som gj\u00f8r proteinopptaket mer effektivt og reduserer risikoen for ubehag i mage-tarmkanalen.<\/span><\/li>\n<li><strong><span lang=\"en-US\">Rask absorpsjon:<\/span><\/strong><span lang=\"en-US\"> Den raske assimileringen av myseproteiner gj\u00f8r at kroppen kan bruke n\u00e6ringsstoffene raskt, noe som optimaliserer perioden etter treningen.<\/span><\/li>\n<\/ul>\n<p>&nbsp;<\/p>\n<p><strong><span lang=\"en-US\">Anbefalt bruk<\/span><\/strong><\/p>\n<p><span lang=\"en-US\">1 til 3 porsjoner per dag, avhengig av behov og med tanke p\u00e5 andre proteinkilder i kostholdet.<\/span><\/p>\n<p>&nbsp;<\/p>\n<p><b>Merknad:<\/b><\/p>\n<ul>\n<li>Kun for voksne og erstatter ikke et variert og balansert kosthold og en sunn livsstil.<\/li>\n<li>Ikke overskrid den anbefalte dosen.<\/li>\n<li>Anbefalt dose: 1-3 porsjoner per dag, avhengig av behov og med tanke p\u00e5 andre proteinkilder i kosten.<\/li>\n<li>Ikke bruk det under amming, graviditetsperioder uten \u00e5 konsultere legen.<\/li>\n<li>Oppbevar produktet p\u00e5 et kj\u00f8lig, t\u00f8rt sted i en godt forseglet emballasje utilgjengelig for barn under 3 \u00e5r.<\/li>\n<li>Kan inneholde spor av havre, egg og soya.<\/li>\n<li>Glutenfri.<\/li>\n<\/ul>","protected":false},"excerpt":{"rendered":"<p>Whey Protein Shake Whey proteintilskudd, ogs\u00e5 kjent som myseproteinkonsentrat (WPC), er et popul\u00e6rt valg blant idrettsut\u00f8vere og de som \u00f8nsker \u00e5 \u00f8ke proteininntaket for \u00e5 oppn\u00e5 ulike m\u00e5l, blant annet muskelvekst, restitusjon etter trening og vekttap. Myseproteinkonsentrat skiller seg ut som en av de vanligste formene for disse kosttilskuddene, [...].<\/p>","protected":false},"featured_media":5659,"template":"","meta":[],"product_cat":[158],"product_tag":[18],"class_list":{"0":"post-973","1":"product","2":"type-product","3":"status-publish","4":"has-post-thumbnail","6":"product_cat-proteins","7":"product_tag-proteins","9":"first","10":"instock","11":"taxable","12":"shipping-taxable","13":"purchasable","14":"product-type-variable"},"aioseo_notices":[],"_links":{"self":[{"href":"https:\/\/www.selfprotein.com\/nb\/wp-json\/wp\/v2\/product\/973"}],"collection":[{"href":"https:\/\/www.selfprotein.com\/nb\/wp-json\/wp\/v2\/product"}],"about":[{"href":"https:\/\/www.selfprotein.com\/nb\/wp-json\/wp\/v2\/types\/product"}],"wp:featuredmedia":[{"embeddable":true,"href":"https:\/\/www.selfprotein.com\/nb\/wp-json\/wp\/v2\/media\/5659"}],"wp:attachment":[{"href":"https:\/\/www.selfprotein.com\/nb\/wp-json\/wp\/v2\/media?parent=973"}],"wp:term":[{"taxonomy":"product_cat","embeddable":true,"href":"https:\/\/www.selfprotein.com\/nb\/wp-json\/wp\/v2\/product_cat?post=973"},{"taxonomy":"product_tag","embeddable":true,"href":"https:\/\/www.selfprotein.com\/nb\/wp-json\/wp\/v2\/product_tag?post=973"}],"curies":[{"name":"wp","href":"https:\/\/api.w.org\/{rel}","templated":true}]}}