{"id":995,"date":"2023-11-27T13:57:37","date_gmt":"2023-11-27T12:57:37","guid":{"rendered":"https:\/\/34.88.231.180\/product\/zinc\/"},"modified":"2026-05-01T00:24:09","modified_gmt":"2026-04-30T22:24:09","slug":"zinc","status":"publish","type":"product","link":"https:\/\/www.selfprotein.com\/nb\/produkt\/zinc\/","title":{"rendered":"Zinc"},"content":{"rendered":"<p><strong><span lang=\"en-US\">Zinc<\/span><\/strong><\/p>\n<p><span lang=\"en-US\">Sink er et essensielt mineral som gir flere helsefordeler.<\/span><\/p>\n<p><span lang=\"en-US\">Et tilstrekkelig inntak av sink gjennom kosthold eller tilskudd kan bidra til generell helse og velv\u00e6re ved \u00e5 tilf\u00f8re kroppen de n\u00f8dvendige elementene for \u00e5 opprettholde et sterkt immunforsvar, effektiv proteinsyntese og balanserte hormonniv\u00e5er.<\/span><\/p>\n<p><span lang=\"en-US\">Her er fordelene med sink:<\/span><\/p>\n<ul>\n<li><strong><span lang=\"en-US\">St\u00f8tte for immunforsvaret: <\/span><\/strong><span lang=\"en-US\">Sink bidrar til \u00e5 st\u00f8tte og styrke immunforsvaret, noe som bidrar til \u00e5 beskytte kroppen mot infeksjoner og sykdommer.<\/span><\/li>\n<li><strong><span lang=\"en-US\">Beskyttelse av celler mot oksidativt stress: <\/span><\/strong><span lang=\"en-US\">Takket v\u00e6re sine antioksidantegenskaper bidrar sink til \u00e5 beskytte cellene mot skader for\u00e5rsaket av oksidativt stress, som kan for\u00e5rsakes av frie radikaler i kroppen.<\/span><\/li>\n<li><strong><span lang=\"en-US\">Proteinsyntese:<\/span><\/strong><span lang=\"en-US\"> Sink er involvert i proteinsyntesen, en grunnleggende prosess for vekst, reparasjon og vedlikehold av muskler, hud og annet vev i kroppen.<\/span><\/li>\n<li><strong><span lang=\"en-US\">Opprettholdelse av normale testosteronniv\u00e5er:<\/span><\/strong><span lang=\"en-US\"> Sink spiller en viktig rolle i opprettholdelsen av normale testosteronniv\u00e5er i blodet, som er et n\u00f8kkelhormon for seksuell helse, muskelmasse, bentetthet og andre fysiologiske prosesser i kroppen.<\/span><\/li>\n<\/ul>\n<p>&nbsp;<\/p>\n<p><strong><span lang=\"en-US\">Anbefalt bruk<\/span><\/strong><\/p>\n<p><span lang=\"en-US\">Ta 1 tablett f\u00f8r fysisk aktivitet eller i l\u00f8pet av dagen.<\/span><\/p>\n<p><strong>Merknad:<\/strong><\/p>\n<ul>\n<li>Kun for voksne og erstatter ikke et variert og balansert kosthold og en sunn livsstil.<\/li>\n<li>Ikke overskrid den anbefalte dosen.<\/li>\n<li>Anbefalt dose: 1 kapsel f\u00f8r trening eller i l\u00f8pet av dagen.<\/li>\n<li>Ikke bruk det under amming, graviditetsperioder uten \u00e5 konsultere legen.<\/li>\n<li>Oppbevar produktet p\u00e5 et kj\u00f8lig, t\u00f8rt sted i en godt forseglet emballasje utilgjengelig for barn under 3 \u00e5r.<\/li>\n<li>Kan inneholde spor av melk, havre, egg og soya.<\/li>\n<li>Laktosefri og Glutenfri.<\/li>\n<\/ul>","protected":false},"excerpt":{"rendered":"<details>\n<summary>Ingredienser<\/summary>\n<table style=\"text-align: center;\">\n<tbody>\n<tr>\n<th>Ingredienser<\/th>\n<th>per porsjon 1tab<\/th>\n<th>*NRV<\/th>\n<\/tr>\n<tr>\n<td>Sink sitrat<\/td>\n<td>15 mg<\/td>\n<td>150%<\/td>\n<\/tr>\n<tr>\n<td colspan=\"3\"><strong>*NRV: <\/strong>n\u00e6ringsmessig referanseverdi<\/td>\n<\/tr>\n<tr>\n<td colspan=\"3\"><strong>Andre ingredienser: <\/strong>stabiliseringsmidler (E460, E470b, E551)<\/td>\n<\/tr>\n<\/tbody>\n<\/table>\n<\/details>\n<p>&nbsp;<\/p>","protected":false},"featured_media":11387,"template":"","meta":[],"product_cat":[312,214],"product_tag":[314,258],"class_list":{"0":"post-995","1":"product","2":"type-product","3":"status-publish","4":"has-post-thumbnail","6":"product_cat-health-and-wellness","7":"product_cat-vitamins-wellness","8":"product_tag-health-and-wellness","9":"product_tag-vitamins-wellness","11":"first","12":"instock","13":"taxable","14":"shipping-taxable","15":"purchasable","16":"product-type-simple"},"aioseo_notices":[],"_links":{"self":[{"href":"https:\/\/www.selfprotein.com\/nb\/wp-json\/wp\/v2\/product\/995"}],"collection":[{"href":"https:\/\/www.selfprotein.com\/nb\/wp-json\/wp\/v2\/product"}],"about":[{"href":"https:\/\/www.selfprotein.com\/nb\/wp-json\/wp\/v2\/types\/product"}],"wp:featuredmedia":[{"embeddable":true,"href":"https:\/\/www.selfprotein.com\/nb\/wp-json\/wp\/v2\/media\/11387"}],"wp:attachment":[{"href":"https:\/\/www.selfprotein.com\/nb\/wp-json\/wp\/v2\/media?parent=995"}],"wp:term":[{"taxonomy":"product_cat","embeddable":true,"href":"https:\/\/www.selfprotein.com\/nb\/wp-json\/wp\/v2\/product_cat?post=995"},{"taxonomy":"product_tag","embeddable":true,"href":"https:\/\/www.selfprotein.com\/nb\/wp-json\/wp\/v2\/product_tag?post=995"}],"curies":[{"name":"wp","href":"https:\/\/api.w.org\/{rel}","templated":true}]}}