{"id":10137,"date":"2024-09-16T11:14:11","date_gmt":"2024-09-16T09:14:11","guid":{"rendered":"https:\/\/www.selfprotein.com\/?page_id=10137"},"modified":"2024-10-17T15:23:27","modified_gmt":"2024-10-17T13:23:27","slug":"cherry-almond-smoothie-recipe","status":"publish","type":"page","link":"https:\/\/www.selfprotein.com\/sv\/cherry-almond-smoothie-recipe\/","title":{"rendered":"Recept p\u00e5 k\u00f6rsb\u00e4rs- och mandelsmoothie"},"content":{"rendered":"<div data-elementor-type=\"wp-page\" data-elementor-id=\"10137\" class=\"elementor elementor-10137\" data-elementor-post-type=\"page\">\n\t\t\t\t<div class=\"elementor-element elementor-element-4eb2ab50 elementor-hidden-mobile_extra elementor-hidden-mobile e-flex e-con-boxed e-con e-parent\" data-id=\"4eb2ab50\" data-element_type=\"container\">\n\t\t\t\t\t<div class=\"e-con-inner\">\n\t\t<div class=\"elementor-element elementor-element-56211805 e-con-full e-flex e-con e-child\" data-id=\"56211805\" data-element_type=\"container\" data-settings=\"{&quot;background_background&quot;:&quot;classic&quot;}\">\n\t\t\t\t<\/div>\n\t\t<div class=\"elementor-element elementor-element-526a7111 e-con-full e-flex e-con e-child\" data-id=\"526a7111\" data-element_type=\"container\">\n\t\t\t\t<\/div>\n\t\t\t\t\t<\/div>\n\t\t\t\t<\/div>\n\t\t<div class=\"elementor-element elementor-element-420dc63d e-flex e-con-boxed e-con e-parent\" data-id=\"420dc63d\" data-element_type=\"container\">\n\t\t\t\t\t<div class=\"e-con-inner\">\n\t\t<div class=\"elementor-element elementor-element-2cd8611 e-con-full elementor-hidden-mobile_extra elementor-hidden-mobile e-flex e-con e-child\" data-id=\"2cd8611\" data-element_type=\"container\" data-settings=\"{&quot;background_background&quot;:&quot;classic&quot;}\">\n\t\t\t\t<\/div>\n\t\t<div class=\"elementor-element elementor-element-50470f4a e-con-full e-flex e-con e-child\" data-id=\"50470f4a\" data-element_type=\"container\">\n\t\t\t\t<div class=\"elementor-element elementor-element-3febd76d elementor-widget__width-initial elementor-widget elementor-widget-image\" data-id=\"3febd76d\" data-element_type=\"widget\" data-widget_type=\"image.default\">\n\t\t\t\t<div class=\"elementor-widget-container\">\n\t\t\t\t\t\t\t\t\t\t\t\t\t\t\t<img fetchpriority=\"high\" decoding=\"async\" width=\"620\" height=\"400\" src=\"https:\/\/www.selfprotein.com\/wp-content\/uploads\/2024\/09\/cherry-almond-smoothie.png\" class=\"attachment-full size-full wp-image-9660\" alt=\"k\u00f6rsb\u00e4rs-almond-smoothie\" srcset=\"https:\/\/www.selfprotein.com\/wp-content\/uploads\/2024\/09\/cherry-almond-smoothie.png 620w, https:\/\/www.selfprotein.com\/wp-content\/uploads\/2024\/09\/cherry-almond-smoothie-300x194.png 300w, https:\/\/www.selfprotein.com\/wp-content\/uploads\/2024\/09\/cherry-almond-smoothie-18x12.png 18w, https:\/\/www.selfprotein.com\/wp-content\/uploads\/2024\/09\/cherry-almond-smoothie-600x387.png 600w\" sizes=\"(max-width: 620px) 100vw, 620px\" \/>\t\t\t\t\t\t\t\t\t\t\t\t\t\t\t<\/div>\n\t\t\t\t<\/div>\n\t\t\t\t<\/div>\n\t\t\t\t\t<\/div>\n\t\t\t\t<\/div>\n\t\t<div class=\"elementor-element elementor-element-18863c66 e-flex e-con-boxed e-con e-parent\" data-id=\"18863c66\" data-element_type=\"container\">\n\t\t\t\t\t<div class=\"e-con-inner\">\n\t\t<div class=\"elementor-element elementor-element-7d71eb43 e-con-full elementor-hidden-mobile_extra elementor-hidden-mobile e-flex e-con e-child\" data-id=\"7d71eb43\" data-element_type=\"container\" data-settings=\"{&quot;background_background&quot;:&quot;classic&quot;}\">\n\t\t\t\t<\/div>\n\t\t<div class=\"elementor-element elementor-element-54081305 e-con-full e-flex e-con e-child\" data-id=\"54081305\" data-element_type=\"container\">\n\t\t\t\t<div class=\"elementor-element elementor-element-4dba86d7 elementor-widget-tablet__width-initial elementor-widget elementor-widget-heading\" data-id=\"4dba86d7\" data-element_type=\"widget\" data-widget_type=\"heading.default\">\n\t\t\t\t<div class=\"elementor-widget-container\">\n\t\t\t\t\t<h1 class=\"elementor-heading-title elementor-size-default\">K\u00f6rsb\u00e4r Mandel\nSmoothie<\/h1>\t\t\t\t<\/div>\n\t\t\t\t<\/div>\n\t\t\t\t<\/div>\n\t\t\t\t\t<\/div>\n\t\t\t\t<\/div>\n\t\t<div class=\"elementor-element elementor-element-41d4dcdb e-flex e-con-boxed e-con e-parent\" data-id=\"41d4dcdb\" data-element_type=\"container\">\n\t\t\t\t\t<div class=\"e-con-inner\">\n\t\t<div class=\"elementor-element elementor-element-24d9392 e-con-full e-flex e-con e-child\" data-id=\"24d9392\" data-element_type=\"container\" data-settings=\"{&quot;background_background&quot;:&quot;classic&quot;}\">\n\t\t\t\t<div class=\"elementor-element elementor-element-5b3e9999 elementor-widget elementor-widget-heading\" data-id=\"5b3e9999\" data-element_type=\"widget\" data-widget_type=\"heading.default\">\n\t\t\t\t<div class=\"elementor-widget-container\">\n\t\t\t\t\t<h2 class=\"elementor-heading-title elementor-size-default\">Ingredienser<\/h2>\t\t\t\t<\/div>\n\t\t\t\t<\/div>\n\t\t\t\t<div class=\"elementor-element elementor-element-6dbde948 elementor-widget-divider--view-line elementor-widget elementor-widget-divider\" data-id=\"6dbde948\" data-element_type=\"widget\" data-widget_type=\"divider.default\">\n\t\t\t\t<div class=\"elementor-widget-container\">\n\t\t\t\t\t\t\t<div class=\"elementor-divider\">\n\t\t\t<span class=\"elementor-divider-separator\">\n\t\t\t\t\t\t<\/span>\n\t\t<\/div>\n\t\t\t\t\t\t<\/div>\n\t\t\t\t<\/div>\n\t\t\t\t<div class=\"elementor-element elementor-element-505e4ab4 elementor-widget elementor-widget-text-editor\" data-id=\"505e4ab4\" data-element_type=\"widget\" data-widget_type=\"text-editor.default\">\n\t\t\t\t<div class=\"elementor-widget-container\">\n\t\t\t\t\t\t\t\t\t<ul><li>1 skopa av <a style=\"text-decoration: underline;\" href=\"https:\/\/www.selfprotein.com\/sv\/produkt\/iso-whey-premium\/\" target=\"_blank\" rel=\"noopener\">Vanilj Iso vassle<\/a><a style=\"text-decoration: underline;\" href=\"https:\/\/www.selfprotein.com\/sv\/produkt\/iso-whey-premium\/\" target=\"_blank\" rel=\"noopener\"> Premium<\/a><\/li><li>100 g urk\u00e4rnade k\u00f6rsb\u00e4r<\/li><li>200 ml mandelmj\u00f6lk<\/li><li>1 matsked mandelsm\u00f6r<\/li><\/ul>\t\t\t\t\t\t\t\t<\/div>\n\t\t\t\t<\/div>\n\t\t\t\t<\/div>\n\t\t<div class=\"elementor-element elementor-element-2a9720c2 e-con-full e-flex e-con e-child\" data-id=\"2a9720c2\" data-element_type=\"container\">\n\t\t\t\t<div class=\"elementor-element elementor-element-7dd12708 elementor-widget elementor-widget-heading\" data-id=\"7dd12708\" data-element_type=\"widget\" data-widget_type=\"heading.default\">\n\t\t\t\t<div class=\"elementor-widget-container\">\n\t\t\t\t\t<h2 class=\"elementor-heading-title elementor-size-default\">F\u00f6rfarande<\/h2>\t\t\t\t<\/div>\n\t\t\t\t<\/div>\n\t\t\t\t<div class=\"elementor-element elementor-element-537c3bb elementor-widget-divider--view-line elementor-widget elementor-widget-divider\" data-id=\"537c3bb\" data-element_type=\"widget\" data-widget_type=\"divider.default\">\n\t\t\t\t<div class=\"elementor-widget-container\">\n\t\t\t\t\t\t\t<div class=\"elementor-divider\">\n\t\t\t<span class=\"elementor-divider-separator\">\n\t\t\t\t\t\t<\/span>\n\t\t<\/div>\n\t\t\t\t\t\t<\/div>\n\t\t\t\t<\/div>\n\t\t\t\t<div class=\"elementor-element elementor-element-72e13891 elementor-widget elementor-widget-text-editor\" data-id=\"72e13891\" data-element_type=\"widget\" data-widget_type=\"text-editor.default\">\n\t\t\t\t<div class=\"elementor-widget-container\">\n\t\t\t\t\t\t\t\t\t<p>1. L\u00e4gg alla ingredienser i en mixer.<br \/>2. Mixa tills den \u00e4r sl\u00e4t.<br \/>3. Servera omedelbart.<\/p>\t\t\t\t\t\t\t\t<\/div>\n\t\t\t\t<\/div>\n\t\t\t\t<div class=\"elementor-element elementor-element-4693bcb8 elementor-widget elementor-widget-heading\" data-id=\"4693bcb8\" data-element_type=\"widget\" data-widget_type=\"heading.default\">\n\t\t\t\t<div class=\"elementor-widget-container\">\n\t\t\t\t\t<h2 class=\"elementor-heading-title elementor-size-default\">Tips<\/h2>\t\t\t\t<\/div>\n\t\t\t\t<\/div>\n\t\t\t\t<div class=\"elementor-element elementor-element-3bcf1c9a elementor-widget-divider--view-line elementor-widget elementor-widget-divider\" data-id=\"3bcf1c9a\" data-element_type=\"widget\" data-widget_type=\"divider.default\">\n\t\t\t\t<div class=\"elementor-widget-container\">\n\t\t\t\t\t\t\t<div class=\"elementor-divider\">\n\t\t\t<span class=\"elementor-divider-separator\">\n\t\t\t\t\t\t<\/span>\n\t\t<\/div>\n\t\t\t\t\t\t<\/div>\n\t\t\t\t<\/div>\n\t\t\t\t<div class=\"elementor-element elementor-element-6f1618cb elementor-widget elementor-widget-text-editor\" data-id=\"6f1618cb\" data-element_type=\"widget\" data-widget_type=\"text-editor.default\">\n\t\t\t\t<div class=\"elementor-widget-container\">\n\t\t\t\t\t\t\t\t\t<p>Anv\u00e4nd frysta k\u00f6rsb\u00e4r f\u00f6r en fr\u00e4schare smoothie.<br \/>Tills\u00e4tt lite kanel f\u00f6r att f\u00e5 en extra smak.<br \/>Garnera med k\u00f6rsb\u00e4rsskivor och hackade mandlar.<\/p>\t\t\t\t\t\t\t\t<\/div>\n\t\t\t\t<\/div>\n\t\t\t\t<\/div>\n\t\t\t\t\t<\/div>\n\t\t\t\t<\/div>\n\t\t\t\t<\/div>","protected":false},"excerpt":{"rendered":"<p>Cherry Almond Smoothie Ingredienser 1 skopa Vanilla Iso Whey Premium 100 g urk\u00e4rnade k\u00f6rsb\u00e4r 200 ml mandelmj\u00f6lk 1 matsked mandelsm\u00f6r Tillv\u00e4gag\u00e5ngss\u00e4tt 1. L\u00e4gg alla ingredienser i en mixer.2. Mixa till en j\u00e4mn smet.3. Servera omedelbart. Tips Anv\u00e4nd frysta k\u00f6rsb\u00e4r f\u00f6r en fr\u00e4schare smoothie.tills\u00e4tt lite kanel f\u00f6r en extra smak.garnera med k\u00f6rsb\u00e4rsskivor [...]<\/p>","protected":false},"author":22483,"featured_media":0,"parent":0,"menu_order":0,"comment_status":"closed","ping_status":"closed","template":"","meta":{"footnotes":""},"class_list":["post-10137","page","type-page","status-publish","hentry"],"aioseo_notices":[],"_links":{"self":[{"href":"https:\/\/www.selfprotein.com\/sv\/wp-json\/wp\/v2\/pages\/10137"}],"collection":[{"href":"https:\/\/www.selfprotein.com\/sv\/wp-json\/wp\/v2\/pages"}],"about":[{"href":"https:\/\/www.selfprotein.com\/sv\/wp-json\/wp\/v2\/types\/page"}],"author":[{"embeddable":true,"href":"https:\/\/www.selfprotein.com\/sv\/wp-json\/wp\/v2\/users\/22483"}],"replies":[{"embeddable":true,"href":"https:\/\/www.selfprotein.com\/sv\/wp-json\/wp\/v2\/comments?post=10137"}],"version-history":[{"count":37,"href":"https:\/\/www.selfprotein.com\/sv\/wp-json\/wp\/v2\/pages\/10137\/revisions"}],"predecessor-version":[{"id":10882,"href":"https:\/\/www.selfprotein.com\/sv\/wp-json\/wp\/v2\/pages\/10137\/revisions\/10882"}],"wp:attachment":[{"href":"https:\/\/www.selfprotein.com\/sv\/wp-json\/wp\/v2\/media?parent=10137"}],"curies":[{"name":"wp","href":"https:\/\/api.w.org\/{rel}","templated":true}]}}