{"id":1496,"date":"2024-02-02T10:05:52","date_gmt":"2024-02-02T09:05:52","guid":{"rendered":"https:\/\/34.88.231.180\/basket\/"},"modified":"2026-03-20T12:57:05","modified_gmt":"2026-03-20T11:57:05","slug":"basket","status":"publish","type":"page","link":"https:\/\/www.selfprotein.com\/sv\/basket\/","title":{"rendered":"Korg"},"content":{"rendered":"<div data-elementor-type=\"wp-page\" data-elementor-id=\"1496\" class=\"elementor elementor-1496\" data-elementor-post-type=\"page\">\n\t\t\t\t<div class=\"elementor-element elementor-element-7324bf4 e-con-full e-flex e-con e-parent\" data-id=\"7324bf4\" data-element_type=\"container\">\n\t\t\t\t<\/div>\n\t\t\t\t<\/div>","protected":false},"excerpt":{"rendered":"<p>Din korg \u00e4r f\u00f6r n\u00e4rvarande tom. \u00c5terg\u00e5 till butik<\/p>","protected":false},"author":1,"featured_media":0,"parent":0,"menu_order":0,"comment_status":"closed","ping_status":"closed","template":"","meta":{"footnotes":""},"class_list":["post-1496","page","type-page","status-publish","hentry"],"aioseo_notices":[],"_links":{"self":[{"href":"https:\/\/www.selfprotein.com\/sv\/wp-json\/wp\/v2\/pages\/1496"}],"collection":[{"href":"https:\/\/www.selfprotein.com\/sv\/wp-json\/wp\/v2\/pages"}],"about":[{"href":"https:\/\/www.selfprotein.com\/sv\/wp-json\/wp\/v2\/types\/page"}],"author":[{"embeddable":true,"href":"https:\/\/www.selfprotein.com\/sv\/wp-json\/wp\/v2\/users\/1"}],"replies":[{"embeddable":true,"href":"https:\/\/www.selfprotein.com\/sv\/wp-json\/wp\/v2\/comments?post=1496"}],"version-history":[{"count":51,"href":"https:\/\/www.selfprotein.com\/sv\/wp-json\/wp\/v2\/pages\/1496\/revisions"}],"predecessor-version":[{"id":6892,"href":"https:\/\/www.selfprotein.com\/sv\/wp-json\/wp\/v2\/pages\/1496\/revisions\/6892"}],"wp:attachment":[{"href":"https:\/\/www.selfprotein.com\/sv\/wp-json\/wp\/v2\/media?parent=1496"}],"curies":[{"name":"wp","href":"https:\/\/api.w.org\/{rel}","templated":true}]}}